{"id":20765,"date":"2025-01-29T01:46:59","date_gmt":"2025-01-29T06:46:59","guid":{"rendered":"https:\/\/scubapanama.com\/product\/ist-t16-o-linterna-led-3-c-celulas-naranja\/"},"modified":"2025-05-05T14:12:00","modified_gmt":"2025-05-05T19:12:00","slug":"ist-t16-o-linterna-led-3-c-celulas-naranja","status":"publish","type":"product","link":"https:\/\/scubapanama.com\/es\/product\/ist-t16-o-linterna-led-3-c-celulas-naranja\/","title":{"rendered":"IST LINTERNA LED 3 C &#8211; C\u00c9LULAS NARANJA (T16-O)"},"content":{"rendered":"<ul>\n<li><span style=\"vertical-align: inherit;\"><span style=\"vertical-align: inherit;\">Linterna de reserva de 3 vatios de tama\u00f1o pr\u00e1ctica con iluminaci\u00f3n eficaz.<\/span><\/span><\/li>\n<li><span style=\"vertical-align: inherit;\"><span style=\"vertical-align: inherit;\">El sistema de bloqueo del interruptor especialmente dise\u00f1ado evita la activaci\u00f3n accidental<\/span><\/span><\/li>\n<li><span style=\"vertical-align: inherit;\"><span style=\"vertical-align: inherit;\">El sello de doble junta t\u00f3rica proporciona seguridad adicional contra fugas.\u00a0<\/span><\/span><\/li>\n<li><span style=\"vertical-align: inherit;\"><span style=\"vertical-align: inherit;\">Reemplazo de bater\u00eda r\u00e1pido y f\u00e1cil<\/span><\/span><\/li>\n<li><span style=\"vertical-align: inherit;\"><span style=\"vertical-align: inherit;\">Carcasa de pl\u00e1stico resistente<\/span><\/span><\/li>\n<li><span style=\"vertical-align: inherit;\"><span style=\"vertical-align: inherit;\">Colores: BK, O<\/span><\/span><\/li>\n<li><span style=\"vertical-align: inherit;\"><span style=\"vertical-align: inherit;\">Aprobado por la CE.<\/span><\/span><\/li>\n<\/ul>\n<p><strong><span style=\"vertical-align: inherit;\"><span style=\"vertical-align: inherit;\">Material:<\/span><\/span><\/strong><\/p>\n<ul>\n<li><span style=\"vertical-align: inherit;\"><span style=\"vertical-align: inherit;\">Tiempo de combusti\u00f3n: 8 horas, dependiendo del modo de funcionamiento.<\/span><\/span><\/li>\n<li><span style=\"vertical-align: inherit;\"><span style=\"vertical-align: inherit;\">Vida \u00fatil del LED CREE: m\u00e1s de 10 000 horas<\/span><\/span><\/li>\n<li><span style=\"vertical-align: inherit;\"><span style=\"vertical-align: inherit;\">Dimensiones: 16 cm x 6 cm x 5 cm (6,2&#8243; x 2,4&#8243; x 2&#8243;)<\/span><\/span><\/li>\n<\/ul>\n<p><strong><span style=\"vertical-align: inherit;\"><span style=\"vertical-align: inherit;\">Tipo de bater\u00eda:<\/span><\/span><\/strong><\/p>\n<ul>\n<li><span style=\"vertical-align: inherit;\"><span style=\"vertical-align: inherit;\">Pilas de tama\u00f1o C x 3<\/span><\/span><\/li>\n<\/ul>\n","protected":false},"excerpt":{"rendered":"<p><span style=\"vertical-align: inherit;\"><span style=\"vertical-align: inherit;\">LINTERNA DE RESERVA CON UN SOLO LED DE ALTA POTENCIA DE 220 l\u00famenes.<\/span><\/span><\/p>\n","protected":false},"featured_media":24109,"comment_status":"open","ping_status":"closed","template":"","meta":{"iawp_total_views":6,"_joinchat":[]},"product_brand":[],"product_cat":[111],"product_tag":[218],"class_list":{"0":"post-20765","1":"product","2":"type-product","3":"status-publish","4":"has-post-thumbnail","6":"product_cat-tienda-online","7":"product_tag-ist-es","9":"first","10":"instock","11":"taxable","12":"shipping-taxable","13":"purchasable","14":"product-type-simple"},"booking_location":null,"booking_location_type":null,"booking_duration":null,"booking_duration_unit":null,"booking_buffer":null,"booking_cost":null,"booking_resources":null,"_links":{"self":[{"href":"https:\/\/scubapanama.com\/es\/wp-json\/wp\/v2\/product\/20765","targetHints":{"allow":["GET"]}}],"collection":[{"href":"https:\/\/scubapanama.com\/es\/wp-json\/wp\/v2\/product"}],"about":[{"href":"https:\/\/scubapanama.com\/es\/wp-json\/wp\/v2\/types\/product"}],"replies":[{"embeddable":true,"href":"https:\/\/scubapanama.com\/es\/wp-json\/wp\/v2\/comments?post=20765"}],"version-history":[{"count":4,"href":"https:\/\/scubapanama.com\/es\/wp-json\/wp\/v2\/product\/20765\/revisions"}],"predecessor-version":[{"id":25054,"href":"https:\/\/scubapanama.com\/es\/wp-json\/wp\/v2\/product\/20765\/revisions\/25054"}],"wp:featuredmedia":[{"embeddable":true,"href":"https:\/\/scubapanama.com\/es\/wp-json\/wp\/v2\/media\/24109"}],"wp:attachment":[{"href":"https:\/\/scubapanama.com\/es\/wp-json\/wp\/v2\/media?parent=20765"}],"wp:term":[{"taxonomy":"product_brand","embeddable":true,"href":"https:\/\/scubapanama.com\/es\/wp-json\/wp\/v2\/product_brand?post=20765"},{"taxonomy":"product_cat","embeddable":true,"href":"https:\/\/scubapanama.com\/es\/wp-json\/wp\/v2\/product_cat?post=20765"},{"taxonomy":"product_tag","embeddable":true,"href":"https:\/\/scubapanama.com\/es\/wp-json\/wp\/v2\/product_tag?post=20765"}],"curies":[{"name":"wp","href":"https:\/\/api.w.org\/{rel}","templated":true}]}}