{"id":20763,"date":"2025-01-29T01:46:52","date_gmt":"2025-01-29T06:46:52","guid":{"rendered":"https:\/\/scubapanama.com\/product\/ist-hdno130-s-capucha-3mm-pequena\/"},"modified":"2025-05-05T14:30:52","modified_gmt":"2025-05-05T19:30:52","slug":"ist-hdno130-s-capucha-3mm-pequena","status":"publish","type":"product","link":"https:\/\/scubapanama.com\/es\/product\/ist-hdno130-s-capucha-3mm-pequena\/","title":{"rendered":"IST CAPUCHA 3MM PEQUE\u00d1A (HDNO130-S)"},"content":{"rendered":"<p><span style=\"vertical-align: inherit;\">Hoy en d\u00eda, el entorno oce\u00e1nico est\u00e1 cada vez m\u00e1s contaminado por diversos factores. Por ejemplo, los pl\u00e1sticos marinos pueden proporcionar pocas fuentes de carbono org\u00e1nico combustible que algunas bacterias metabolizan. Esto nos ha llamado la atenci\u00f3n y nos ha impulsado a impulsar innovaciones ecol\u00f3gicas en toda la empresa que ofrecen mayor protecci\u00f3n a la ropa deportiva acu\u00e1tica. Nos enorgullece anunciar que ahora ofrecemos productos de neopreno con tejidos PURiGUARD, una serie de neopreno antibacteriano de IST que no solo protege contra bacterias, sino que tambi\u00e9n protege a los buceadores. Los tejidos PURiGUARD cuentan con un tratamiento con zinc incrustado. Los iones de zinc da\u00f1an el ADN de las c\u00e9lulas bacterianas e inhiben la formaci\u00f3n de prote\u00ednas, lo que destruye la actividad bacteriana y logra el efecto antibacteriano. Esta nueva tecnolog\u00eda trata permanentemente los textiles, inhibiendo simult\u00e1neamente las bacterias y el mal olor. Los tejidos PURiGUARD han obtenido una certificaci\u00f3n del 99% contra Staphylococcus aureus, otorgada por la mundialmente reconocida Asociaci\u00f3n Americana de Qu\u00edmicos y Coloristas Textiles (AATCC). Los tejidos PURiGUARD tambi\u00e9n protegen de los da\u00f1inos rayos UV con protecci\u00f3n UV UPF 50+.<\/span><\/p>\n<p><span style=\"vertical-align: inherit;\">Adem\u00e1s, las telas PURiGUARD ya no se ti\u00f1en en postproducci\u00f3n, lo que garantiza un ahorro de energ\u00eda del 40 % y un 60 % menor en el consumo de agua. Como resultado, reducimos el uso de productos qu\u00edmicos en un 60 % y las emisiones de carbono en un 41 %. Estas cifras no solo son significativas, sino tambi\u00e9n necesarias para impulsar nuestra agenda ecol\u00f3gica. Nuestro objetivo es seguir elevando el est\u00e1ndar de la industria con ropa protectora y sostenible para deportes acu\u00e1ticos. Con la tecnolog\u00eda antibacteriana ejecutiva de IST, podemos lograr f\u00e1cilmente soluciones de fabricaci\u00f3n multiusos antibacterianas, sin olores, con protecci\u00f3n UV y ecol\u00f3gicas.<\/span><\/p>\n","protected":false},"excerpt":{"rendered":"<p>Los tejidos PURiGUARD cuentan con un tratamiento con zinc incrustado.<\/p>\n","protected":false},"featured_media":23684,"comment_status":"open","ping_status":"closed","template":"","meta":{"iawp_total_views":1,"_joinchat":[]},"product_brand":[],"product_cat":[111],"product_tag":[218],"class_list":{"0":"post-20763","1":"product","2":"type-product","3":"status-publish","4":"has-post-thumbnail","6":"product_cat-tienda-online","7":"product_tag-ist-es","9":"first","10":"instock","11":"taxable","12":"shipping-taxable","13":"purchasable","14":"product-type-simple"},"booking_location":null,"booking_location_type":null,"booking_duration":null,"booking_duration_unit":null,"booking_buffer":null,"booking_cost":null,"booking_resources":null,"_links":{"self":[{"href":"https:\/\/scubapanama.com\/es\/wp-json\/wp\/v2\/product\/20763","targetHints":{"allow":["GET"]}}],"collection":[{"href":"https:\/\/scubapanama.com\/es\/wp-json\/wp\/v2\/product"}],"about":[{"href":"https:\/\/scubapanama.com\/es\/wp-json\/wp\/v2\/types\/product"}],"replies":[{"embeddable":true,"href":"https:\/\/scubapanama.com\/es\/wp-json\/wp\/v2\/comments?post=20763"}],"version-history":[{"count":3,"href":"https:\/\/scubapanama.com\/es\/wp-json\/wp\/v2\/product\/20763\/revisions"}],"predecessor-version":[{"id":25066,"href":"https:\/\/scubapanama.com\/es\/wp-json\/wp\/v2\/product\/20763\/revisions\/25066"}],"wp:featuredmedia":[{"embeddable":true,"href":"https:\/\/scubapanama.com\/es\/wp-json\/wp\/v2\/media\/23684"}],"wp:attachment":[{"href":"https:\/\/scubapanama.com\/es\/wp-json\/wp\/v2\/media?parent=20763"}],"wp:term":[{"taxonomy":"product_brand","embeddable":true,"href":"https:\/\/scubapanama.com\/es\/wp-json\/wp\/v2\/product_brand?post=20763"},{"taxonomy":"product_cat","embeddable":true,"href":"https:\/\/scubapanama.com\/es\/wp-json\/wp\/v2\/product_cat?post=20763"},{"taxonomy":"product_tag","embeddable":true,"href":"https:\/\/scubapanama.com\/es\/wp-json\/wp\/v2\/product_tag?post=20763"}],"curies":[{"name":"wp","href":"https:\/\/api.w.org\/{rel}","templated":true}]}}