{"id":20762,"date":"2025-01-29T01:47:05","date_gmt":"2025-01-29T06:47:05","guid":{"rendered":"https:\/\/scubapanama.com\/product\/modulo-de-brujula-giratoria-oceanic-04-1050\/"},"modified":"2025-05-21T10:45:47","modified_gmt":"2025-05-21T15:45:47","slug":"modulo-de-brujula-giratoria-oceanic-04-1050","status":"publish","type":"product","link":"https:\/\/scubapanama.com\/es\/product\/modulo-de-brujula-giratoria-oceanic-04-1050\/","title":{"rendered":"OCEANIC M\u00d3DULO DE BR\u00daJULA GIRATORIA (04.1050)"},"content":{"rendered":"<p>Para una navegaci\u00f3n submarina confiable, la br\u00fajula SideScan es dif\u00edcil de superar. Los indicadores de rodamientos grandes y f\u00e1ciles de leer en nuestra tarjeta flotante luminiscente OceanGlo extremadamente brillante hacen un trabajo r\u00e1pido de navegaci\u00f3n, especialmente en visibilidad limitada<\/p>\n","protected":false},"excerpt":{"rendered":"<p>Para una navegaci\u00f3n submarina confiable, la br\u00fajula SideScan es dif\u00edcil de superar.<\/p>\n","protected":false},"featured_media":23270,"comment_status":"open","ping_status":"closed","template":"","meta":{"iawp_total_views":4,"_joinchat":[]},"product_brand":[],"product_cat":[111],"product_tag":[179,126],"class_list":{"0":"post-20762","1":"product","2":"type-product","3":"status-publish","4":"has-post-thumbnail","6":"product_cat-tienda-online","7":"product_tag-compass-es","8":"product_tag-oceanic-es","10":"first","11":"instock","12":"taxable","13":"shipping-taxable","14":"purchasable","15":"product-type-simple"},"booking_location":null,"booking_location_type":null,"booking_duration":null,"booking_duration_unit":null,"booking_buffer":null,"booking_cost":null,"booking_resources":null,"_links":{"self":[{"href":"https:\/\/scubapanama.com\/es\/wp-json\/wp\/v2\/product\/20762","targetHints":{"allow":["GET"]}}],"collection":[{"href":"https:\/\/scubapanama.com\/es\/wp-json\/wp\/v2\/product"}],"about":[{"href":"https:\/\/scubapanama.com\/es\/wp-json\/wp\/v2\/types\/product"}],"replies":[{"embeddable":true,"href":"https:\/\/scubapanama.com\/es\/wp-json\/wp\/v2\/comments?post=20762"}],"version-history":[{"count":4,"href":"https:\/\/scubapanama.com\/es\/wp-json\/wp\/v2\/product\/20762\/revisions"}],"predecessor-version":[{"id":29968,"href":"https:\/\/scubapanama.com\/es\/wp-json\/wp\/v2\/product\/20762\/revisions\/29968"}],"wp:featuredmedia":[{"embeddable":true,"href":"https:\/\/scubapanama.com\/es\/wp-json\/wp\/v2\/media\/23270"}],"wp:attachment":[{"href":"https:\/\/scubapanama.com\/es\/wp-json\/wp\/v2\/media?parent=20762"}],"wp:term":[{"taxonomy":"product_brand","embeddable":true,"href":"https:\/\/scubapanama.com\/es\/wp-json\/wp\/v2\/product_brand?post=20762"},{"taxonomy":"product_cat","embeddable":true,"href":"https:\/\/scubapanama.com\/es\/wp-json\/wp\/v2\/product_cat?post=20762"},{"taxonomy":"product_tag","embeddable":true,"href":"https:\/\/scubapanama.com\/es\/wp-json\/wp\/v2\/product_tag?post=20762"}],"curies":[{"name":"wp","href":"https:\/\/api.w.org\/{rel}","templated":true}]}}