{"id":20761,"date":"2025-01-29T01:47:05","date_gmt":"2025-01-29T06:47:05","guid":{"rendered":"https:\/\/scubapanama.com\/product\/oceanic-04-1660-modulo-de-profundidad-maxima\/"},"modified":"2025-04-25T10:16:41","modified_gmt":"2025-04-25T15:16:41","slug":"oceanic-04-1660-modulo-de-profundidad-maxima","status":"publish","type":"product","link":"https:\/\/scubapanama.com\/es\/product\/oceanic-04-1660-modulo-de-profundidad-maxima\/","title":{"rendered":"OCEANIC M\u00d3DULO DE PROFUNDIDAD M\u00c1XIMA (04.1660)"},"content":{"rendered":"<p><span>El profund\u00edmetro Oceanic SWIV Max-Depth cuenta con una aguja indicadora de profundidad m\u00e1xima que marca la profundidad m\u00e1xima alcanzada durante una inmersi\u00f3n. Esta funci\u00f3n es \u00fatil para registrar informaci\u00f3n de inmersi\u00f3n, proporcionando informaci\u00f3n clave para inmersiones repetitivas. El profund\u00edmetro est\u00e1 codificado por colores para una lectura f\u00e1cil y segura de un vistazo. Tiene una lectura de 0 a 60 metros con indicadores rojos de seguridad a 0 y 3 metros para paradas de seguridad. Para profundidades superiores a los l\u00edmites de buceo deportivo (30 a 60 metros), el fondo tambi\u00e9n est\u00e1 codificado por colores en rojo. Para una mayor seguridad en el buceo, el fondo de las profundidades de 0 a 18 metros est\u00e1 codificado por colores en verde, con una zona de precauci\u00f3n amarilla de 18 a 30 metros.<\/span><\/p>\n<p><span>El dise\u00f1o de diafragma lleno de aire del medidor de profundidad m\u00e1xima Oceanic permite una escala superficial ampliada para una mejor legibilidad en profundidades de buceo deportivo. Los medidores de profundidad incorporan pantallas luminosas OceanGlo de Oceanic, que absorben la luz siete veces m\u00e1s r\u00e1pido y durante m\u00e1s tiempo que otros materiales fluorescentes, lo que mejora la legibilidad del medidor de profundidad m\u00e1xima.<\/span><\/p>\n","protected":false},"excerpt":{"rendered":"<p><span>El profund\u00edmetro Oceanic SWIV Max-Depth cuenta con una aguja indicadora de profundidad m\u00e1xima que marca la profundidad m\u00e1xima alcanzada durante una inmersi\u00f3n. <\/span><\/p>\n","protected":false},"featured_media":23274,"comment_status":"open","ping_status":"closed","template":"","meta":{"iawp_total_views":1,"_joinchat":[]},"product_brand":[],"product_cat":[111],"product_tag":[126],"class_list":{"0":"post-20761","1":"product","2":"type-product","3":"status-publish","4":"has-post-thumbnail","6":"product_cat-tienda-online","7":"product_tag-oceanic-es","9":"first","10":"instock","11":"taxable","12":"shipping-taxable","13":"purchasable","14":"product-type-simple"},"booking_location":null,"booking_location_type":null,"booking_duration":null,"booking_duration_unit":null,"booking_buffer":null,"booking_cost":null,"booking_resources":null,"_links":{"self":[{"href":"https:\/\/scubapanama.com\/es\/wp-json\/wp\/v2\/product\/20761","targetHints":{"allow":["GET"]}}],"collection":[{"href":"https:\/\/scubapanama.com\/es\/wp-json\/wp\/v2\/product"}],"about":[{"href":"https:\/\/scubapanama.com\/es\/wp-json\/wp\/v2\/types\/product"}],"replies":[{"embeddable":true,"href":"https:\/\/scubapanama.com\/es\/wp-json\/wp\/v2\/comments?post=20761"}],"version-history":[{"count":3,"href":"https:\/\/scubapanama.com\/es\/wp-json\/wp\/v2\/product\/20761\/revisions"}],"predecessor-version":[{"id":23496,"href":"https:\/\/scubapanama.com\/es\/wp-json\/wp\/v2\/product\/20761\/revisions\/23496"}],"wp:featuredmedia":[{"embeddable":true,"href":"https:\/\/scubapanama.com\/es\/wp-json\/wp\/v2\/media\/23274"}],"wp:attachment":[{"href":"https:\/\/scubapanama.com\/es\/wp-json\/wp\/v2\/media?parent=20761"}],"wp:term":[{"taxonomy":"product_brand","embeddable":true,"href":"https:\/\/scubapanama.com\/es\/wp-json\/wp\/v2\/product_brand?post=20761"},{"taxonomy":"product_cat","embeddable":true,"href":"https:\/\/scubapanama.com\/es\/wp-json\/wp\/v2\/product_cat?post=20761"},{"taxonomy":"product_tag","embeddable":true,"href":"https:\/\/scubapanama.com\/es\/wp-json\/wp\/v2\/product_tag?post=20761"}],"curies":[{"name":"wp","href":"https:\/\/api.w.org\/{rel}","templated":true}]}}