{"id":20757,"date":"2025-01-29T01:47:05","date_gmt":"2025-01-29T06:47:05","guid":{"rendered":"https:\/\/scubapanama.com\/product\/oceanic-05-4000-24-mascara-sombra-correa-neo-blanca\/"},"modified":"2025-04-25T10:10:40","modified_gmt":"2025-04-25T15:10:40","slug":"oceanic-05-4000-24-mascara-sombra-correa-neo-blanca","status":"publish","type":"product","link":"https:\/\/scubapanama.com\/es\/product\/oceanic-05-4000-24-mascara-sombra-correa-neo-blanca\/","title":{"rendered":"OCEANIC MASCARA SOMBRA CORREA NEO BLANCA (05.4000.24)"},"content":{"rendered":"<p><strong><span>M\u00e1scara que te mantiene concentrado.<\/span><\/strong><span>\u00a0La M\u00e1scara Shadow cuenta con un elegante fald\u00f3n de silicona l\u00edquida 100 % que se fija directamente a la lente de vidrio templado. Al no tener marco, la M\u00e1scara Shadow ofrece un campo de visi\u00f3n incre\u00edble y se pliega completamente.<\/span><\/p>\n","protected":false},"excerpt":{"rendered":"<p><strong><span>M\u00e1scara que te mantiene concentrado.<\/span><\/strong><span>La M\u00e1scara Shadow cuenta con un elegante fald\u00f3n de silicona l\u00edquida 100 % que se fija directamente a la lente de vidrio templado.<\/span><\/p>\n","protected":false},"featured_media":23290,"comment_status":"open","ping_status":"closed","template":"","meta":{"iawp_total_views":2,"_joinchat":[]},"product_brand":[],"product_cat":[111],"product_tag":[126],"class_list":{"0":"post-20757","1":"product","2":"type-product","3":"status-publish","4":"has-post-thumbnail","6":"product_cat-tienda-online","7":"product_tag-oceanic-es","9":"first","10":"instock","11":"taxable","12":"shipping-taxable","13":"purchasable","14":"product-type-simple"},"booking_location":null,"booking_location_type":null,"booking_duration":null,"booking_duration_unit":null,"booking_buffer":null,"booking_cost":null,"booking_resources":null,"_links":{"self":[{"href":"https:\/\/scubapanama.com\/es\/wp-json\/wp\/v2\/product\/20757","targetHints":{"allow":["GET"]}}],"collection":[{"href":"https:\/\/scubapanama.com\/es\/wp-json\/wp\/v2\/product"}],"about":[{"href":"https:\/\/scubapanama.com\/es\/wp-json\/wp\/v2\/types\/product"}],"replies":[{"embeddable":true,"href":"https:\/\/scubapanama.com\/es\/wp-json\/wp\/v2\/comments?post=20757"}],"version-history":[{"count":2,"href":"https:\/\/scubapanama.com\/es\/wp-json\/wp\/v2\/product\/20757\/revisions"}],"predecessor-version":[{"id":23484,"href":"https:\/\/scubapanama.com\/es\/wp-json\/wp\/v2\/product\/20757\/revisions\/23484"}],"wp:featuredmedia":[{"embeddable":true,"href":"https:\/\/scubapanama.com\/es\/wp-json\/wp\/v2\/media\/23290"}],"wp:attachment":[{"href":"https:\/\/scubapanama.com\/es\/wp-json\/wp\/v2\/media?parent=20757"}],"wp:term":[{"taxonomy":"product_brand","embeddable":true,"href":"https:\/\/scubapanama.com\/es\/wp-json\/wp\/v2\/product_brand?post=20757"},{"taxonomy":"product_cat","embeddable":true,"href":"https:\/\/scubapanama.com\/es\/wp-json\/wp\/v2\/product_cat?post=20757"},{"taxonomy":"product_tag","embeddable":true,"href":"https:\/\/scubapanama.com\/es\/wp-json\/wp\/v2\/product_tag?post=20757"}],"curies":[{"name":"wp","href":"https:\/\/api.w.org\/{rel}","templated":true}]}}