{"id":20752,"date":"2025-01-29T01:47:07","date_gmt":"2025-01-29T06:47:07","guid":{"rendered":"https:\/\/scubapanama.com\/product\/oceanic-40-3544-18-alfa-9-pulpo\/"},"modified":"2025-04-25T09:55:02","modified_gmt":"2025-04-25T14:55:02","slug":"oceanic-40-3544-18-alfa-9-pulpo","status":"publish","type":"product","link":"https:\/\/scubapanama.com\/es\/product\/oceanic-40-3544-18-alfa-9-pulpo\/","title":{"rendered":"OCEANIC ALFA 9 PULPO (40.3544.18)"},"content":{"rendered":"<p>Ten\u00edamos planificado dise\u00f1ar un regulador sencillo, fiable y econ\u00f3mico. La buena sorpresa fue que \u00e9ste super\u00f3 a muchos otros reguladores de gama alta! De hecho, es m\u00e1s que una proeza realizada para este regulador pensado inicialmente como equipo est\u00e1ndar. Con el Alpha 9, usted obtendr\u00e1 una inhalaci\u00f3n sin esfuerzo en un cuerpo extremadamente robusto de dise\u00f1o compacto, y de mantenenimiento barato y sencillo.<\/p>\n<p>Si usted piensa que se puede harmonizar performancia y precio econ\u00f3mico, el Alpha 9 es el regulador adecuado. Se trata del mejor regulador de su gama, ya disponible a la venta a un precio muy asequible.<\/p>\n","protected":false},"excerpt":{"rendered":"<p>Ten\u00edamos planificado dise\u00f1ar un regulador sencillo, fiable y econ\u00f3mico.<\/p>\n","protected":false},"featured_media":23244,"comment_status":"open","ping_status":"closed","template":"","meta":{"iawp_total_views":3,"_joinchat":[]},"product_brand":[],"product_cat":[111],"product_tag":[126],"class_list":{"0":"post-20752","1":"product","2":"type-product","3":"status-publish","4":"has-post-thumbnail","6":"product_cat-tienda-online","7":"product_tag-oceanic-es","9":"first","10":"onbackorder","11":"taxable","12":"shipping-taxable","13":"purchasable","14":"product-type-simple"},"booking_location":null,"booking_location_type":null,"booking_duration":null,"booking_duration_unit":null,"booking_buffer":null,"booking_cost":null,"booking_resources":null,"_links":{"self":[{"href":"https:\/\/scubapanama.com\/es\/wp-json\/wp\/v2\/product\/20752","targetHints":{"allow":["GET"]}}],"collection":[{"href":"https:\/\/scubapanama.com\/es\/wp-json\/wp\/v2\/product"}],"about":[{"href":"https:\/\/scubapanama.com\/es\/wp-json\/wp\/v2\/types\/product"}],"replies":[{"embeddable":true,"href":"https:\/\/scubapanama.com\/es\/wp-json\/wp\/v2\/comments?post=20752"}],"version-history":[{"count":2,"href":"https:\/\/scubapanama.com\/es\/wp-json\/wp\/v2\/product\/20752\/revisions"}],"predecessor-version":[{"id":23470,"href":"https:\/\/scubapanama.com\/es\/wp-json\/wp\/v2\/product\/20752\/revisions\/23470"}],"wp:featuredmedia":[{"embeddable":true,"href":"https:\/\/scubapanama.com\/es\/wp-json\/wp\/v2\/media\/23244"}],"wp:attachment":[{"href":"https:\/\/scubapanama.com\/es\/wp-json\/wp\/v2\/media?parent=20752"}],"wp:term":[{"taxonomy":"product_brand","embeddable":true,"href":"https:\/\/scubapanama.com\/es\/wp-json\/wp\/v2\/product_brand?post=20752"},{"taxonomy":"product_cat","embeddable":true,"href":"https:\/\/scubapanama.com\/es\/wp-json\/wp\/v2\/product_cat?post=20752"},{"taxonomy":"product_tag","embeddable":true,"href":"https:\/\/scubapanama.com\/es\/wp-json\/wp\/v2\/product_tag?post=20752"}],"curies":[{"name":"wp","href":"https:\/\/api.w.org\/{rel}","templated":true}]}}