{"id":20748,"date":"2025-01-29T01:47:07","date_gmt":"2025-01-29T06:47:07","guid":{"rendered":"https:\/\/scubapanama.com\/product\/oceano-40-3744-18-alfa-10-pulpo\/"},"modified":"2025-05-21T10:54:43","modified_gmt":"2025-05-21T15:54:43","slug":"oceano-40-3744-18-alfa-10-pulpo","status":"publish","type":"product","link":"https:\/\/scubapanama.com\/es\/product\/oceano-40-3744-18-alfa-10-pulpo\/","title":{"rendered":"OCEANIC ALFA 10 PULPO (40.3744.18)"},"content":{"rendered":"<p>Respire sin esfuerzo Alpha 10 Octo le ofrece la misma respiraci\u00f3n sin esfuerzo, con su v\u00e1lvula de demanda equilibrada neum\u00e1ticamente y su dise\u00f1o sencillo y refinado. Exhale un suspiro de alivio con este rendimiento resistente, reconocible y fiable.<\/p>\n","protected":false},"excerpt":{"rendered":"<p>Respire sin esfuerzo Alpha 10 Octo le ofrece la misma respiraci\u00f3n sin esfuerzo, con su v\u00e1lvula de demanda equilibrada neum\u00e1ticamente y su dise\u00f1o sencillo y refinado.<\/p>\n","protected":false},"featured_media":23252,"comment_status":"open","ping_status":"closed","template":"","meta":{"iawp_total_views":1,"_joinchat":[]},"product_brand":[],"product_cat":[111],"product_tag":[126],"class_list":{"0":"post-20748","1":"product","2":"type-product","3":"status-publish","4":"has-post-thumbnail","6":"product_cat-tienda-online","7":"product_tag-oceanic-es","9":"first","10":"onbackorder","11":"taxable","12":"shipping-taxable","13":"purchasable","14":"product-type-simple"},"booking_location":null,"booking_location_type":null,"booking_duration":null,"booking_duration_unit":null,"booking_buffer":null,"booking_cost":null,"booking_resources":null,"_links":{"self":[{"href":"https:\/\/scubapanama.com\/es\/wp-json\/wp\/v2\/product\/20748","targetHints":{"allow":["GET"]}}],"collection":[{"href":"https:\/\/scubapanama.com\/es\/wp-json\/wp\/v2\/product"}],"about":[{"href":"https:\/\/scubapanama.com\/es\/wp-json\/wp\/v2\/types\/product"}],"replies":[{"embeddable":true,"href":"https:\/\/scubapanama.com\/es\/wp-json\/wp\/v2\/comments?post=20748"}],"version-history":[{"count":4,"href":"https:\/\/scubapanama.com\/es\/wp-json\/wp\/v2\/product\/20748\/revisions"}],"predecessor-version":[{"id":29993,"href":"https:\/\/scubapanama.com\/es\/wp-json\/wp\/v2\/product\/20748\/revisions\/29993"}],"wp:featuredmedia":[{"embeddable":true,"href":"https:\/\/scubapanama.com\/es\/wp-json\/wp\/v2\/media\/23252"}],"wp:attachment":[{"href":"https:\/\/scubapanama.com\/es\/wp-json\/wp\/v2\/media?parent=20748"}],"wp:term":[{"taxonomy":"product_brand","embeddable":true,"href":"https:\/\/scubapanama.com\/es\/wp-json\/wp\/v2\/product_brand?post=20748"},{"taxonomy":"product_cat","embeddable":true,"href":"https:\/\/scubapanama.com\/es\/wp-json\/wp\/v2\/product_cat?post=20748"},{"taxonomy":"product_tag","embeddable":true,"href":"https:\/\/scubapanama.com\/es\/wp-json\/wp\/v2\/product_tag?post=20748"}],"curies":[{"name":"wp","href":"https:\/\/api.w.org\/{rel}","templated":true}]}}