{"id":20747,"date":"2025-01-29T01:47:07","date_gmt":"2025-01-29T06:47:07","guid":{"rendered":"https:\/\/scubapanama.com\/product\/octopus\/"},"modified":"2025-05-21T10:53:19","modified_gmt":"2025-05-21T15:53:19","slug":"octopus","status":"publish","type":"product","link":"https:\/\/scubapanama.com\/es\/product\/octopus\/","title":{"rendered":"SHERWOOD OCTOPUS (SR9952)"},"content":{"rendered":"<p>Dise\u00f1ado meticulosamente para un rendimiento respiratorio excepcional, el cuerpo de v\u00e1lvula neum\u00e1tica balanceada del Sherwood Octo garantiza una experiencia de buceo superior, especialmente para buceadores principiantes. Confiado durante d\u00e9cadas como la mejor opci\u00f3n para alquileres, el Sherwood Octo combina simplicidad, fiabilidad y f\u00e1cil mantenimiento, lo que lo convierte en el compa\u00f1ero perfecto para buceadores de todos los niveles. Eleve sus aventuras submarinas con la garant\u00eda de una calidad superior.<\/p>\n","protected":false},"excerpt":{"rendered":"<p>Dise\u00f1ado meticulosamente para un rendimiento respiratorio excepcional, el cuerpo de v\u00e1lvula neum\u00e1tica balanceada del Sherwood Octo garantiza una experiencia de buceo superior, especialmente para buceadores principiantes.<\/p>\n","protected":false},"featured_media":25213,"comment_status":"open","ping_status":"closed","template":"","meta":{"iawp_total_views":7,"_joinchat":[]},"product_brand":[],"product_cat":[111],"product_tag":[156,228],"class_list":{"0":"post-20747","1":"product","2":"type-product","3":"status-publish","4":"has-post-thumbnail","6":"product_cat-tienda-online","7":"product_tag-octopus-es","8":"product_tag-sherwood-es","10":"first","11":"instock","12":"taxable","13":"shipping-taxable","14":"purchasable","15":"product-type-simple"},"booking_location":null,"booking_location_type":null,"booking_duration":null,"booking_duration_unit":null,"booking_buffer":null,"booking_cost":null,"booking_resources":null,"_links":{"self":[{"href":"https:\/\/scubapanama.com\/es\/wp-json\/wp\/v2\/product\/20747","targetHints":{"allow":["GET"]}}],"collection":[{"href":"https:\/\/scubapanama.com\/es\/wp-json\/wp\/v2\/product"}],"about":[{"href":"https:\/\/scubapanama.com\/es\/wp-json\/wp\/v2\/types\/product"}],"replies":[{"embeddable":true,"href":"https:\/\/scubapanama.com\/es\/wp-json\/wp\/v2\/comments?post=20747"}],"version-history":[{"count":4,"href":"https:\/\/scubapanama.com\/es\/wp-json\/wp\/v2\/product\/20747\/revisions"}],"predecessor-version":[{"id":29990,"href":"https:\/\/scubapanama.com\/es\/wp-json\/wp\/v2\/product\/20747\/revisions\/29990"}],"wp:featuredmedia":[{"embeddable":true,"href":"https:\/\/scubapanama.com\/es\/wp-json\/wp\/v2\/media\/25213"}],"wp:attachment":[{"href":"https:\/\/scubapanama.com\/es\/wp-json\/wp\/v2\/media?parent=20747"}],"wp:term":[{"taxonomy":"product_brand","embeddable":true,"href":"https:\/\/scubapanama.com\/es\/wp-json\/wp\/v2\/product_brand?post=20747"},{"taxonomy":"product_cat","embeddable":true,"href":"https:\/\/scubapanama.com\/es\/wp-json\/wp\/v2\/product_cat?post=20747"},{"taxonomy":"product_tag","embeddable":true,"href":"https:\/\/scubapanama.com\/es\/wp-json\/wp\/v2\/product_tag?post=20747"}],"curies":[{"name":"wp","href":"https:\/\/api.w.org\/{rel}","templated":true}]}}