{"id":20746,"date":"2025-01-29T01:47:10","date_gmt":"2025-01-29T06:47:10","guid":{"rendered":"https:\/\/scubapanama.com\/product\/scubapro-05-046-240-2-g-cons-aladin-sport-mx-pgpsi\/"},"modified":"2025-04-21T16:13:58","modified_gmt":"2025-04-21T21:13:58","slug":"scubapro-05-046-240-2-g-cons-aladin-sport-mx-pgpsi","status":"publish","type":"product","link":"https:\/\/scubapanama.com\/es\/product\/scubapro-05-046-240-2-g-cons-aladin-sport-mx-pgpsi\/","title":{"rendered":"SCUBAPRO 2-G CONS ALADIN SPORT MX PGPSI (05.046.240)"},"content":{"rendered":"<p>Con una placa frontal plateada met\u00e1lica y una pantalla de f\u00e1cil lectura, el SCUBAPRO Aladin SPORT (Matrix) est\u00e1 dirigido tanto a buceadores que buscan funciones multigas como a buceadores recreativos que valoran un ordenador de buceo con caracter\u00edsticas que les permitan progresar en su disciplina. La pantalla del ordenador cuenta con una pantalla LCD segmentada de f\u00e1cil lectura en las filas superior e intermedia, adem\u00e1s de una atractiva pantalla matricial en la fila inferior, donde tambi\u00e9n encontrar\u00e1 una br\u00fajula digital integrada f\u00e1cil de usar. El Aladin SPORT (Matrix) ofrece tres modos de funcionamiento: buceo, apnea y profund\u00edmetro, y est\u00e1 disponible con soporte de mu\u00f1eca o como c\u00e1psula en una consola de dos profund\u00edmetros.<\/p>\n","protected":false},"excerpt":{"rendered":"<p>Con una placa frontal plateada met\u00e1lica y una pantalla de f\u00e1cil lectura, el SCUBAPRO Aladin SPORT (Matrix) est\u00e1 dirigido tanto a buceadores que buscan funciones multigas como a buceadores recreativos que valoran un ordenador de buceo con caracter\u00edsticas que les permitan progresar en su disciplina.<\/p>\n","protected":false},"featured_media":22166,"comment_status":"open","ping_status":"closed","template":"","meta":{"iawp_total_views":0,"_joinchat":[]},"product_brand":[],"product_cat":[111],"product_tag":[153],"class_list":{"0":"post-20746","1":"product","2":"type-product","3":"status-publish","4":"has-post-thumbnail","6":"product_cat-tienda-online","7":"product_tag-scubapro-es","9":"first","10":"instock","11":"taxable","12":"shipping-taxable","13":"purchasable","14":"product-type-simple"},"booking_location":null,"booking_location_type":null,"booking_duration":null,"booking_duration_unit":null,"booking_buffer":null,"booking_cost":null,"booking_resources":null,"_links":{"self":[{"href":"https:\/\/scubapanama.com\/es\/wp-json\/wp\/v2\/product\/20746","targetHints":{"allow":["GET"]}}],"collection":[{"href":"https:\/\/scubapanama.com\/es\/wp-json\/wp\/v2\/product"}],"about":[{"href":"https:\/\/scubapanama.com\/es\/wp-json\/wp\/v2\/types\/product"}],"replies":[{"embeddable":true,"href":"https:\/\/scubapanama.com\/es\/wp-json\/wp\/v2\/comments?post=20746"}],"version-history":[{"count":3,"href":"https:\/\/scubapanama.com\/es\/wp-json\/wp\/v2\/product\/20746\/revisions"}],"predecessor-version":[{"id":22863,"href":"https:\/\/scubapanama.com\/es\/wp-json\/wp\/v2\/product\/20746\/revisions\/22863"}],"wp:featuredmedia":[{"embeddable":true,"href":"https:\/\/scubapanama.com\/es\/wp-json\/wp\/v2\/media\/22166"}],"wp:attachment":[{"href":"https:\/\/scubapanama.com\/es\/wp-json\/wp\/v2\/media?parent=20746"}],"wp:term":[{"taxonomy":"product_brand","embeddable":true,"href":"https:\/\/scubapanama.com\/es\/wp-json\/wp\/v2\/product_brand?post=20746"},{"taxonomy":"product_cat","embeddable":true,"href":"https:\/\/scubapanama.com\/es\/wp-json\/wp\/v2\/product_cat?post=20746"},{"taxonomy":"product_tag","embeddable":true,"href":"https:\/\/scubapanama.com\/es\/wp-json\/wp\/v2\/product_tag?post=20746"}],"curies":[{"name":"wp","href":"https:\/\/api.w.org\/{rel}","templated":true}]}}