{"id":20743,"date":"2025-01-29T01:47:09","date_gmt":"2025-01-29T06:47:09","guid":{"rendered":"https:\/\/scubapanama.com\/product\/s-perlas-termo-va100-30a-valvula-k-aire-3000psi\/"},"modified":"2025-05-14T11:03:54","modified_gmt":"2025-05-14T16:03:54","slug":"s-perlas-termo-va100-30a-valvula-k-aire-3000psi","status":"publish","type":"product","link":"https:\/\/scubapanama.com\/es\/product\/s-perlas-termo-va100-30a-valvula-k-aire-3000psi\/","title":{"rendered":"S. PERLAS TERMO VA100-30A V\u00c1LVULA K AIRE (3000PSI)"},"content":{"rendered":"<p><span>Su calidad, fiabilidad y reputaci\u00f3n han convertido a esta v\u00e1lvula en la m\u00e1s popular y utilizada para cilindros de buceo en el mundo. La v\u00e1lvula Thermo K es utilizada por m\u00e1s distribuidores, complejos tur\u00edsticos y operadores de embarcaciones que cualquier otra. Conf\u00ede en la v\u00e1lvula que usan los profesionales.<\/span><\/p>\n<ul>\n<li><span>Salida de yugo est\u00e1ndar<\/span><\/li>\n<li><span>Roscas de entrada est\u00e1ndar de 3\/4&#8243;-14 NPSM<\/span><\/li>\n<li><span>Solo servicio a\u00e9reo<\/span><\/li>\n<li><b><span>PRECAUCI\u00d3N:<\/span><\/b><span>\u00a0Nunca utilice este producto con ning\u00fan gas cuya concentraci\u00f3n de ox\u00edgeno supere el 21 %. El incumplimiento de esta advertencia podr\u00eda provocar incendios, explosiones, lesiones o la muerte.<\/span><\/li>\n<\/ul>\n","protected":false},"excerpt":{"rendered":"<p>Su calidad, fiabilidad y reputaci\u00f3n han convertido a esta v\u00e1lvula en la m\u00e1s popular y utilizada para cilindros de buceo en el mundo.<\/p>\n","protected":false},"featured_media":27567,"comment_status":"open","ping_status":"closed","template":"","meta":{"iawp_total_views":3,"_joinchat":[]},"product_brand":[],"product_cat":[111],"product_tag":[268,220],"class_list":{"0":"post-20743","1":"product","2":"type-product","3":"status-publish","4":"has-post-thumbnail","6":"product_cat-tienda-online","7":"product_tag-s-pearls-es","8":"product_tag-valvula","10":"first","11":"instock","12":"taxable","13":"shipping-taxable","14":"purchasable","15":"product-type-simple"},"booking_location":null,"booking_location_type":null,"booking_duration":null,"booking_duration_unit":null,"booking_buffer":null,"booking_cost":null,"booking_resources":null,"_links":{"self":[{"href":"https:\/\/scubapanama.com\/es\/wp-json\/wp\/v2\/product\/20743","targetHints":{"allow":["GET"]}}],"collection":[{"href":"https:\/\/scubapanama.com\/es\/wp-json\/wp\/v2\/product"}],"about":[{"href":"https:\/\/scubapanama.com\/es\/wp-json\/wp\/v2\/types\/product"}],"replies":[{"embeddable":true,"href":"https:\/\/scubapanama.com\/es\/wp-json\/wp\/v2\/comments?post=20743"}],"version-history":[{"count":3,"href":"https:\/\/scubapanama.com\/es\/wp-json\/wp\/v2\/product\/20743\/revisions"}],"predecessor-version":[{"id":27570,"href":"https:\/\/scubapanama.com\/es\/wp-json\/wp\/v2\/product\/20743\/revisions\/27570"}],"wp:featuredmedia":[{"embeddable":true,"href":"https:\/\/scubapanama.com\/es\/wp-json\/wp\/v2\/media\/27567"}],"wp:attachment":[{"href":"https:\/\/scubapanama.com\/es\/wp-json\/wp\/v2\/media?parent=20743"}],"wp:term":[{"taxonomy":"product_brand","embeddable":true,"href":"https:\/\/scubapanama.com\/es\/wp-json\/wp\/v2\/product_brand?post=20743"},{"taxonomy":"product_cat","embeddable":true,"href":"https:\/\/scubapanama.com\/es\/wp-json\/wp\/v2\/product_cat?post=20743"},{"taxonomy":"product_tag","embeddable":true,"href":"https:\/\/scubapanama.com\/es\/wp-json\/wp\/v2\/product_tag?post=20743"}],"curies":[{"name":"wp","href":"https:\/\/api.w.org\/{rel}","templated":true}]}}