{"id":20742,"date":"2025-01-29T01:47:10","date_gmt":"2025-01-29T06:47:10","guid":{"rendered":"https:\/\/scubapanama.com\/product\/scubapro-11-330-400-r95-octopus\/"},"modified":"2025-04-21T16:11:05","modified_gmt":"2025-04-21T21:11:05","slug":"scubapro-11-330-400-r95-octopus","status":"publish","type":"product","link":"https:\/\/scubapanama.com\/es\/product\/scubapro-11-330-400-r95-octopus\/","title":{"rendered":"SCUBAPRO R95 OCTOPUS (11.330.400)"},"content":{"rendered":"<p>El R105 Octopus ofrece un rendimiento de respiraci\u00f3n confiable en un dise\u00f1o cl\u00e1sico de flujo descendente con un interruptor VIVA de inmersi\u00f3n\/preinmersi\u00f3n y conexi\u00f3n de manguera reversible.<\/p>\n","protected":false},"excerpt":{"rendered":"<p>El R105 Octopus ofrece un rendimiento de respiraci\u00f3n confiable en un dise\u00f1o cl\u00e1sico de flujo descendente con un interruptor VIVA de inmersi\u00f3n\/preinmersi\u00f3n y conexi\u00f3n de manguera reversible.<\/p>\n","protected":false},"featured_media":22178,"comment_status":"open","ping_status":"closed","template":"","meta":{"iawp_total_views":3,"_joinchat":[]},"product_brand":[],"product_cat":[111],"product_tag":[156,153],"class_list":{"0":"post-20742","1":"product","2":"type-product","3":"status-publish","4":"has-post-thumbnail","6":"product_cat-tienda-online","7":"product_tag-octopus-es","8":"product_tag-scubapro-es","10":"first","11":"instock","12":"taxable","13":"shipping-taxable","14":"purchasable","15":"product-type-simple"},"booking_location":null,"booking_location_type":null,"booking_duration":null,"booking_duration_unit":null,"booking_buffer":null,"booking_cost":null,"booking_resources":null,"_links":{"self":[{"href":"https:\/\/scubapanama.com\/es\/wp-json\/wp\/v2\/product\/20742","targetHints":{"allow":["GET"]}}],"collection":[{"href":"https:\/\/scubapanama.com\/es\/wp-json\/wp\/v2\/product"}],"about":[{"href":"https:\/\/scubapanama.com\/es\/wp-json\/wp\/v2\/types\/product"}],"replies":[{"embeddable":true,"href":"https:\/\/scubapanama.com\/es\/wp-json\/wp\/v2\/comments?post=20742"}],"version-history":[{"count":3,"href":"https:\/\/scubapanama.com\/es\/wp-json\/wp\/v2\/product\/20742\/revisions"}],"predecessor-version":[{"id":22861,"href":"https:\/\/scubapanama.com\/es\/wp-json\/wp\/v2\/product\/20742\/revisions\/22861"}],"wp:featuredmedia":[{"embeddable":true,"href":"https:\/\/scubapanama.com\/es\/wp-json\/wp\/v2\/media\/22178"}],"wp:attachment":[{"href":"https:\/\/scubapanama.com\/es\/wp-json\/wp\/v2\/media?parent=20742"}],"wp:term":[{"taxonomy":"product_brand","embeddable":true,"href":"https:\/\/scubapanama.com\/es\/wp-json\/wp\/v2\/product_brand?post=20742"},{"taxonomy":"product_cat","embeddable":true,"href":"https:\/\/scubapanama.com\/es\/wp-json\/wp\/v2\/product_cat?post=20742"},{"taxonomy":"product_tag","embeddable":true,"href":"https:\/\/scubapanama.com\/es\/wp-json\/wp\/v2\/product_tag?post=20742"}],"curies":[{"name":"wp","href":"https:\/\/api.w.org\/{rel}","templated":true}]}}