{"id":20738,"date":"2025-01-29T01:47:15","date_gmt":"2025-01-29T06:47:15","guid":{"rendered":"https:\/\/scubapanama.com\/product\/scubapro-26-722-510-spectra-dry-sonrkel-negro-amarillo\/"},"modified":"2025-04-21T15:56:35","modified_gmt":"2025-04-21T20:56:35","slug":"scubapro-26-722-510-spectra-dry-sonrkel-negro-amarillo","status":"publish","type":"product","link":"https:\/\/scubapanama.com\/es\/product\/scubapro-26-722-510-spectra-dry-sonrkel-negro-amarillo\/","title":{"rendered":"SCUBAPRO SPECTRA DRY SNORKEL NEGRO\/AMARILLO (26.722.510)"},"content":{"rendered":"<p>Dise\u00f1ado para ser el complemento perfecto de las m\u00e1scaras Spectra de SCUBAPRO, el redise\u00f1ado SPECTRA DRY es, sin duda, el snorkel ideal. Su tubo superior de gran calibre permite un amplio flujo de aire, y su dise\u00f1o de tapa seca sella el tubo cuando el snorkel est\u00e1 sumergido, por lo que no es necesario vaciarlo al salir a la superficie. Una eficiente v\u00e1lvula de purga expulsa el agua que pueda entrar en las v\u00edas respiratorias, evitando la molesta sensaci\u00f3n de gorgoteo que se produce al respirar con un snorkel &#8220;mojado&#8221;. El tubo inferior corrugado es flexible, por lo que al cambiar al regulador, la boquilla del snorkel cuelga sin estorbar.<\/p>\n","protected":false},"excerpt":{"rendered":"<p>Dise\u00f1ado para ser el complemento perfecto de las m\u00e1scaras Spectra de SCUBAPRO, el redise\u00f1ado SPECTRA DRY es, sin duda, el snorkel ideal.<\/p>\n","protected":false},"featured_media":22150,"comment_status":"open","ping_status":"closed","template":"","meta":{"iawp_total_views":7,"_joinchat":[]},"product_brand":[],"product_cat":[111],"product_tag":[153],"class_list":{"0":"post-20738","1":"product","2":"type-product","3":"status-publish","4":"has-post-thumbnail","6":"product_cat-tienda-online","7":"product_tag-scubapro-es","9":"first","10":"instock","11":"taxable","12":"shipping-taxable","13":"purchasable","14":"product-type-simple"},"booking_location":null,"booking_location_type":null,"booking_duration":null,"booking_duration_unit":null,"booking_buffer":null,"booking_cost":null,"booking_resources":null,"_links":{"self":[{"href":"https:\/\/scubapanama.com\/es\/wp-json\/wp\/v2\/product\/20738","targetHints":{"allow":["GET"]}}],"collection":[{"href":"https:\/\/scubapanama.com\/es\/wp-json\/wp\/v2\/product"}],"about":[{"href":"https:\/\/scubapanama.com\/es\/wp-json\/wp\/v2\/types\/product"}],"replies":[{"embeddable":true,"href":"https:\/\/scubapanama.com\/es\/wp-json\/wp\/v2\/comments?post=20738"}],"version-history":[{"count":3,"href":"https:\/\/scubapanama.com\/es\/wp-json\/wp\/v2\/product\/20738\/revisions"}],"predecessor-version":[{"id":22852,"href":"https:\/\/scubapanama.com\/es\/wp-json\/wp\/v2\/product\/20738\/revisions\/22852"}],"wp:featuredmedia":[{"embeddable":true,"href":"https:\/\/scubapanama.com\/es\/wp-json\/wp\/v2\/media\/22150"}],"wp:attachment":[{"href":"https:\/\/scubapanama.com\/es\/wp-json\/wp\/v2\/media?parent=20738"}],"wp:term":[{"taxonomy":"product_brand","embeddable":true,"href":"https:\/\/scubapanama.com\/es\/wp-json\/wp\/v2\/product_brand?post=20738"},{"taxonomy":"product_cat","embeddable":true,"href":"https:\/\/scubapanama.com\/es\/wp-json\/wp\/v2\/product_cat?post=20738"},{"taxonomy":"product_tag","embeddable":true,"href":"https:\/\/scubapanama.com\/es\/wp-json\/wp\/v2\/product_tag?post=20738"}],"curies":[{"name":"wp","href":"https:\/\/api.w.org\/{rel}","templated":true}]}}