{"id":20734,"date":"2025-01-29T01:47:20","date_gmt":"2025-01-29T06:47:20","guid":{"rendered":"https:\/\/scubapanama.com\/product\/guantes-sherwood-akfg800-md-ak-bali-talla-md\/"},"modified":"2025-05-21T10:38:11","modified_gmt":"2025-05-21T15:38:11","slug":"guantes-sherwood-akfg800-md-ak-bali-talla-md","status":"publish","type":"product","link":"https:\/\/scubapanama.com\/es\/product\/guantes-sherwood-akfg800-md-ak-bali-talla-md\/","title":{"rendered":"SHERWOOD GUANTES AK BALI TALLA MD (AKFG800-MD)"},"content":{"rendered":"<p>M\u00e1s c\u00f3modos que nunca sin sacrificar la protecci\u00f3n. Estos guantes est\u00e1n fabricados con neopreno de 1 mm para mayor comodidad sin a\u00f1adir ning\u00fan coste adicional. Ahora sin correas de velcro que molesten. Con los nuevos guantes ArmorTex de AKONA, no te equivocar\u00e1s. El material ArmorTex de AKONA es resistente a la abrasi\u00f3n y al desgarro, y proporciona una flexibilidad excepcional en la palma.<\/p>\n<p><strong>DETALLES<br \/>\n<\/strong>\u2022 Neopreno Quantum Stretch de 1 mm con ArmorTex<br \/>\n\u2022\u00a0\u00a0Protecci\u00f3n de palma ArmorTex contra cortes y perforaciones<br \/>\n\u2022 Seis tama\u00f1os para elegir<br \/>\n\u2022 Fabricado con pegamento a base de agua y neopreno ecol\u00f3gico<\/p>\n","protected":false},"excerpt":{"rendered":"<p>M\u00e1s c\u00f3modos que nunca sin sacrificar la protecci\u00f3n.<\/p>\n","protected":false},"featured_media":25189,"comment_status":"open","ping_status":"closed","template":"","meta":{"iawp_total_views":2,"_joinchat":[]},"product_brand":[],"product_cat":[111],"product_tag":[184],"class_list":{"0":"post-20734","1":"product","2":"type-product","3":"status-publish","4":"has-post-thumbnail","6":"product_cat-tienda-online","7":"product_tag-akona-es","9":"first","10":"instock","11":"taxable","12":"shipping-taxable","13":"purchasable","14":"product-type-simple"},"booking_location":null,"booking_location_type":null,"booking_duration":null,"booking_duration_unit":null,"booking_buffer":null,"booking_cost":null,"booking_resources":null,"_links":{"self":[{"href":"https:\/\/scubapanama.com\/es\/wp-json\/wp\/v2\/product\/20734","targetHints":{"allow":["GET"]}}],"collection":[{"href":"https:\/\/scubapanama.com\/es\/wp-json\/wp\/v2\/product"}],"about":[{"href":"https:\/\/scubapanama.com\/es\/wp-json\/wp\/v2\/types\/product"}],"replies":[{"embeddable":true,"href":"https:\/\/scubapanama.com\/es\/wp-json\/wp\/v2\/comments?post=20734"}],"version-history":[{"count":4,"href":"https:\/\/scubapanama.com\/es\/wp-json\/wp\/v2\/product\/20734\/revisions"}],"predecessor-version":[{"id":29951,"href":"https:\/\/scubapanama.com\/es\/wp-json\/wp\/v2\/product\/20734\/revisions\/29951"}],"wp:featuredmedia":[{"embeddable":true,"href":"https:\/\/scubapanama.com\/es\/wp-json\/wp\/v2\/media\/25189"}],"wp:attachment":[{"href":"https:\/\/scubapanama.com\/es\/wp-json\/wp\/v2\/media?parent=20734"}],"wp:term":[{"taxonomy":"product_brand","embeddable":true,"href":"https:\/\/scubapanama.com\/es\/wp-json\/wp\/v2\/product_brand?post=20734"},{"taxonomy":"product_cat","embeddable":true,"href":"https:\/\/scubapanama.com\/es\/wp-json\/wp\/v2\/product_cat?post=20734"},{"taxonomy":"product_tag","embeddable":true,"href":"https:\/\/scubapanama.com\/es\/wp-json\/wp\/v2\/product_tag?post=20734"}],"curies":[{"name":"wp","href":"https:\/\/api.w.org\/{rel}","templated":true}]}}