{"id":20695,"date":"2025-02-07T16:52:51","date_gmt":"2025-02-07T21:52:51","guid":{"rendered":"https:\/\/scubapanama.com\/product\/open-water-avanzado-elearning\/"},"modified":"2025-06-10T11:59:06","modified_gmt":"2025-06-10T16:59:06","slug":"open-water-avanzado-elearning","status":"publish","type":"product","link":"https:\/\/scubapanama.com\/es\/product\/open-water-avanzado-elearning\/","title":{"rendered":"CURSO AVANZADO E-LEARNING"},"content":{"rendered":"<h2><strong>Desde 232,00 USD<\/strong><\/h2>\n<p>El curso PADI Advanced Open Water eLearning te permite completar la parte te\u00f3rica del curso de forma flexible y en l\u00ednea, a tu propio ritmo. Una vez completado el curso, realizar\u00e1s inmersiones pr\u00e1cticas en un centro de buceo para perfeccionar tus habilidades avanzadas, como la navegaci\u00f3n subacu\u00e1tica y el buceo profundo. Es una opci\u00f3n ideal para quienes desean mejorar su experiencia y conocimientos de buceo de forma c\u00f3moda.<\/p>\n<p><strong>Duraci\u00f3n<\/strong>: 10 Horas<br \/>\n<strong>Localizaci\u00f3n<\/strong>: Panam\u00e1, Panam\u00e1<br \/>\n<strong>C\u00f3digo del producto<\/strong>: OPel001<\/p>\n<p><strong>M\u00f3dulo<\/strong>: eLearning<\/p>\n<p><strong>Requisitos previos:<\/strong><\/p>\n<ul>\n<li>Curso B\u00e1sico (Aguas Abiertas)<\/li>\n<\/ul>\n<p><strong>Incluye:<\/strong><\/p>\n<ul>\n<li>Certificaci\u00f3n Internacional PADI<\/li>\n<li>Material educativo (virtual)<\/li>\n<li>Ex\u00e1menes y revisiones de conocimientos<\/li>\n<\/ul>\n<p><strong>No incluye:<\/strong><\/p>\n<ul>\n<li>ITBMS 7<\/li>\n<li>Transporte y comida<\/li>\n<li>Secci\u00f3n pr\u00e1ctica &#8211; \u00c9sta es s\u00f3lo la secci\u00f3n te\u00f3rica (en l\u00ednea)<\/li>\n<\/ul>\n<p>Al final de la secci\u00f3n te\u00f3rica, el alumno debe inscribirse en la secci\u00f3n pr\u00e1ctica, donde el instructor le llevar\u00e1 a realizar inmersiones en mar abierto.<\/p>\n","protected":false},"excerpt":{"rendered":"<p>El curso PADI Advanced Open Water eLearning te permite completar la parte te\u00f3rica del curso de forma flexible y en l\u00ednea, a tu propio ritmo. Una vez completado el curso, realizar\u00e1s inmersiones pr\u00e1cticas en un centro de buceo para perfeccionar tus habilidades avanzadas, como la navegaci\u00f3n subacu\u00e1tica y el buceo profundo. Es una opci\u00f3n ideal para quienes desean mejorar su experiencia y conocimientos de buceo de forma c\u00f3moda.<\/p>\n","protected":false},"featured_media":30090,"comment_status":"open","ping_status":"closed","template":"","meta":{"iawp_total_views":62,"_joinchat":[]},"product_brand":[],"product_cat":[117],"product_tag":[],"class_list":{"0":"post-20695","1":"product","2":"type-product","3":"status-publish","4":"has-post-thumbnail","6":"product_cat-cursos","8":"first","9":"instock","10":"virtual","11":"taxable","12":"purchasable","13":"product-type-simple"},"booking_location":null,"booking_location_type":null,"booking_duration":null,"booking_duration_unit":null,"booking_buffer":null,"booking_cost":null,"booking_resources":null,"_links":{"self":[{"href":"https:\/\/scubapanama.com\/es\/wp-json\/wp\/v2\/product\/20695","targetHints":{"allow":["GET"]}}],"collection":[{"href":"https:\/\/scubapanama.com\/es\/wp-json\/wp\/v2\/product"}],"about":[{"href":"https:\/\/scubapanama.com\/es\/wp-json\/wp\/v2\/types\/product"}],"replies":[{"embeddable":true,"href":"https:\/\/scubapanama.com\/es\/wp-json\/wp\/v2\/comments?post=20695"}],"version-history":[{"count":2,"href":"https:\/\/scubapanama.com\/es\/wp-json\/wp\/v2\/product\/20695\/revisions"}],"predecessor-version":[{"id":31011,"href":"https:\/\/scubapanama.com\/es\/wp-json\/wp\/v2\/product\/20695\/revisions\/31011"}],"wp:featuredmedia":[{"embeddable":true,"href":"https:\/\/scubapanama.com\/es\/wp-json\/wp\/v2\/media\/30090"}],"wp:attachment":[{"href":"https:\/\/scubapanama.com\/es\/wp-json\/wp\/v2\/media?parent=20695"}],"wp:term":[{"taxonomy":"product_brand","embeddable":true,"href":"https:\/\/scubapanama.com\/es\/wp-json\/wp\/v2\/product_brand?post=20695"},{"taxonomy":"product_cat","embeddable":true,"href":"https:\/\/scubapanama.com\/es\/wp-json\/wp\/v2\/product_cat?post=20695"},{"taxonomy":"product_tag","embeddable":true,"href":"https:\/\/scubapanama.com\/es\/wp-json\/wp\/v2\/product_tag?post=20695"}],"curies":[{"name":"wp","href":"https:\/\/api.w.org\/{rel}","templated":true}]}}