{"id":20690,"date":"2025-01-23T01:50:34","date_gmt":"2025-01-23T06:50:34","guid":{"rendered":"https:\/\/scubapanama.com\/product\/ist-sh-60-soporte-de-esnorquel-negro\/"},"modified":"2025-05-09T10:47:08","modified_gmt":"2025-05-09T15:47:08","slug":"ist-sh-60-soporte-de-esnorquel-negro","status":"publish","type":"product","link":"https:\/\/scubapanama.com\/es\/product\/ist-sh-60-soporte-de-esnorquel-negro\/","title":{"rendered":"IST SOPORTE DE ESN\u00d3RQUEL NEGRO (SH-60)"},"content":{"rendered":"<p>\u2022 Sujetador de snorkel para sujetar el snorkel a la correa de la m\u00e1scara<br \/>\n\u2022 Fabricado en pl\u00e1stico resistente a los impactos<br \/>\n\u2022 Pase la correa de la m\u00e1scara por un lado y deslice el snorkel por el otro<br \/>\n\u2022 Ayuda a mantener la posici\u00f3n del snorkel y evita su p\u00e9rdida<br \/>\n\u2022 Bot\u00f3n de liberaci\u00f3n r\u00e1pida para ponerlo y quitarlo f\u00e1cilmente<\/p>\n","protected":false},"excerpt":{"rendered":"<p>Sujetador de snorkel para sujetar el snorkel a la correa de la m\u00e1scara.<\/p>\n","protected":false},"featured_media":24215,"comment_status":"open","ping_status":"closed","template":"","meta":{"iawp_total_views":0,"_joinchat":[]},"product_brand":[],"product_cat":[111],"product_tag":[218],"class_list":{"0":"post-20690","1":"product","2":"type-product","3":"status-publish","4":"has-post-thumbnail","6":"product_cat-tienda-online","7":"product_tag-ist-es","9":"first","10":"instock","11":"taxable","12":"shipping-taxable","13":"purchasable","14":"product-type-simple"},"booking_location":null,"booking_location_type":null,"booking_duration":null,"booking_duration_unit":null,"booking_buffer":null,"booking_cost":null,"booking_resources":null,"_links":{"self":[{"href":"https:\/\/scubapanama.com\/es\/wp-json\/wp\/v2\/product\/20690","targetHints":{"allow":["GET"]}}],"collection":[{"href":"https:\/\/scubapanama.com\/es\/wp-json\/wp\/v2\/product"}],"about":[{"href":"https:\/\/scubapanama.com\/es\/wp-json\/wp\/v2\/types\/product"}],"replies":[{"embeddable":true,"href":"https:\/\/scubapanama.com\/es\/wp-json\/wp\/v2\/comments?post=20690"}],"version-history":[{"count":3,"href":"https:\/\/scubapanama.com\/es\/wp-json\/wp\/v2\/product\/20690\/revisions"}],"predecessor-version":[{"id":26038,"href":"https:\/\/scubapanama.com\/es\/wp-json\/wp\/v2\/product\/20690\/revisions\/26038"}],"wp:featuredmedia":[{"embeddable":true,"href":"https:\/\/scubapanama.com\/es\/wp-json\/wp\/v2\/media\/24215"}],"wp:attachment":[{"href":"https:\/\/scubapanama.com\/es\/wp-json\/wp\/v2\/media?parent=20690"}],"wp:term":[{"taxonomy":"product_brand","embeddable":true,"href":"https:\/\/scubapanama.com\/es\/wp-json\/wp\/v2\/product_brand?post=20690"},{"taxonomy":"product_cat","embeddable":true,"href":"https:\/\/scubapanama.com\/es\/wp-json\/wp\/v2\/product_cat?post=20690"},{"taxonomy":"product_tag","embeddable":true,"href":"https:\/\/scubapanama.com\/es\/wp-json\/wp\/v2\/product_tag?post=20690"}],"curies":[{"name":"wp","href":"https:\/\/api.w.org\/{rel}","templated":true}]}}