{"id":20686,"date":"2025-01-23T01:50:35","date_gmt":"2025-01-23T06:50:35","guid":{"rendered":"https:\/\/scubapanama.com\/product\/ist-sn205bs-snorkel-seco-bs\/"},"modified":"2025-05-09T10:22:27","modified_gmt":"2025-05-09T15:22:27","slug":"ist-sn205bs-snorkel-seco-bs","status":"publish","type":"product","link":"https:\/\/scubapanama.com\/es\/product\/ist-sn205bs-snorkel-seco-bs\/","title":{"rendered":"IST SNORKEL SECO BS (SN205BS)"},"content":{"rendered":"<p><b><span>IST Sports Snorkel SN205 &#8211; Sin entrada de agua &#8211; Silicona,<\/span><\/b><span>\u00a0este snorkel est\u00e1 equipado con todos los \u00faltimos gadgets en el campo del snorkel. Obtendr\u00e1s una boquilla de silicona, una v\u00e1lvula de escape en la parte inferior del snorkel y una v\u00e1lvula de cierre autom\u00e1tico en la parte superior cuando te sumerges para mantener el agua fuera.\u00a0<\/span><b><span>\u00bfPor qu\u00e9 elegir este snorkel?<\/span><\/b><span>\u00a0En este snorkel no entra agua, ni siquiera cuando te sumerges con \u00e9l. El snorkel se cierra autom\u00e1ticamente cuando te sumerges y se abre autom\u00e1ticamente cuando vuelves a subir. Adem\u00e1s, el snorkel ofrece mucha comodidad de uso, gracias al cierre de liberaci\u00f3n r\u00e1pida que le permite colocar y separar r\u00e1pida y f\u00e1cilmente el snorkel de sus gafas de buceo y una c\u00f3moda boquilla de silicona. Hemos probado este snorkel extensamente y no entra agua en \u00e9l, \u00a1funciona muy bien!\u00a0<\/span><b><span>Caracter\u00edsticas IST Snorkel Deportivo SN205<\/span><\/b><\/p>\n<p><span>\u2022 No entra agua en este snorkel<\/span><br \/>\n<span>\u2022 Parte flexible en la boquilla que lo hace muy c\u00f3modo de llevar en la boca<\/span><br \/>\n<span>\u2022 Liberaci\u00f3n r\u00e1pida de la correa de la m\u00e1scara con la que puede separar y colocar f\u00e1cilmente el snorkel en las gafas<\/span><br \/>\n<span>\u2022 Boquilla de silicona que es muy flexible y se siente c\u00f3moda<\/span><\/p>\n","protected":false},"excerpt":{"rendered":"<p><b>ST Sports Snorkel SN205 &#8211; Sin entrada de agua &#8211; Silicona,<\/b>\u00a0este snorkel est\u00e1 equipado con todos los \u00faltimos gadgets en el campo del snorkel.<\/p>\n","protected":false},"featured_media":24172,"comment_status":"open","ping_status":"closed","template":"","meta":{"iawp_total_views":1,"_joinchat":[]},"product_brand":[],"product_cat":[111],"product_tag":[218,154],"class_list":{"0":"post-20686","1":"product","2":"type-product","3":"status-publish","4":"has-post-thumbnail","6":"product_cat-tienda-online","7":"product_tag-ist-es","8":"product_tag-snorkel","10":"first","11":"outofstock","12":"taxable","13":"shipping-taxable","14":"purchasable","15":"product-type-simple"},"booking_location":null,"booking_location_type":null,"booking_duration":null,"booking_duration_unit":null,"booking_buffer":null,"booking_cost":null,"booking_resources":null,"_links":{"self":[{"href":"https:\/\/scubapanama.com\/es\/wp-json\/wp\/v2\/product\/20686","targetHints":{"allow":["GET"]}}],"collection":[{"href":"https:\/\/scubapanama.com\/es\/wp-json\/wp\/v2\/product"}],"about":[{"href":"https:\/\/scubapanama.com\/es\/wp-json\/wp\/v2\/types\/product"}],"replies":[{"embeddable":true,"href":"https:\/\/scubapanama.com\/es\/wp-json\/wp\/v2\/comments?post=20686"}],"version-history":[{"count":2,"href":"https:\/\/scubapanama.com\/es\/wp-json\/wp\/v2\/product\/20686\/revisions"}],"predecessor-version":[{"id":26016,"href":"https:\/\/scubapanama.com\/es\/wp-json\/wp\/v2\/product\/20686\/revisions\/26016"}],"wp:featuredmedia":[{"embeddable":true,"href":"https:\/\/scubapanama.com\/es\/wp-json\/wp\/v2\/media\/24172"}],"wp:attachment":[{"href":"https:\/\/scubapanama.com\/es\/wp-json\/wp\/v2\/media?parent=20686"}],"wp:term":[{"taxonomy":"product_brand","embeddable":true,"href":"https:\/\/scubapanama.com\/es\/wp-json\/wp\/v2\/product_brand?post=20686"},{"taxonomy":"product_cat","embeddable":true,"href":"https:\/\/scubapanama.com\/es\/wp-json\/wp\/v2\/product_cat?post=20686"},{"taxonomy":"product_tag","embeddable":true,"href":"https:\/\/scubapanama.com\/es\/wp-json\/wp\/v2\/product_tag?post=20686"}],"curies":[{"name":"wp","href":"https:\/\/api.w.org\/{rel}","templated":true}]}}