{"id":20683,"date":"2025-01-23T01:50:36","date_gmt":"2025-01-23T06:50:36","guid":{"rendered":"https:\/\/scubapanama.com\/product\/ist-sn205cl-snorkel-seco-cl\/"},"modified":"2025-05-09T10:15:35","modified_gmt":"2025-05-09T15:15:35","slug":"ist-sn205cl-snorkel-seco-cl","status":"publish","type":"product","link":"https:\/\/scubapanama.com\/es\/product\/ist-sn205cl-snorkel-seco-cl\/","title":{"rendered":"IST SNORKEL SECO CL (SN205CL)"},"content":{"rendered":"<p><span>Respiraci\u00f3n f\u00e1cil<\/span><\/p>\n<p><span>El esn\u00f3rquel IST Kids Dry Top es la opci\u00f3n definitiva para j\u00f3venes principiantes y quienes exploran por primera vez bajo el agua. El dise\u00f1o anat\u00f3mico curvado tiene un tubo de aire ancho y una base corrugada flexible que se cae de la cara cuando no est\u00e1 en uso. El sistema deflector y la v\u00e1lvula de flotador mantienen el agua fuera del tubo, mientras que la v\u00e1lvula de purga f\u00e1cil lo hace r\u00e1pido y simple de purgar.<\/span><\/p>\n<p><span>Uso c\u00f3modo<\/span><\/p>\n<p><span>La boquilla de silicona supersuave cuenta con pesta\u00f1as de mordida para un uso f\u00e1cil que minimiza la fatiga de la mand\u00edbula. Adem\u00e1s, la silicona moldeada es hipoalerg\u00e9nica, por lo que es ideal para pieles sensibles.<\/span><\/p>\n<p><span>Estilo deportivo<\/span><\/p>\n<p><span>Este esn\u00f3rquel para ni\u00f1os especialmente dise\u00f1ado est\u00e1 disponible en cuatro combinaciones de colores geniales, que incluyen naranja\/negro, azul\/amarillo, rosa\/negro y verde azulado\/transparente. Los ni\u00f1os pueden elegir un dise\u00f1o que se adapte a su personalidad para a\u00fan m\u00e1s diversi\u00f3n en el agua.<\/span><\/p>\n","protected":false},"excerpt":{"rendered":"<p><span>El esn\u00f3rquel IST Kids Dry Top es la opci\u00f3n definitiva para j\u00f3venes principiantes y quienes exploran por primera vez bajo el agua.\u00a0<\/span><\/p>\n","protected":false},"featured_media":24090,"comment_status":"open","ping_status":"closed","template":"","meta":{"iawp_total_views":4,"_joinchat":[]},"product_brand":[],"product_cat":[111],"product_tag":[218,154],"class_list":{"0":"post-20683","1":"product","2":"type-product","3":"status-publish","4":"has-post-thumbnail","6":"product_cat-tienda-online","7":"product_tag-ist-es","8":"product_tag-snorkel","10":"first","11":"instock","12":"taxable","13":"shipping-taxable","14":"purchasable","15":"product-type-simple"},"booking_location":null,"booking_location_type":null,"booking_duration":null,"booking_duration_unit":null,"booking_buffer":null,"booking_cost":null,"booking_resources":null,"_links":{"self":[{"href":"https:\/\/scubapanama.com\/es\/wp-json\/wp\/v2\/product\/20683","targetHints":{"allow":["GET"]}}],"collection":[{"href":"https:\/\/scubapanama.com\/es\/wp-json\/wp\/v2\/product"}],"about":[{"href":"https:\/\/scubapanama.com\/es\/wp-json\/wp\/v2\/types\/product"}],"replies":[{"embeddable":true,"href":"https:\/\/scubapanama.com\/es\/wp-json\/wp\/v2\/comments?post=20683"}],"version-history":[{"count":2,"href":"https:\/\/scubapanama.com\/es\/wp-json\/wp\/v2\/product\/20683\/revisions"}],"predecessor-version":[{"id":26010,"href":"https:\/\/scubapanama.com\/es\/wp-json\/wp\/v2\/product\/20683\/revisions\/26010"}],"wp:featuredmedia":[{"embeddable":true,"href":"https:\/\/scubapanama.com\/es\/wp-json\/wp\/v2\/media\/24090"}],"wp:attachment":[{"href":"https:\/\/scubapanama.com\/es\/wp-json\/wp\/v2\/media?parent=20683"}],"wp:term":[{"taxonomy":"product_brand","embeddable":true,"href":"https:\/\/scubapanama.com\/es\/wp-json\/wp\/v2\/product_brand?post=20683"},{"taxonomy":"product_cat","embeddable":true,"href":"https:\/\/scubapanama.com\/es\/wp-json\/wp\/v2\/product_cat?post=20683"},{"taxonomy":"product_tag","embeddable":true,"href":"https:\/\/scubapanama.com\/es\/wp-json\/wp\/v2\/product_tag?post=20683"}],"curies":[{"name":"wp","href":"https:\/\/api.w.org\/{rel}","templated":true}]}}