{"id":20679,"date":"2025-01-23T01:50:36","date_gmt":"2025-01-23T06:50:36","guid":{"rendered":"https:\/\/scubapanama.com\/product\/ist-sn36-bk-esnorquel-apnea-negro\/"},"modified":"2025-05-09T10:06:38","modified_gmt":"2025-05-09T15:06:38","slug":"ist-sn36-bk-esnorquel-apnea-negro","status":"publish","type":"product","link":"https:\/\/scubapanama.com\/es\/product\/ist-sn36-bk-esnorquel-apnea-negro\/","title":{"rendered":"IST ESN\u00d3RQUEL APNEA NEGRO (SN36-BK)"},"content":{"rendered":"<ul class=\"a-unordered-list a-vertical a-spacing-mini\">\n<li class=\"a-spacing-mini\"><span class=\"a-list-item\"><span style=\"vertical-align: inherit;\"><span style=\"vertical-align: inherit;\">DISE\u00d1O CL\u00c1SICO: Dise\u00f1o de tubo en J b\u00e1sico para una confiabilidad en la que puede confiar.<\/span><\/span><\/span><\/li>\n<li class=\"a-spacing-mini\"><span class=\"a-list-item\"><span style=\"vertical-align: inherit;\"><span style=\"vertical-align: inherit;\">MATERIAL FLEXIBLE: El material plegable es duradero y de poco volumen.<\/span><\/span><\/span><\/li>\n<li class=\"a-spacing-mini\"><span class=\"a-list-item\"><span style=\"vertical-align: inherit;\"><span style=\"vertical-align: inherit;\">AJUSTE C\u00d3MODO: la boquilla es hipoalerg\u00e9nica, tiene dise\u00f1o ergon\u00f3mico e incluye pesta\u00f1as de mordida.<\/span><\/span><\/span><\/li>\n<li class=\"a-spacing-mini\"><span class=\"a-list-item\"><span style=\"vertical-align: inherit;\"><span style=\"vertical-align: inherit;\">CLIP DE SOPORTE INCLUIDO: el soporte para snorkel resistente se adhiere a la mayor\u00eda de las m\u00e1scaras.<\/span><\/span><\/span><\/li>\n<\/ul>\n","protected":false},"excerpt":{"rendered":"<p><span class=\"a-list-item\"><span style=\"vertical-align: inherit;\"><span style=\"vertical-align: inherit;\">Dise\u00f1o de tubo en J b\u00e1sico para una confiabilidad en la que puede confiar.<\/span><\/span><\/span><\/p>\n","protected":false},"featured_media":24101,"comment_status":"open","ping_status":"closed","template":"","meta":{"iawp_total_views":1,"_joinchat":[]},"product_brand":[],"product_cat":[111],"product_tag":[218,154],"class_list":{"0":"post-20679","1":"product","2":"type-product","3":"status-publish","4":"has-post-thumbnail","6":"product_cat-tienda-online","7":"product_tag-ist-es","8":"product_tag-snorkel","10":"first","11":"instock","12":"taxable","13":"shipping-taxable","14":"purchasable","15":"product-type-simple"},"booking_location":null,"booking_location_type":null,"booking_duration":null,"booking_duration_unit":null,"booking_buffer":null,"booking_cost":null,"booking_resources":null,"_links":{"self":[{"href":"https:\/\/scubapanama.com\/es\/wp-json\/wp\/v2\/product\/20679","targetHints":{"allow":["GET"]}}],"collection":[{"href":"https:\/\/scubapanama.com\/es\/wp-json\/wp\/v2\/product"}],"about":[{"href":"https:\/\/scubapanama.com\/es\/wp-json\/wp\/v2\/types\/product"}],"replies":[{"embeddable":true,"href":"https:\/\/scubapanama.com\/es\/wp-json\/wp\/v2\/comments?post=20679"}],"version-history":[{"count":3,"href":"https:\/\/scubapanama.com\/es\/wp-json\/wp\/v2\/product\/20679\/revisions"}],"predecessor-version":[{"id":26002,"href":"https:\/\/scubapanama.com\/es\/wp-json\/wp\/v2\/product\/20679\/revisions\/26002"}],"wp:featuredmedia":[{"embeddable":true,"href":"https:\/\/scubapanama.com\/es\/wp-json\/wp\/v2\/media\/24101"}],"wp:attachment":[{"href":"https:\/\/scubapanama.com\/es\/wp-json\/wp\/v2\/media?parent=20679"}],"wp:term":[{"taxonomy":"product_brand","embeddable":true,"href":"https:\/\/scubapanama.com\/es\/wp-json\/wp\/v2\/product_brand?post=20679"},{"taxonomy":"product_cat","embeddable":true,"href":"https:\/\/scubapanama.com\/es\/wp-json\/wp\/v2\/product_cat?post=20679"},{"taxonomy":"product_tag","embeddable":true,"href":"https:\/\/scubapanama.com\/es\/wp-json\/wp\/v2\/product_tag?post=20679"}],"curies":[{"name":"wp","href":"https:\/\/api.w.org\/{rel}","templated":true}]}}