{"id":20678,"date":"2025-01-23T01:50:36","date_gmt":"2025-01-23T06:50:36","guid":{"rendered":"https:\/\/scubapanama.com\/product\/ist-sn60-ny-snorkel-amarillo-neon\/"},"modified":"2025-05-09T09:58:32","modified_gmt":"2025-05-09T14:58:32","slug":"ist-sn60-ny-snorkel-amarillo-neon","status":"publish","type":"product","link":"https:\/\/scubapanama.com\/es\/product\/ist-sn60-ny-snorkel-amarillo-neon\/","title":{"rendered":"IST SNORKEL AMARILLO NE\u00d3N (SN60-NY)"},"content":{"rendered":"<ul>\n<li><span>El deflector superior patentado evita que el agua salpique sobre la superficie.<\/span><\/li>\n<li><span>Secci\u00f3n inferior corrugada flexible y abatible para cambiar f\u00e1cilmente al regulador<\/span><\/li>\n<li><span>V\u00e1lvula de purga inferior para una limpieza r\u00e1pida y sencilla del agua bajo el agua<\/span><\/li>\n<li><span>Sujeci\u00f3n de snorkel ajustable y de liberaci\u00f3n r\u00e1pida<\/span><\/li>\n<li><span>Boquilla de silicona hipoalerg\u00e9nica con leng\u00fcetas de mordida que reduce la fatiga de la mand\u00edbula.<\/span><\/li>\n<\/ul>\n","protected":false},"excerpt":{"rendered":"<p><span>El deflector superior patentado evita que el agua salpique sobre la superficie.<\/span><\/p>\n","protected":false},"featured_media":24133,"comment_status":"open","ping_status":"closed","template":"","meta":{"iawp_total_views":2,"_joinchat":[]},"product_brand":[],"product_cat":[111],"product_tag":[218,154],"class_list":{"0":"post-20678","1":"product","2":"type-product","3":"status-publish","4":"has-post-thumbnail","6":"product_cat-tienda-online","7":"product_tag-ist-es","8":"product_tag-snorkel","10":"first","11":"instock","12":"taxable","13":"shipping-taxable","14":"purchasable","15":"product-type-simple"},"booking_location":null,"booking_location_type":null,"booking_duration":null,"booking_duration_unit":null,"booking_buffer":null,"booking_cost":null,"booking_resources":null,"_links":{"self":[{"href":"https:\/\/scubapanama.com\/es\/wp-json\/wp\/v2\/product\/20678","targetHints":{"allow":["GET"]}}],"collection":[{"href":"https:\/\/scubapanama.com\/es\/wp-json\/wp\/v2\/product"}],"about":[{"href":"https:\/\/scubapanama.com\/es\/wp-json\/wp\/v2\/types\/product"}],"replies":[{"embeddable":true,"href":"https:\/\/scubapanama.com\/es\/wp-json\/wp\/v2\/comments?post=20678"}],"version-history":[{"count":2,"href":"https:\/\/scubapanama.com\/es\/wp-json\/wp\/v2\/product\/20678\/revisions"}],"predecessor-version":[{"id":25998,"href":"https:\/\/scubapanama.com\/es\/wp-json\/wp\/v2\/product\/20678\/revisions\/25998"}],"wp:featuredmedia":[{"embeddable":true,"href":"https:\/\/scubapanama.com\/es\/wp-json\/wp\/v2\/media\/24133"}],"wp:attachment":[{"href":"https:\/\/scubapanama.com\/es\/wp-json\/wp\/v2\/media?parent=20678"}],"wp:term":[{"taxonomy":"product_brand","embeddable":true,"href":"https:\/\/scubapanama.com\/es\/wp-json\/wp\/v2\/product_brand?post=20678"},{"taxonomy":"product_cat","embeddable":true,"href":"https:\/\/scubapanama.com\/es\/wp-json\/wp\/v2\/product_cat?post=20678"},{"taxonomy":"product_tag","embeddable":true,"href":"https:\/\/scubapanama.com\/es\/wp-json\/wp\/v2\/product_tag?post=20678"}],"curies":[{"name":"wp","href":"https:\/\/api.w.org\/{rel}","templated":true}]}}