{"id":20671,"date":"2025-01-23T01:50:37","date_gmt":"2025-01-23T06:50:37","guid":{"rendered":"https:\/\/scubapanama.com\/product\/ist-sp39a-grillete-a-presion\/"},"modified":"2025-05-09T09:48:14","modified_gmt":"2025-05-09T14:48:14","slug":"ist-sp39a-grillete-a-presion","status":"publish","type":"product","link":"https:\/\/scubapanama.com\/es\/product\/ist-sp39a-grillete-a-presion\/","title":{"rendered":"IST GRILLETE A PRESI\u00d3N (SP39A)"},"content":{"rendered":"<p><span>Clip de grillete grande con pasador de bloqueo para usar en el agua<\/span><br \/>\n<span>Construido en acero inoxidable 316 resistente a la corrosi\u00f3n<\/span><br \/>\n<span>Clip de grillete giratorio en un extremo, lazo para fijaci\u00f3n en el otro Sujeta<\/span><br \/>\n<span>f\u00e1cilmente art\u00edculos peque\u00f1os al BC, cintur\u00f3n o bolsa de equipo<\/span><br \/>\n<span>Gran adici\u00f3n a su kit para salvar un buceo.<\/span><\/p>\n","protected":false},"excerpt":{"rendered":"<p><span>Clip de grillete grande con pasador de bloqueo para usar en el agua.<\/span><\/p>\n","protected":false},"featured_media":24055,"comment_status":"open","ping_status":"closed","template":"","meta":{"iawp_total_views":1,"_joinchat":[]},"product_brand":[],"product_cat":[111],"product_tag":[218],"class_list":{"0":"post-20671","1":"product","2":"type-product","3":"status-publish","4":"has-post-thumbnail","6":"product_cat-tienda-online","7":"product_tag-ist-es","9":"first","10":"onbackorder","11":"taxable","12":"shipping-taxable","13":"purchasable","14":"product-type-simple"},"booking_location":null,"booking_location_type":null,"booking_duration":null,"booking_duration_unit":null,"booking_buffer":null,"booking_cost":null,"booking_resources":null,"_links":{"self":[{"href":"https:\/\/scubapanama.com\/es\/wp-json\/wp\/v2\/product\/20671","targetHints":{"allow":["GET"]}}],"collection":[{"href":"https:\/\/scubapanama.com\/es\/wp-json\/wp\/v2\/product"}],"about":[{"href":"https:\/\/scubapanama.com\/es\/wp-json\/wp\/v2\/types\/product"}],"replies":[{"embeddable":true,"href":"https:\/\/scubapanama.com\/es\/wp-json\/wp\/v2\/comments?post=20671"}],"version-history":[{"count":2,"href":"https:\/\/scubapanama.com\/es\/wp-json\/wp\/v2\/product\/20671\/revisions"}],"predecessor-version":[{"id":25988,"href":"https:\/\/scubapanama.com\/es\/wp-json\/wp\/v2\/product\/20671\/revisions\/25988"}],"wp:featuredmedia":[{"embeddable":true,"href":"https:\/\/scubapanama.com\/es\/wp-json\/wp\/v2\/media\/24055"}],"wp:attachment":[{"href":"https:\/\/scubapanama.com\/es\/wp-json\/wp\/v2\/media?parent=20671"}],"wp:term":[{"taxonomy":"product_brand","embeddable":true,"href":"https:\/\/scubapanama.com\/es\/wp-json\/wp\/v2\/product_brand?post=20671"},{"taxonomy":"product_cat","embeddable":true,"href":"https:\/\/scubapanama.com\/es\/wp-json\/wp\/v2\/product_cat?post=20671"},{"taxonomy":"product_tag","embeddable":true,"href":"https:\/\/scubapanama.com\/es\/wp-json\/wp\/v2\/product_tag?post=20671"}],"curies":[{"name":"wp","href":"https:\/\/api.w.org\/{rel}","templated":true}]}}