{"id":20668,"date":"2025-01-23T01:50:37","date_gmt":"2025-01-23T06:50:37","guid":{"rendered":"https:\/\/scubapanama.com\/product\/ist-t-120-ist-mini-sol-10w-linterna-led\/"},"modified":"2025-05-09T09:06:57","modified_gmt":"2025-05-09T14:06:57","slug":"ist-t-120-ist-mini-sol-10w-linterna-led","status":"publish","type":"product","link":"https:\/\/scubapanama.com\/es\/product\/ist-t-120-ist-mini-sol-10w-linterna-led\/","title":{"rendered":"IST MINI SOL-10W LINTERNA LED (T &#8211; 120)"},"content":{"rendered":"<pre id=\"tw-target-text\" class=\"tw-data-text tw-text-large tw-ta\" dir=\"ltr\" data-placeholder=\"Traducci\u00f3n\" data-ved=\"2ahUKEwjK4Musx5aNAxXbSzABHfAIJ-QQ3ewLegQICRAV\" aria-label=\"Texto traducido: 750 l\u00famenes\r\nEl sistema de bloqueo de interruptor especialmente dise\u00f1ado evita la activaci\u00f3n accidental.\r\nEl sello de doble junta t\u00f3rica proporciona seguridad adicional contra fugas.\r\nRecarga de bater\u00eda f\u00e1cil y r\u00e1pida.\r\nMecanizado a partir de aluminio s\u00f3lido de grado marino.\r\nlente de vidrio templado\r\nAutonom\u00eda de 70 minutos con la bater\u00eda de iones de litio\r\n1 bombilla LED Cree de 10 vatios\r\nBombilla LED con vida \u00fatil de 10.000 horas\r\nProfundidad m\u00e1xima de funcionamiento: 328 pies\r\nTemperatura de color 6000K\r\n750 l\u00famenes\r\n\u00c1ngulo de haz de 35\u00b0\r\nFlotabilidad negativa\"><span class=\"Y2IQFc\" lang=\"es\">750 l\u00famenes\r\nEl sistema de bloqueo de interruptor especialmente dise\u00f1ado evita la activaci\u00f3n accidental.\r\nEl sello de doble junta t\u00f3rica proporciona seguridad adicional contra fugas.\r\nRecarga de bater\u00eda f\u00e1cil y r\u00e1pida.\r\nMecanizado a partir de aluminio s\u00f3lido de grado marino.\r\nlente de vidrio templado\r\nAutonom\u00eda de 70 minutos con la bater\u00eda de iones de litio\r\n1 bombilla LED Cree de 10 vatios\r\nBombilla LED con vida \u00fatil de 10.000 horas\r\nProfundidad m\u00e1xima de funcionamiento: 328 pies\r\nTemperatura de color 6000K\r\n750 l\u00famenes\r\n\u00c1ngulo de haz de 35\u00b0\r\nFlotabilidad negativa.<\/span><\/pre>\n","protected":false},"excerpt":{"rendered":"<pre id=\"tw-target-text\" class=\"tw-data-text tw-text-large tw-ta\" dir=\"ltr\" data-placeholder=\"Traducci\u00f3n\" data-ved=\"2ahUKEwjK4Musx5aNAxXbSzABHfAIJ-QQ3ewLegQICRAV\" aria-label=\"Texto traducido: 750 l\u00famenes\r\nEl sistema de bloqueo de interruptor especialmente dise\u00f1ado evita la activaci\u00f3n accidental.\r\nEl sello de doble junta t\u00f3rica proporciona seguridad adicional contra fugas.\r\nRecarga de bater\u00eda f\u00e1cil y r\u00e1pida.\r\nMecanizado a partir de aluminio s\u00f3lido de grado marino.\r\nlente de vidrio templado\r\nAutonom\u00eda de 70 minutos con la bater\u00eda de iones de litio\r\n1 bombilla LED Cree de 10 vatios\r\nBombilla LED con vida \u00fatil de 10.000 horas\r\nProfundidad m\u00e1xima de funcionamiento: 328 pies\r\nTemperatura de color 6000K\r\n750 l\u00famenes\r\n\u00c1ngulo de haz de 35\u00b0\r\nFlotabilidad negativa\"><span class=\"Y2IQFc\" lang=\"es\">750 l\u00famenes\r\n\r\n<\/span><\/pre>\n","protected":false},"featured_media":24073,"comment_status":"open","ping_status":"closed","template":"","meta":{"iawp_total_views":2,"_joinchat":[]},"product_brand":[],"product_cat":[111],"product_tag":[218],"class_list":{"0":"post-20668","1":"product","2":"type-product","3":"status-publish","4":"has-post-thumbnail","6":"product_cat-tienda-online","7":"product_tag-ist-es","9":"first","10":"onbackorder","11":"taxable","12":"shipping-taxable","13":"purchasable","14":"product-type-simple"},"booking_location":null,"booking_location_type":null,"booking_duration":null,"booking_duration_unit":null,"booking_buffer":null,"booking_cost":null,"booking_resources":null,"_links":{"self":[{"href":"https:\/\/scubapanama.com\/es\/wp-json\/wp\/v2\/product\/20668","targetHints":{"allow":["GET"]}}],"collection":[{"href":"https:\/\/scubapanama.com\/es\/wp-json\/wp\/v2\/product"}],"about":[{"href":"https:\/\/scubapanama.com\/es\/wp-json\/wp\/v2\/types\/product"}],"replies":[{"embeddable":true,"href":"https:\/\/scubapanama.com\/es\/wp-json\/wp\/v2\/comments?post=20668"}],"version-history":[{"count":2,"href":"https:\/\/scubapanama.com\/es\/wp-json\/wp\/v2\/product\/20668\/revisions"}],"predecessor-version":[{"id":25977,"href":"https:\/\/scubapanama.com\/es\/wp-json\/wp\/v2\/product\/20668\/revisions\/25977"}],"wp:featuredmedia":[{"embeddable":true,"href":"https:\/\/scubapanama.com\/es\/wp-json\/wp\/v2\/media\/24073"}],"wp:attachment":[{"href":"https:\/\/scubapanama.com\/es\/wp-json\/wp\/v2\/media?parent=20668"}],"wp:term":[{"taxonomy":"product_brand","embeddable":true,"href":"https:\/\/scubapanama.com\/es\/wp-json\/wp\/v2\/product_brand?post=20668"},{"taxonomy":"product_cat","embeddable":true,"href":"https:\/\/scubapanama.com\/es\/wp-json\/wp\/v2\/product_cat?post=20668"},{"taxonomy":"product_tag","embeddable":true,"href":"https:\/\/scubapanama.com\/es\/wp-json\/wp\/v2\/product_tag?post=20668"}],"curies":[{"name":"wp","href":"https:\/\/api.w.org\/{rel}","templated":true}]}}