{"id":20667,"date":"2025-01-23T01:50:37","date_gmt":"2025-01-23T06:50:37","guid":{"rendered":"https:\/\/scubapanama.com\/product\/ist-sp-2a-broche-de-laton-con-cincha\/"},"modified":"2025-05-09T08:56:05","modified_gmt":"2025-05-09T13:56:05","slug":"ist-sp-2a-broche-de-laton-con-cincha","status":"publish","type":"product","link":"https:\/\/scubapanama.com\/es\/product\/ist-sp-2a-broche-de-laton-con-cincha\/","title":{"rendered":"IST BROCHE DE LAT\u00d3N CON CINCHA (SP-2A)"},"content":{"rendered":"<p><span>Correa de nailon tejido con clip de puerta que a\u00f1ade un punto de sujeci\u00f3n a un cintur\u00f3n de buceo.<\/span><br \/>\n<span>Clip de puerta giratorio de 360\u00b0 de lat\u00f3n de grado marino resistente a la corrosi\u00f3n.<\/span><br \/>\n<span>Se desliza sobre cinturones de hasta 2&#8243; de ancho.<\/span><br \/>\n<span>Complemento perfecto para su kit de buceo seguro.<\/span><br \/>\n<span>Longitud total: 7,5&#8243; (19,05 cm)<\/span><\/p>\n","protected":false},"excerpt":{"rendered":"<p><span>Correa de nailon tejido con clip de puerta que a\u00f1ade un punto de sujeci\u00f3n a un cintur\u00f3n de buceo.<\/span><\/p>\n","protected":false},"featured_media":24042,"comment_status":"open","ping_status":"closed","template":"","meta":{"iawp_total_views":2,"_joinchat":[]},"product_brand":[],"product_cat":[111],"product_tag":[218],"class_list":{"0":"post-20667","1":"product","2":"type-product","3":"status-publish","4":"has-post-thumbnail","6":"product_cat-tienda-online","7":"product_tag-ist-es","9":"first","10":"onbackorder","11":"taxable","12":"shipping-taxable","13":"purchasable","14":"product-type-simple"},"booking_location":null,"booking_location_type":null,"booking_duration":null,"booking_duration_unit":null,"booking_buffer":null,"booking_cost":null,"booking_resources":null,"_links":{"self":[{"href":"https:\/\/scubapanama.com\/es\/wp-json\/wp\/v2\/product\/20667","targetHints":{"allow":["GET"]}}],"collection":[{"href":"https:\/\/scubapanama.com\/es\/wp-json\/wp\/v2\/product"}],"about":[{"href":"https:\/\/scubapanama.com\/es\/wp-json\/wp\/v2\/types\/product"}],"replies":[{"embeddable":true,"href":"https:\/\/scubapanama.com\/es\/wp-json\/wp\/v2\/comments?post=20667"}],"version-history":[{"count":2,"href":"https:\/\/scubapanama.com\/es\/wp-json\/wp\/v2\/product\/20667\/revisions"}],"predecessor-version":[{"id":25975,"href":"https:\/\/scubapanama.com\/es\/wp-json\/wp\/v2\/product\/20667\/revisions\/25975"}],"wp:featuredmedia":[{"embeddable":true,"href":"https:\/\/scubapanama.com\/es\/wp-json\/wp\/v2\/media\/24042"}],"wp:attachment":[{"href":"https:\/\/scubapanama.com\/es\/wp-json\/wp\/v2\/media?parent=20667"}],"wp:term":[{"taxonomy":"product_brand","embeddable":true,"href":"https:\/\/scubapanama.com\/es\/wp-json\/wp\/v2\/product_brand?post=20667"},{"taxonomy":"product_cat","embeddable":true,"href":"https:\/\/scubapanama.com\/es\/wp-json\/wp\/v2\/product_cat?post=20667"},{"taxonomy":"product_tag","embeddable":true,"href":"https:\/\/scubapanama.com\/es\/wp-json\/wp\/v2\/product_tag?post=20667"}],"curies":[{"name":"wp","href":"https:\/\/api.w.org\/{rel}","templated":true}]}}