{"id":20665,"date":"2025-01-23T01:50:37","date_gmt":"2025-01-23T06:50:37","guid":{"rendered":"https:\/\/scubapanama.com\/product\/ist-sp-9a-1-mosqueton-de-aluminio-con-cierre\/"},"modified":"2025-05-09T08:53:36","modified_gmt":"2025-05-09T13:53:36","slug":"ist-sp-9a-1-mosqueton-de-aluminio-con-cierre","status":"publish","type":"product","link":"https:\/\/scubapanama.com\/es\/product\/ist-sp-9a-1-mosqueton-de-aluminio-con-cierre\/","title":{"rendered":"IST MOSQUET\u00d3N DE ALUMINIO CON CIERRE (SP-9A-1)"},"content":{"rendered":"<p><span>Mosquet\u00f3n de aluminio de alta calidad\u00a0<\/span>disponible en tallas S, M o<span>\u00a0L.<\/span><\/p>\n<p><span>Ya sea que est\u00e9 haciendo ejercicio, caminando o haciendo kayak, o acampando en hamacas y cazando, estos ganchos a presi\u00f3n de resorte le resultar\u00e1n \u00fatiles. Coloque este clip de mosquet\u00f3n auxiliar en su mano.<\/span><\/p>\n<p><span>Ligero y resistente &#8211; Ideal para uso en interiores y exteriores: se fija a mochilas, bolsos, carteras, monederos o llaveros. Este mosquet\u00f3n es ideal para sujetar llaves, cordones, cuerdas, l\u00e1mparas de camping, macetas, botellas de agua y otros art\u00edculos. Tambi\u00e9n se puede usar como asa o colgador, con m\u00faltiples usos en casa y al aire libre.<\/span><\/p>\n","protected":false},"excerpt":{"rendered":"<p><span>Mosquet\u00f3n de aluminio de alta calidad\u00a0<\/span>disponible en tallas S, M o<span>\u00a0L.<\/span><\/p>\n<p>&nbsp;<\/p>\n","protected":false},"featured_media":24047,"comment_status":"open","ping_status":"closed","template":"","meta":{"iawp_total_views":20,"_joinchat":[]},"product_brand":[],"product_cat":[111],"product_tag":[218],"class_list":{"0":"post-20665","1":"product","2":"type-product","3":"status-publish","4":"has-post-thumbnail","6":"product_cat-tienda-online","7":"product_tag-ist-es","9":"first","10":"onbackorder","11":"taxable","12":"shipping-taxable","13":"purchasable","14":"product-type-simple"},"booking_location":null,"booking_location_type":null,"booking_duration":null,"booking_duration_unit":null,"booking_buffer":null,"booking_cost":null,"booking_resources":null,"_links":{"self":[{"href":"https:\/\/scubapanama.com\/es\/wp-json\/wp\/v2\/product\/20665","targetHints":{"allow":["GET"]}}],"collection":[{"href":"https:\/\/scubapanama.com\/es\/wp-json\/wp\/v2\/product"}],"about":[{"href":"https:\/\/scubapanama.com\/es\/wp-json\/wp\/v2\/types\/product"}],"replies":[{"embeddable":true,"href":"https:\/\/scubapanama.com\/es\/wp-json\/wp\/v2\/comments?post=20665"}],"version-history":[{"count":2,"href":"https:\/\/scubapanama.com\/es\/wp-json\/wp\/v2\/product\/20665\/revisions"}],"predecessor-version":[{"id":25973,"href":"https:\/\/scubapanama.com\/es\/wp-json\/wp\/v2\/product\/20665\/revisions\/25973"}],"wp:featuredmedia":[{"embeddable":true,"href":"https:\/\/scubapanama.com\/es\/wp-json\/wp\/v2\/media\/24047"}],"wp:attachment":[{"href":"https:\/\/scubapanama.com\/es\/wp-json\/wp\/v2\/media?parent=20665"}],"wp:term":[{"taxonomy":"product_brand","embeddable":true,"href":"https:\/\/scubapanama.com\/es\/wp-json\/wp\/v2\/product_brand?post=20665"},{"taxonomy":"product_cat","embeddable":true,"href":"https:\/\/scubapanama.com\/es\/wp-json\/wp\/v2\/product_cat?post=20665"},{"taxonomy":"product_tag","embeddable":true,"href":"https:\/\/scubapanama.com\/es\/wp-json\/wp\/v2\/product_tag?post=20665"}],"curies":[{"name":"wp","href":"https:\/\/api.w.org\/{rel}","templated":true}]}}