{"id":20664,"date":"2025-01-23T01:50:37","date_gmt":"2025-01-23T06:50:37","guid":{"rendered":"https:\/\/scubapanama.com\/product\/ist-t16-bk-linterna-led-3-c-pilas-negro\/"},"modified":"2025-05-09T08:51:01","modified_gmt":"2025-05-09T13:51:01","slug":"ist-t16-bk-linterna-led-3-c-pilas-negro","status":"publish","type":"product","link":"https:\/\/scubapanama.com\/es\/product\/ist-t16-bk-linterna-led-3-c-pilas-negro\/","title":{"rendered":"IST LINTERNA LED 3 C &#8211; PILAS NEGRO (T16-BK)"},"content":{"rendered":"<div id=\"featurebullets_feature_div\" class=\"celwidget\" data-feature-name=\"featurebullets\" data-csa-c-type=\"widget\" data-csa-c-content-id=\"featurebullets\" data-csa-c-slot-id=\"featurebullets_feature_div\" data-csa-c-asin=\"B0057JUGOE\" data-csa-c-is-in-initial-active-row=\"false\" data-csa-c-id=\"7faqwy-9ay6tu-1zexko-zaj1ys\" data-cel-widget=\"featurebullets_feature_div\">\n<div id=\"feature-bullets\" class=\"a-section a-spacing-medium a-spacing-top-small\">\n<ul class=\"a-unordered-list a-vertical a-spacing-mini\">\n<li class=\"a-spacing-mini\"><span class=\"a-list-item\"><span>Linterna de buceo de 220 l\u00famenes con una autonom\u00eda de aproximadamente 8 horas con pilas nuevas.<\/span><\/span><\/li>\n<li class=\"a-spacing-mini\"><span class=\"a-list-item\"><span>Linterna de buceo de 220 l\u00famenes con una autonom\u00eda de aproximadamente 8 horas con pilas nuevas.<\/span><\/span><\/li>\n<li class=\"a-spacing-mini\"><span class=\"a-list-item\"><span>Clasificado como resistente al agua hasta una profundidad de 196 pies (60 m)<\/span><\/span><\/li>\n<li class=\"a-spacing-mini\"><span class=\"a-list-item\"><span>El bloqueo del interruptor evita la activaci\u00f3n accidental<\/span><\/span><\/li>\n<li class=\"a-spacing-mini\"><span class=\"a-list-item\"><span>Incluye correa con cierre de palanca y funda acolchada para la mu\u00f1eca.<\/span><\/span><\/li>\n<li class=\"a-spacing-mini\"><span class=\"a-list-item\"><span>6,2 \u00d7 2,4 \u00d7 2 pulgadas (16 cm \u00d7 6 cm x 5 cm)<\/span><\/span><\/li>\n<\/ul>\n<\/div>\n<\/div>\n<div id=\"provenanceCertifications_feature_div\" class=\"celwidget\" data-feature-name=\"provenanceCertifications\" data-csa-c-type=\"widget\" data-csa-c-content-id=\"provenanceCertifications\" data-csa-c-slot-id=\"provenanceCertifications_feature_div\" data-csa-c-asin=\"B0057JUGOE\" data-csa-c-is-in-initial-active-row=\"false\" data-csa-c-id=\"so15tt-u5w1lj-60ks77-nucntz\" data-cel-widget=\"provenanceCertifications_feature_div\">\n<div id=\"provenance-certifications\" class=\"a-section a-spacing-medium a-spacing-top-micro\"><\/div>\n<\/div>\n","protected":false},"excerpt":{"rendered":"<div id=\"featurebullets_feature_div\" class=\"celwidget\" data-feature-name=\"featurebullets\" data-csa-c-type=\"widget\" data-csa-c-content-id=\"featurebullets\" data-csa-c-slot-id=\"featurebullets_feature_div\" data-csa-c-asin=\"B0057JUGOE\" data-csa-c-is-in-initial-active-row=\"false\" data-csa-c-id=\"7faqwy-9ay6tu-1zexko-zaj1ys\" data-cel-widget=\"featurebullets_feature_div\">\n<div id=\"feature-bullets\" class=\"a-section a-spacing-medium a-spacing-top-small\">\n<p><span class=\"a-list-item\"><span>Linterna de buceo de 220 l\u00famenes con una autonom\u00eda de aproximadamente 8 horas con pilas nuevas.<\/span><\/span><\/p>\n<\/div>\n<\/div>\n","protected":false},"featured_media":24063,"comment_status":"open","ping_status":"closed","template":"","meta":{"iawp_total_views":23,"_joinchat":[]},"product_brand":[],"product_cat":[111],"product_tag":[218],"class_list":{"0":"post-20664","1":"product","2":"type-product","3":"status-publish","4":"has-post-thumbnail","6":"product_cat-tienda-online","7":"product_tag-ist-es","9":"first","10":"instock","11":"taxable","12":"shipping-taxable","13":"purchasable","14":"product-type-simple"},"booking_location":null,"booking_location_type":null,"booking_duration":null,"booking_duration_unit":null,"booking_buffer":null,"booking_cost":null,"booking_resources":null,"_links":{"self":[{"href":"https:\/\/scubapanama.com\/es\/wp-json\/wp\/v2\/product\/20664","targetHints":{"allow":["GET"]}}],"collection":[{"href":"https:\/\/scubapanama.com\/es\/wp-json\/wp\/v2\/product"}],"about":[{"href":"https:\/\/scubapanama.com\/es\/wp-json\/wp\/v2\/types\/product"}],"replies":[{"embeddable":true,"href":"https:\/\/scubapanama.com\/es\/wp-json\/wp\/v2\/comments?post=20664"}],"version-history":[{"count":2,"href":"https:\/\/scubapanama.com\/es\/wp-json\/wp\/v2\/product\/20664\/revisions"}],"predecessor-version":[{"id":25971,"href":"https:\/\/scubapanama.com\/es\/wp-json\/wp\/v2\/product\/20664\/revisions\/25971"}],"wp:featuredmedia":[{"embeddable":true,"href":"https:\/\/scubapanama.com\/es\/wp-json\/wp\/v2\/media\/24063"}],"wp:attachment":[{"href":"https:\/\/scubapanama.com\/es\/wp-json\/wp\/v2\/media?parent=20664"}],"wp:term":[{"taxonomy":"product_brand","embeddable":true,"href":"https:\/\/scubapanama.com\/es\/wp-json\/wp\/v2\/product_brand?post=20664"},{"taxonomy":"product_cat","embeddable":true,"href":"https:\/\/scubapanama.com\/es\/wp-json\/wp\/v2\/product_cat?post=20664"},{"taxonomy":"product_tag","embeddable":true,"href":"https:\/\/scubapanama.com\/es\/wp-json\/wp\/v2\/product_tag?post=20664"}],"curies":[{"name":"wp","href":"https:\/\/api.w.org\/{rel}","templated":true}]}}