{"id":20656,"date":"2025-01-23T01:50:38","date_gmt":"2025-01-23T06:50:38","guid":{"rendered":"https:\/\/scubapanama.com\/product\/ist-ta-ny-ist-tank-banger-amarillo-neon\/"},"modified":"2025-05-08T16:29:45","modified_gmt":"2025-05-08T21:29:45","slug":"ist-ta-ny-ist-tank-banger-amarillo-neon","status":"publish","type":"product","link":"https:\/\/scubapanama.com\/es\/product\/ist-ta-ny-ist-tank-banger-amarillo-neon\/","title":{"rendered":"IST TANK BANGER AMARILLO NE\u00d3N (TA-NY )"},"content":{"rendered":"<p><span>Banda de silicona el\u00e1stica con bola de pl\u00e1stico duro adjunta<\/span><br \/>\n<span>Se desliza sobre cualquier cilindro de buceo de 6 pulgadas de di\u00e1metro en adelante<\/span><br \/>\n<span>Tire y suelte la bola para crear un &#8216;clang&#8217; reverberante en su tanque mientras est\u00e1 bajo el agua<\/span><br \/>\n<span>La bola de pl\u00e1stico es de color amarillo ne\u00f3n de alta visibilidad para ayudar con la ubicaci\u00f3n r\u00e1pida en profundidad. <\/span><span>Equipo de seguridad esencial: nunca bucee sin un dispositivo de se\u00f1alizaci\u00f3n<\/span><\/p>\n","protected":false},"excerpt":{"rendered":"<p><span>Banda de silicona el\u00e1stica con bola de pl\u00e1stico duro adjunta.<\/span><\/p>\n","protected":false},"featured_media":23968,"comment_status":"open","ping_status":"closed","template":"","meta":{"iawp_total_views":4,"_joinchat":[]},"product_brand":[],"product_cat":[111],"product_tag":[218],"class_list":{"0":"post-20656","1":"product","2":"type-product","3":"status-publish","4":"has-post-thumbnail","6":"product_cat-tienda-online","7":"product_tag-ist-es","9":"first","10":"onbackorder","11":"taxable","12":"shipping-taxable","13":"purchasable","14":"product-type-simple"},"booking_location":null,"booking_location_type":null,"booking_duration":null,"booking_duration_unit":null,"booking_buffer":null,"booking_cost":null,"booking_resources":null,"_links":{"self":[{"href":"https:\/\/scubapanama.com\/es\/wp-json\/wp\/v2\/product\/20656","targetHints":{"allow":["GET"]}}],"collection":[{"href":"https:\/\/scubapanama.com\/es\/wp-json\/wp\/v2\/product"}],"about":[{"href":"https:\/\/scubapanama.com\/es\/wp-json\/wp\/v2\/types\/product"}],"replies":[{"embeddable":true,"href":"https:\/\/scubapanama.com\/es\/wp-json\/wp\/v2\/comments?post=20656"}],"version-history":[{"count":2,"href":"https:\/\/scubapanama.com\/es\/wp-json\/wp\/v2\/product\/20656\/revisions"}],"predecessor-version":[{"id":25943,"href":"https:\/\/scubapanama.com\/es\/wp-json\/wp\/v2\/product\/20656\/revisions\/25943"}],"wp:featuredmedia":[{"embeddable":true,"href":"https:\/\/scubapanama.com\/es\/wp-json\/wp\/v2\/media\/23968"}],"wp:attachment":[{"href":"https:\/\/scubapanama.com\/es\/wp-json\/wp\/v2\/media?parent=20656"}],"wp:term":[{"taxonomy":"product_brand","embeddable":true,"href":"https:\/\/scubapanama.com\/es\/wp-json\/wp\/v2\/product_brand?post=20656"},{"taxonomy":"product_cat","embeddable":true,"href":"https:\/\/scubapanama.com\/es\/wp-json\/wp\/v2\/product_cat?post=20656"},{"taxonomy":"product_tag","embeddable":true,"href":"https:\/\/scubapanama.com\/es\/wp-json\/wp\/v2\/product_tag?post=20656"}],"curies":[{"name":"wp","href":"https:\/\/api.w.org\/{rel}","templated":true}]}}