{"id":20653,"date":"2025-01-23T01:50:57","date_gmt":"2025-01-23T06:50:57","guid":{"rendered":"https:\/\/scubapanama.com\/product\/scubapro-24-152-100-currents-combo-adulto-negro\/"},"modified":"2025-04-23T12:09:34","modified_gmt":"2025-04-23T17:09:34","slug":"scubapro-24-152-100-currents-combo-adulto-negro","status":"publish","type":"product","link":"https:\/\/scubapanama.com\/es\/product\/scubapro-24-152-100-currents-combo-adulto-negro\/","title":{"rendered":"SCUBAPRO CURRENTS COMBO ADULTO NEGRO (24.152.100)"},"content":{"rendered":"<p>Disfrute de una vista amplia y luminosa del mundo submarino. El fald\u00f3n transparente de la m\u00e1scara CURRENTS COMBO elimina la sensaci\u00f3n de encierro que experimentan algunos buceadores con m\u00e1scaras de fald\u00f3n negro. El tubo flexible ventilado que lo acompa\u00f1a cuenta con una protecci\u00f3n superior contra salpicaduras.<\/p>\n","protected":false},"excerpt":{"rendered":"<p>Disfrute de una vista amplia y luminosa del mundo submarino.<\/p>\n","protected":false},"featured_media":22529,"comment_status":"open","ping_status":"closed","template":"","meta":{"iawp_total_views":6,"_joinchat":[]},"product_brand":[],"product_cat":[111],"product_tag":[153],"class_list":{"0":"post-20653","1":"product","2":"type-product","3":"status-publish","4":"has-post-thumbnail","6":"product_cat-tienda-online","7":"product_tag-scubapro-es","9":"first","10":"instock","11":"taxable","12":"shipping-taxable","13":"purchasable","14":"product-type-simple"},"booking_location":null,"booking_location_type":null,"booking_duration":null,"booking_duration_unit":null,"booking_buffer":null,"booking_cost":null,"booking_resources":null,"_links":{"self":[{"href":"https:\/\/scubapanama.com\/es\/wp-json\/wp\/v2\/product\/20653","targetHints":{"allow":["GET"]}}],"collection":[{"href":"https:\/\/scubapanama.com\/es\/wp-json\/wp\/v2\/product"}],"about":[{"href":"https:\/\/scubapanama.com\/es\/wp-json\/wp\/v2\/types\/product"}],"replies":[{"embeddable":true,"href":"https:\/\/scubapanama.com\/es\/wp-json\/wp\/v2\/comments?post=20653"}],"version-history":[{"count":2,"href":"https:\/\/scubapanama.com\/es\/wp-json\/wp\/v2\/product\/20653\/revisions"}],"predecessor-version":[{"id":23151,"href":"https:\/\/scubapanama.com\/es\/wp-json\/wp\/v2\/product\/20653\/revisions\/23151"}],"wp:featuredmedia":[{"embeddable":true,"href":"https:\/\/scubapanama.com\/es\/wp-json\/wp\/v2\/media\/22529"}],"wp:attachment":[{"href":"https:\/\/scubapanama.com\/es\/wp-json\/wp\/v2\/media?parent=20653"}],"wp:term":[{"taxonomy":"product_brand","embeddable":true,"href":"https:\/\/scubapanama.com\/es\/wp-json\/wp\/v2\/product_brand?post=20653"},{"taxonomy":"product_cat","embeddable":true,"href":"https:\/\/scubapanama.com\/es\/wp-json\/wp\/v2\/product_cat?post=20653"},{"taxonomy":"product_tag","embeddable":true,"href":"https:\/\/scubapanama.com\/es\/wp-json\/wp\/v2\/product_tag?post=20653"}],"curies":[{"name":"wp","href":"https:\/\/api.w.org\/{rel}","templated":true}]}}