{"id":20650,"date":"2025-01-23T01:50:38","date_gmt":"2025-01-23T06:50:38","guid":{"rendered":"https:\/\/scubapanama.com\/product\/cinturon-de-goma-ist-wb-15\/"},"modified":"2025-05-08T16:17:04","modified_gmt":"2025-05-08T21:17:04","slug":"cinturon-de-goma-ist-wb-15","status":"publish","type":"product","link":"https:\/\/scubapanama.com\/es\/product\/cinturon-de-goma-ist-wb-15\/","title":{"rendered":"IST CINTUR\u00d3N DE GOMA (WB-15)"},"content":{"rendered":"<p>Cintur\u00f3n de pesas para buceo : el cintur\u00f3n de pesas es imprescindible para el apasionado apneista. Ideal para buceo y apnea.<br \/>\nCon hebilla : cintur\u00f3n de pesas de silicona con hebilla de acero inoxidable duro.<br \/>\nCaracter\u00edsticas : La hebilla proporciona una liberaci\u00f3n instintiva y de emergencia.<br \/>\nMaterial de calidad : el remache est\u00e1 hecho de acero inoxidable, mano de obra estable y fina, sin riesgo de aflojarse.<br \/>\nDise\u00f1o ajustable : ajuste libre de 12 orificios, longitud: 140 cm\/55,12 pulgadas, ancho: 4,5 cm\/1,77 pulgadas, grosor: 0,45 cm\/0,18 pulgadas.<\/p>\n","protected":false},"excerpt":{"rendered":"<p>Cintur\u00f3n de pesas para buceo : el cintur\u00f3n de pesas es imprescindible para el apasionado apneista. Ideal para buceo y apnea.<\/p>\n","protected":false},"featured_media":23986,"comment_status":"open","ping_status":"closed","template":"","meta":{"iawp_total_views":15,"_joinchat":[]},"product_brand":[],"product_cat":[111],"product_tag":[218],"class_list":{"0":"post-20650","1":"product","2":"type-product","3":"status-publish","4":"has-post-thumbnail","6":"product_cat-tienda-online","7":"product_tag-ist-es","9":"first","10":"onbackorder","11":"taxable","12":"shipping-taxable","13":"purchasable","14":"product-type-simple"},"booking_location":null,"booking_location_type":null,"booking_duration":null,"booking_duration_unit":null,"booking_buffer":null,"booking_cost":null,"booking_resources":null,"_links":{"self":[{"href":"https:\/\/scubapanama.com\/es\/wp-json\/wp\/v2\/product\/20650","targetHints":{"allow":["GET"]}}],"collection":[{"href":"https:\/\/scubapanama.com\/es\/wp-json\/wp\/v2\/product"}],"about":[{"href":"https:\/\/scubapanama.com\/es\/wp-json\/wp\/v2\/types\/product"}],"replies":[{"embeddable":true,"href":"https:\/\/scubapanama.com\/es\/wp-json\/wp\/v2\/comments?post=20650"}],"version-history":[{"count":2,"href":"https:\/\/scubapanama.com\/es\/wp-json\/wp\/v2\/product\/20650\/revisions"}],"predecessor-version":[{"id":25926,"href":"https:\/\/scubapanama.com\/es\/wp-json\/wp\/v2\/product\/20650\/revisions\/25926"}],"wp:featuredmedia":[{"embeddable":true,"href":"https:\/\/scubapanama.com\/es\/wp-json\/wp\/v2\/media\/23986"}],"wp:attachment":[{"href":"https:\/\/scubapanama.com\/es\/wp-json\/wp\/v2\/media?parent=20650"}],"wp:term":[{"taxonomy":"product_brand","embeddable":true,"href":"https:\/\/scubapanama.com\/es\/wp-json\/wp\/v2\/product_brand?post=20650"},{"taxonomy":"product_cat","embeddable":true,"href":"https:\/\/scubapanama.com\/es\/wp-json\/wp\/v2\/product_cat?post=20650"},{"taxonomy":"product_tag","embeddable":true,"href":"https:\/\/scubapanama.com\/es\/wp-json\/wp\/v2\/product_tag?post=20650"}],"curies":[{"name":"wp","href":"https:\/\/api.w.org\/{rel}","templated":true}]}}