{"id":20648,"date":"2025-01-23T01:50:57","date_gmt":"2025-01-23T06:50:57","guid":{"rendered":"https:\/\/scubapanama.com\/product\/scubapro-24-156-500-mascara-trinidad-3-amarillo\/"},"modified":"2025-04-23T12:00:15","modified_gmt":"2025-04-23T17:00:15","slug":"scubapro-24-156-500-mascara-trinidad-3-amarillo","status":"publish","type":"product","link":"https:\/\/scubapanama.com\/es\/product\/scubapro-24-156-500-mascara-trinidad-3-amarillo\/","title":{"rendered":"SCUBAPRO M\u00c1SCARA TRINIDAD 3 AMARILLO (24.156.500)"},"content":{"rendered":"<p>La m\u00e1scara Trinidad 3 cuenta con el mismo dise\u00f1o monocristal y la misma estructura ligera y sin montura que la Trinidad 2. La novedad es el dise\u00f1o del sistema de sujeci\u00f3n: las hebillas de zafado r\u00e1pido se fijan a unas solapas del fald\u00f3n para optimizar el rango de movimiento al ajustar la m\u00e1scara. Estas hebillas son compatibles con las nuevas Correas de Confort estilo gafas de esqu\u00ed. Otra novedad es la atractiva variedad de llamativos colores a juego con las aletas Seawing Nova y los chalecos HYDRO PRO.<\/p>\n","protected":false},"excerpt":{"rendered":"<p>La m\u00e1scara Trinidad 3 cuenta con el mismo dise\u00f1o monocristal y la misma estructura ligera y sin montura que la Trinidad 2.<\/p>\n","protected":false},"featured_media":22545,"comment_status":"open","ping_status":"closed","template":"","meta":{"iawp_total_views":0,"_joinchat":[]},"product_brand":[],"product_cat":[111],"product_tag":[153],"class_list":{"0":"post-20648","1":"product","2":"type-product","3":"status-publish","4":"has-post-thumbnail","6":"product_cat-tienda-online","7":"product_tag-scubapro-es","9":"first","10":"instock","11":"taxable","12":"shipping-taxable","13":"purchasable","14":"product-type-simple"},"booking_location":null,"booking_location_type":null,"booking_duration":null,"booking_duration_unit":null,"booking_buffer":null,"booking_cost":null,"booking_resources":null,"_links":{"self":[{"href":"https:\/\/scubapanama.com\/es\/wp-json\/wp\/v2\/product\/20648","targetHints":{"allow":["GET"]}}],"collection":[{"href":"https:\/\/scubapanama.com\/es\/wp-json\/wp\/v2\/product"}],"about":[{"href":"https:\/\/scubapanama.com\/es\/wp-json\/wp\/v2\/types\/product"}],"replies":[{"embeddable":true,"href":"https:\/\/scubapanama.com\/es\/wp-json\/wp\/v2\/comments?post=20648"}],"version-history":[{"count":2,"href":"https:\/\/scubapanama.com\/es\/wp-json\/wp\/v2\/product\/20648\/revisions"}],"predecessor-version":[{"id":23141,"href":"https:\/\/scubapanama.com\/es\/wp-json\/wp\/v2\/product\/20648\/revisions\/23141"}],"wp:featuredmedia":[{"embeddable":true,"href":"https:\/\/scubapanama.com\/es\/wp-json\/wp\/v2\/media\/22545"}],"wp:attachment":[{"href":"https:\/\/scubapanama.com\/es\/wp-json\/wp\/v2\/media?parent=20648"}],"wp:term":[{"taxonomy":"product_brand","embeddable":true,"href":"https:\/\/scubapanama.com\/es\/wp-json\/wp\/v2\/product_brand?post=20648"},{"taxonomy":"product_cat","embeddable":true,"href":"https:\/\/scubapanama.com\/es\/wp-json\/wp\/v2\/product_cat?post=20648"},{"taxonomy":"product_tag","embeddable":true,"href":"https:\/\/scubapanama.com\/es\/wp-json\/wp\/v2\/product_tag?post=20648"}],"curies":[{"name":"wp","href":"https:\/\/api.w.org\/{rel}","templated":true}]}}