{"id":20647,"date":"2025-01-23T01:50:56","date_gmt":"2025-01-23T06:50:56","guid":{"rendered":"https:\/\/scubapanama.com\/product\/scubapro-24-108-100-mascara-comp-acero-negro\/"},"modified":"2025-04-23T12:20:55","modified_gmt":"2025-04-23T17:20:55","slug":"scubapro-24-108-100-mascara-comp-acero-negro","status":"publish","type":"product","link":"https:\/\/scubapanama.com\/es\/product\/scubapro-24-108-100-mascara-comp-acero-negro\/","title":{"rendered":"SCUBAPRO M\u00c1SCARA COMP ACERO NEGRO (24.108.100)"},"content":{"rendered":"<p>La Steel Comp de doble lente sin montura es la m\u00e1scara para practicar buceo en apnea y est\u00e1 especialmente dise\u00f1ada para buceadores de profundidad. Dispone del volumen interno m\u00e1s reducido posible, lo que facilita la compensaci\u00f3n. Asimismo, la m\u00e1scara se comprime durante el descenso, por lo que la compensaci\u00f3n no es tan necesario como de costumbre. El fald\u00f3n es muy eficaz al impedir que la luz se refleje en las inmersiones. El fald\u00f3n blando y el sistema de hebillas giratorias permiten un ajuste c\u00f3modo que evita la entrada de agua en la mayor\u00eda de los rostros<\/p>\n","protected":false},"excerpt":{"rendered":"<p>La Steel Comp de doble lente sin montura es la m\u00e1scara para practicar buceo en apnea y est\u00e1 especialmente dise\u00f1ada para buceadores de profundidad. Dispone del volumen interno m\u00e1s reducido posible, lo que facilita la compensaci\u00f3n.<\/p>\n","protected":false},"featured_media":22747,"comment_status":"open","ping_status":"closed","template":"","meta":{"iawp_total_views":4,"_joinchat":[]},"product_brand":[],"product_cat":[111],"product_tag":[153],"class_list":{"0":"post-20647","1":"product","2":"type-product","3":"status-publish","4":"has-post-thumbnail","6":"product_cat-tienda-online","7":"product_tag-scubapro-es","9":"first","10":"instock","11":"taxable","12":"shipping-taxable","13":"purchasable","14":"product-type-simple"},"booking_location":null,"booking_location_type":null,"booking_duration":null,"booking_duration_unit":null,"booking_buffer":null,"booking_cost":null,"booking_resources":null,"_links":{"self":[{"href":"https:\/\/scubapanama.com\/es\/wp-json\/wp\/v2\/product\/20647","targetHints":{"allow":["GET"]}}],"collection":[{"href":"https:\/\/scubapanama.com\/es\/wp-json\/wp\/v2\/product"}],"about":[{"href":"https:\/\/scubapanama.com\/es\/wp-json\/wp\/v2\/types\/product"}],"replies":[{"embeddable":true,"href":"https:\/\/scubapanama.com\/es\/wp-json\/wp\/v2\/comments?post=20647"}],"version-history":[{"count":2,"href":"https:\/\/scubapanama.com\/es\/wp-json\/wp\/v2\/product\/20647\/revisions"}],"predecessor-version":[{"id":23156,"href":"https:\/\/scubapanama.com\/es\/wp-json\/wp\/v2\/product\/20647\/revisions\/23156"}],"wp:featuredmedia":[{"embeddable":true,"href":"https:\/\/scubapanama.com\/es\/wp-json\/wp\/v2\/media\/22747"}],"wp:attachment":[{"href":"https:\/\/scubapanama.com\/es\/wp-json\/wp\/v2\/media?parent=20647"}],"wp:term":[{"taxonomy":"product_brand","embeddable":true,"href":"https:\/\/scubapanama.com\/es\/wp-json\/wp\/v2\/product_brand?post=20647"},{"taxonomy":"product_cat","embeddable":true,"href":"https:\/\/scubapanama.com\/es\/wp-json\/wp\/v2\/product_cat?post=20647"},{"taxonomy":"product_tag","embeddable":true,"href":"https:\/\/scubapanama.com\/es\/wp-json\/wp\/v2\/product_tag?post=20647"}],"curies":[{"name":"wp","href":"https:\/\/api.w.org\/{rel}","templated":true}]}}