{"id":20645,"date":"2025-01-23T01:50:56","date_gmt":"2025-01-23T06:50:56","guid":{"rendered":"https:\/\/scubapanama.com\/product\/scubapro-24-109-100-mascara-steel-pro-negra\/"},"modified":"2025-04-23T12:17:22","modified_gmt":"2025-04-23T17:17:22","slug":"scubapro-24-109-100-mascara-steel-pro-negra","status":"publish","type":"product","link":"https:\/\/scubapanama.com\/es\/product\/scubapro-24-109-100-mascara-steel-pro-negra\/","title":{"rendered":"SCUBAPRO M\u00c1SCARA STEEL PRO NEGRA (24.109.100)"},"content":{"rendered":"<div class=\"container\">\n<div id=\"collapse-overview\" class=\"collapse show\" role=\"tabpanel\" data-parent=\"#content\" aria-labelledby=\"heading-overview\">\n<div class=\"card-body\">\n<p>La STEEL PRO, de lente \u00fanica y volumen reducido, ofrece una visi\u00f3n amplia del mundo submarino. Perfecta para apnea o buceo, su dise\u00f1o sin montura es aerodin\u00e1mico y ligero, y el fald\u00f3n de silicona suave proporciona un ajuste c\u00f3modo en rostros de todo tipo. Las hebillas giratorias se combinan con una correa microajustable para maximizar la estanqueidad, y el fald\u00f3n es muy eficaz para bloquear el reflejo de la luz en profundidad. Su dise\u00f1o reducido convierte a la STEEL PRO en una m\u00e1scara ideal para todo tipo de buceo.<\/p>\n<\/div>\n<\/div>\n<\/div>\n","protected":false},"excerpt":{"rendered":"<p>La STEEL PRO, de lente \u00fanica y volumen reducido, ofrece una visi\u00f3n amplia del mundo submarino.<\/p>\n","protected":false},"featured_media":22753,"comment_status":"open","ping_status":"closed","template":"","meta":{"iawp_total_views":4,"_joinchat":[]},"product_brand":[],"product_cat":[111],"product_tag":[153],"class_list":{"0":"post-20645","1":"product","2":"type-product","3":"status-publish","4":"has-post-thumbnail","6":"product_cat-tienda-online","7":"product_tag-scubapro-es","9":"first","10":"instock","11":"taxable","12":"shipping-taxable","13":"purchasable","14":"product-type-simple"},"booking_location":null,"booking_location_type":null,"booking_duration":null,"booking_duration_unit":null,"booking_buffer":null,"booking_cost":null,"booking_resources":null,"_links":{"self":[{"href":"https:\/\/scubapanama.com\/es\/wp-json\/wp\/v2\/product\/20645","targetHints":{"allow":["GET"]}}],"collection":[{"href":"https:\/\/scubapanama.com\/es\/wp-json\/wp\/v2\/product"}],"about":[{"href":"https:\/\/scubapanama.com\/es\/wp-json\/wp\/v2\/types\/product"}],"replies":[{"embeddable":true,"href":"https:\/\/scubapanama.com\/es\/wp-json\/wp\/v2\/comments?post=20645"}],"version-history":[{"count":3,"href":"https:\/\/scubapanama.com\/es\/wp-json\/wp\/v2\/product\/20645\/revisions"}],"predecessor-version":[{"id":23154,"href":"https:\/\/scubapanama.com\/es\/wp-json\/wp\/v2\/product\/20645\/revisions\/23154"}],"wp:featuredmedia":[{"embeddable":true,"href":"https:\/\/scubapanama.com\/es\/wp-json\/wp\/v2\/media\/22753"}],"wp:attachment":[{"href":"https:\/\/scubapanama.com\/es\/wp-json\/wp\/v2\/media?parent=20645"}],"wp:term":[{"taxonomy":"product_brand","embeddable":true,"href":"https:\/\/scubapanama.com\/es\/wp-json\/wp\/v2\/product_brand?post=20645"},{"taxonomy":"product_cat","embeddable":true,"href":"https:\/\/scubapanama.com\/es\/wp-json\/wp\/v2\/product_cat?post=20645"},{"taxonomy":"product_tag","embeddable":true,"href":"https:\/\/scubapanama.com\/es\/wp-json\/wp\/v2\/product_tag?post=20645"}],"curies":[{"name":"wp","href":"https:\/\/api.w.org\/{rel}","templated":true}]}}