{"id":20643,"date":"2025-01-23T01:50:57","date_gmt":"2025-01-23T06:50:57","guid":{"rendered":"https:\/\/scubapanama.com\/product\/scubapro-24-157-001-mascara-zoom-blk-slv\/"},"modified":"2025-04-23T11:57:16","modified_gmt":"2025-04-23T16:57:16","slug":"scubapro-24-157-001-mascara-zoom-blk-slv","status":"publish","type":"product","link":"https:\/\/scubapanama.com\/es\/product\/scubapro-24-157-001-mascara-zoom-blk-slv\/","title":{"rendered":"SCUBAPRO M\u00c1SCARA ZOOM BLK\/SLV (24.157.001)"},"content":{"rendered":"<div class=\"container\">\n<div id=\"collapse-overview\" class=\"collapse show\" role=\"tabpanel\" data-parent=\"#content\" aria-labelledby=\"heading-overview\">\n<div class=\"card-body\">\n<p>La Zoom es una m\u00e1scara de doble lente que presenta un dise\u00f1o de volumen reducido que la hace ideal para todos los buceadores, pero es particularmente adecuada para aquellos que usan lentes graduadas. La m\u00e1scara cuenta con un sistema de cambio de lentes que permite que el propio usuario las cambie sin necesidad de herramientas y en menos de un minuto. Las submonturas se fabrican en colores que combinan con las aletas Seawing Nova, los chalecos hidroest\u00e1ticos HYDROS PRO y las camisetas rash guard, los monopiezas y los leggings de la colecci\u00f3n UPF. La m\u00e1scara Zoom ofrece un ajuste universal e incluye un dise\u00f1o de hebillas integradas que es compatible con las Correas de Confort.<\/p>\n<\/div>\n<\/div>\n<\/div>\n<div class=\"card-body-desktop\">\n<div class=\"award-badges-wrapper\">\n<div class=\"award-badges\" data-once=\"pdp_tooltips pdp_awards_slick\">\n<div class=\"carousel__outer container\">\n<div class=\"carousel-items__inner clearfix\">\n<div class=\"award-badges-items keen-slider\">\n<div class=\"award-badges_slick-item keen-slider__slide \"><\/div>\n<\/div>\n<\/div>\n<\/div>\n<\/div>\n<\/div>\n<\/div>\n","protected":false},"excerpt":{"rendered":"<p>La Zoom es una m\u00e1scara de doble lente que presenta un dise\u00f1o de volumen reducido que la hace ideal para todos los buceadores, pero es particularmente adecuada para aquellos que usan lentes graduadas.<\/p>\n","protected":false},"featured_media":22553,"comment_status":"open","ping_status":"closed","template":"","meta":{"iawp_total_views":1,"_joinchat":[]},"product_brand":[],"product_cat":[111],"product_tag":[166,153],"class_list":{"0":"post-20643","1":"product","2":"type-product","3":"status-publish","4":"has-post-thumbnail","6":"product_cat-tienda-online","7":"product_tag-mascara","8":"product_tag-scubapro-es","10":"first","11":"instock","12":"taxable","13":"shipping-taxable","14":"purchasable","15":"product-type-simple"},"booking_location":null,"booking_location_type":null,"booking_duration":null,"booking_duration_unit":null,"booking_buffer":null,"booking_cost":null,"booking_resources":null,"_links":{"self":[{"href":"https:\/\/scubapanama.com\/es\/wp-json\/wp\/v2\/product\/20643","targetHints":{"allow":["GET"]}}],"collection":[{"href":"https:\/\/scubapanama.com\/es\/wp-json\/wp\/v2\/product"}],"about":[{"href":"https:\/\/scubapanama.com\/es\/wp-json\/wp\/v2\/types\/product"}],"replies":[{"embeddable":true,"href":"https:\/\/scubapanama.com\/es\/wp-json\/wp\/v2\/comments?post=20643"}],"version-history":[{"count":2,"href":"https:\/\/scubapanama.com\/es\/wp-json\/wp\/v2\/product\/20643\/revisions"}],"predecessor-version":[{"id":23137,"href":"https:\/\/scubapanama.com\/es\/wp-json\/wp\/v2\/product\/20643\/revisions\/23137"}],"wp:featuredmedia":[{"embeddable":true,"href":"https:\/\/scubapanama.com\/es\/wp-json\/wp\/v2\/media\/22553"}],"wp:attachment":[{"href":"https:\/\/scubapanama.com\/es\/wp-json\/wp\/v2\/media?parent=20643"}],"wp:term":[{"taxonomy":"product_brand","embeddable":true,"href":"https:\/\/scubapanama.com\/es\/wp-json\/wp\/v2\/product_brand?post=20643"},{"taxonomy":"product_cat","embeddable":true,"href":"https:\/\/scubapanama.com\/es\/wp-json\/wp\/v2\/product_cat?post=20643"},{"taxonomy":"product_tag","embeddable":true,"href":"https:\/\/scubapanama.com\/es\/wp-json\/wp\/v2\/product_tag?post=20643"}],"curies":[{"name":"wp","href":"https:\/\/api.w.org\/{rel}","templated":true}]}}