{"id":20640,"date":"2025-01-23T01:50:58","date_gmt":"2025-01-23T06:50:58","guid":{"rendered":"https:\/\/scubapanama.com\/product\/scubapro-24-847-130-mascara-spectra-negro-blanco\/"},"modified":"2025-04-23T11:32:28","modified_gmt":"2025-04-23T16:32:28","slug":"scubapro-24-847-130-mascara-spectra-negro-blanco","status":"publish","type":"product","link":"https:\/\/scubapanama.com\/es\/product\/scubapro-24-847-130-mascara-spectra-negro-blanco\/","title":{"rendered":"SCUBAPRO M\u00c1SCARA SPECTRA NEGRO\/PLATA (24.847.130)"},"content":{"rendered":"<div class=\"container\">\n<div id=\"collapse-overview\" class=\"collapse show\" role=\"tabpanel\" data-parent=\"#content\" aria-labelledby=\"heading-overview\">\n<div class=\"card-body\">\n<p>La excelente SPECTRA de doble lente ofrece un amplio campo de visi\u00f3n y un c\u00f3modo sellado estanco, con un volumen reducido que facilita el vaciado. Dise\u00f1ada para amoldarse a rostros muy variados, la SPECTRA incorpora un ingenioso fald\u00f3n de silicona con sellado doble que maximiza la sensaci\u00f3n de confort. Adem\u00e1s de c\u00f3modo, el sistema de hebilla y correa de la SPECTRA es muy f\u00e1cil de usar. Las hebillas con bot\u00f3n pulsador se fijan al fald\u00f3n, son f\u00e1ciles de ajustar y optimizan el \u00e1ngulo y rango de movimiento de la correa para lograr un ajuste perfecto. Adem\u00e1s permiten plegar la m\u00e1scara para guardarla sin problema. La m\u00e1scara est\u00e1 disponible con fald\u00f3n transparente o negro y en un amplio surtido de colores aplicados mediante un proceso de pintura exclusivo que convierte a la SPECTRA en una m\u00e1scara tan atractiva como c\u00f3moda y fiable.<\/p>\n<\/div>\n<\/div>\n<\/div>\n","protected":false},"excerpt":{"rendered":"<div class=\"container\">\n<div id=\"collapse-overview\" class=\"collapse show\" role=\"tabpanel\" data-parent=\"#content\" aria-labelledby=\"heading-overview\">\n<div class=\"card-body\">\n<p>La excelente SPECTRA de doble lente ofrece un amplio campo de visi\u00f3n y un c\u00f3modo sellado estanco, con un volumen reducido que facilita el vaciado.<\/p>\n<\/div>\n<\/div>\n<\/div>\n","protected":false},"featured_media":23118,"comment_status":"open","ping_status":"closed","template":"","meta":{"iawp_total_views":1,"_joinchat":[]},"product_brand":[],"product_cat":[111],"product_tag":[166,153],"class_list":{"0":"post-20640","1":"product","2":"type-product","3":"status-publish","4":"has-post-thumbnail","6":"product_cat-tienda-online","7":"product_tag-mascara","8":"product_tag-scubapro-es","10":"first","11":"instock","12":"taxable","13":"shipping-taxable","14":"purchasable","15":"product-type-simple"},"booking_location":null,"booking_location_type":null,"booking_duration":null,"booking_duration_unit":null,"booking_buffer":null,"booking_cost":null,"booking_resources":null,"_links":{"self":[{"href":"https:\/\/scubapanama.com\/es\/wp-json\/wp\/v2\/product\/20640","targetHints":{"allow":["GET"]}}],"collection":[{"href":"https:\/\/scubapanama.com\/es\/wp-json\/wp\/v2\/product"}],"about":[{"href":"https:\/\/scubapanama.com\/es\/wp-json\/wp\/v2\/types\/product"}],"replies":[{"embeddable":true,"href":"https:\/\/scubapanama.com\/es\/wp-json\/wp\/v2\/comments?post=20640"}],"version-history":[{"count":3,"href":"https:\/\/scubapanama.com\/es\/wp-json\/wp\/v2\/product\/20640\/revisions"}],"predecessor-version":[{"id":23121,"href":"https:\/\/scubapanama.com\/es\/wp-json\/wp\/v2\/product\/20640\/revisions\/23121"}],"wp:featuredmedia":[{"embeddable":true,"href":"https:\/\/scubapanama.com\/es\/wp-json\/wp\/v2\/media\/23118"}],"wp:attachment":[{"href":"https:\/\/scubapanama.com\/es\/wp-json\/wp\/v2\/media?parent=20640"}],"wp:term":[{"taxonomy":"product_brand","embeddable":true,"href":"https:\/\/scubapanama.com\/es\/wp-json\/wp\/v2\/product_brand?post=20640"},{"taxonomy":"product_cat","embeddable":true,"href":"https:\/\/scubapanama.com\/es\/wp-json\/wp\/v2\/product_cat?post=20640"},{"taxonomy":"product_tag","embeddable":true,"href":"https:\/\/scubapanama.com\/es\/wp-json\/wp\/v2\/product_tag?post=20640"}],"curies":[{"name":"wp","href":"https:\/\/api.w.org\/{rel}","templated":true}]}}