{"id":20638,"date":"2025-01-23T01:50:58","date_gmt":"2025-01-23T06:50:58","guid":{"rendered":"https:\/\/scubapanama.com\/product\/scubapro-24-847-220-mascara-spectra-negra\/"},"modified":"2025-04-23T11:26:20","modified_gmt":"2025-04-23T16:26:20","slug":"scubapro-24-847-220-mascara-spectra-negra","status":"publish","type":"product","link":"https:\/\/scubapanama.com\/es\/product\/scubapro-24-847-220-mascara-spectra-negra\/","title":{"rendered":"SCUBAPRO M\u00c1SCARA SPECTRA NEGRA (24.847.220)"},"content":{"rendered":"<p>La incre\u00edble Spectra de doble lente ofrece un amplio campo de visi\u00f3n y un c\u00f3modo sellado hidr\u00f3fugo, adem\u00e1s de contar con un proceso de pintado exclusivo que aporta estilo a la m\u00e1scara. NUEVO. Versi\u00f3n \u00edntegramente negra para uso militar o parabuceadores que prefi eren equipos no coloridos.<\/p>\n","protected":false},"excerpt":{"rendered":"<p>La incre\u00edble Spectra de doble lente ofrece un amplio campo de visi\u00f3n y un c\u00f3modo sellado hidr\u00f3fugo, adem\u00e1s de contar con un proceso de pintado exclusivo que aporta estilo a la m\u00e1scara.<\/p>\n","protected":false},"featured_media":22506,"comment_status":"open","ping_status":"closed","template":"","meta":{"iawp_total_views":0,"_joinchat":[]},"product_brand":[],"product_cat":[111],"product_tag":[153],"class_list":{"0":"post-20638","1":"product","2":"type-product","3":"status-publish","4":"has-post-thumbnail","6":"product_cat-tienda-online","7":"product_tag-scubapro-es","9":"first","10":"instock","11":"taxable","12":"shipping-taxable","13":"purchasable","14":"product-type-simple"},"booking_location":null,"booking_location_type":null,"booking_duration":null,"booking_duration_unit":null,"booking_buffer":null,"booking_cost":null,"booking_resources":null,"_links":{"self":[{"href":"https:\/\/scubapanama.com\/es\/wp-json\/wp\/v2\/product\/20638","targetHints":{"allow":["GET"]}}],"collection":[{"href":"https:\/\/scubapanama.com\/es\/wp-json\/wp\/v2\/product"}],"about":[{"href":"https:\/\/scubapanama.com\/es\/wp-json\/wp\/v2\/types\/product"}],"replies":[{"embeddable":true,"href":"https:\/\/scubapanama.com\/es\/wp-json\/wp\/v2\/comments?post=20638"}],"version-history":[{"count":2,"href":"https:\/\/scubapanama.com\/es\/wp-json\/wp\/v2\/product\/20638\/revisions"}],"predecessor-version":[{"id":23116,"href":"https:\/\/scubapanama.com\/es\/wp-json\/wp\/v2\/product\/20638\/revisions\/23116"}],"wp:featuredmedia":[{"embeddable":true,"href":"https:\/\/scubapanama.com\/es\/wp-json\/wp\/v2\/media\/22506"}],"wp:attachment":[{"href":"https:\/\/scubapanama.com\/es\/wp-json\/wp\/v2\/media?parent=20638"}],"wp:term":[{"taxonomy":"product_brand","embeddable":true,"href":"https:\/\/scubapanama.com\/es\/wp-json\/wp\/v2\/product_brand?post=20638"},{"taxonomy":"product_cat","embeddable":true,"href":"https:\/\/scubapanama.com\/es\/wp-json\/wp\/v2\/product_cat?post=20638"},{"taxonomy":"product_tag","embeddable":true,"href":"https:\/\/scubapanama.com\/es\/wp-json\/wp\/v2\/product_tag?post=20638"}],"curies":[{"name":"wp","href":"https:\/\/api.w.org\/{rel}","templated":true}]}}