{"id":20633,"date":"2025-01-23T01:50:58","date_gmt":"2025-01-23T06:50:58","guid":{"rendered":"https:\/\/scubapanama.com\/product\/scubapro-24-851-220-mascara-spectra-mini-azul\/"},"modified":"2025-04-23T11:21:29","modified_gmt":"2025-04-23T16:21:29","slug":"scubapro-24-851-220-mascara-spectra-mini-azul","status":"publish","type":"product","link":"https:\/\/scubapanama.com\/es\/product\/scubapro-24-851-220-mascara-spectra-mini-azul\/","title":{"rendered":"SCUBAPRO M\u00c1SCARA SPECTRA MINI AZUL (24.851.220)"},"content":{"rendered":"<p>La Spectra de tama\u00f1o grande no se adapta a todos los rostros. Por este motivo, SCUBAPRO ofrece la SPECTRA MINI. Esta m\u00e1scara compacta incorpora las mismas prestaciones de comodidad y rendimiento que la Spectra est\u00e1ndar, pero con un dise\u00f1o adaptado a rostros peque\u00f1os o delgados. La SPECTRA MINI de doble lente ofrece un amplio campo de visi\u00f3n y un c\u00f3modo sellado estanco, con un volumen reducido que facilita el vaciado. Incluye un ingenioso fald\u00f3n de silicona con doble sellado que maximiza la sensaci\u00f3n de confort y un sistema de correa con hebilla muy sencillo de usar. Las hebillas se fijan al fald\u00f3n para optimizar el \u00e1ngulo de la correa y conseguir un ajuste perfecto. Adem\u00e1s permiten plegar la m\u00e1scara para guardarla sin complicaciones. La amplia gama de colores disponibles, aplicados mediante un proceso de pintura exclusivo, convierte a la SPECTRA MINI en una m\u00e1scara tan atractiva como fiable.<\/p>\n","protected":false},"excerpt":{"rendered":"<p>La Spectra de tama\u00f1o grande no se adapta a todos los rostros. Por este motivo, SCUBAPRO ofrece la SPECTRA MINI.<\/p>\n","protected":false},"featured_media":22515,"comment_status":"open","ping_status":"closed","template":"","meta":{"iawp_total_views":2,"_joinchat":[]},"product_brand":[],"product_cat":[111],"product_tag":[153],"class_list":{"0":"post-20633","1":"product","2":"type-product","3":"status-publish","4":"has-post-thumbnail","6":"product_cat-tienda-online","7":"product_tag-scubapro-es","9":"first","10":"instock","11":"taxable","12":"shipping-taxable","13":"purchasable","14":"product-type-simple"},"booking_location":null,"booking_location_type":null,"booking_duration":null,"booking_duration_unit":null,"booking_buffer":null,"booking_cost":null,"booking_resources":null,"_links":{"self":[{"href":"https:\/\/scubapanama.com\/es\/wp-json\/wp\/v2\/product\/20633","targetHints":{"allow":["GET"]}}],"collection":[{"href":"https:\/\/scubapanama.com\/es\/wp-json\/wp\/v2\/product"}],"about":[{"href":"https:\/\/scubapanama.com\/es\/wp-json\/wp\/v2\/types\/product"}],"replies":[{"embeddable":true,"href":"https:\/\/scubapanama.com\/es\/wp-json\/wp\/v2\/comments?post=20633"}],"version-history":[{"count":2,"href":"https:\/\/scubapanama.com\/es\/wp-json\/wp\/v2\/product\/20633\/revisions"}],"predecessor-version":[{"id":23112,"href":"https:\/\/scubapanama.com\/es\/wp-json\/wp\/v2\/product\/20633\/revisions\/23112"}],"wp:featuredmedia":[{"embeddable":true,"href":"https:\/\/scubapanama.com\/es\/wp-json\/wp\/v2\/media\/22515"}],"wp:attachment":[{"href":"https:\/\/scubapanama.com\/es\/wp-json\/wp\/v2\/media?parent=20633"}],"wp:term":[{"taxonomy":"product_brand","embeddable":true,"href":"https:\/\/scubapanama.com\/es\/wp-json\/wp\/v2\/product_brand?post=20633"},{"taxonomy":"product_cat","embeddable":true,"href":"https:\/\/scubapanama.com\/es\/wp-json\/wp\/v2\/product_cat?post=20633"},{"taxonomy":"product_tag","embeddable":true,"href":"https:\/\/scubapanama.com\/es\/wp-json\/wp\/v2\/product_tag?post=20633"}],"curies":[{"name":"wp","href":"https:\/\/api.w.org\/{rel}","templated":true}]}}