{"id":20622,"date":"2025-01-23T01:51:00","date_gmt":"2025-01-23T06:51:00","guid":{"rendered":"https:\/\/scubapanama.com\/product\/scubapro-25-761-500-go-fin-sport-negro-x-grande\/"},"modified":"2025-04-22T17:03:13","modified_gmt":"2025-04-22T22:03:13","slug":"scubapro-25-761-500-go-fin-sport-negro-x-grande","status":"publish","type":"product","link":"https:\/\/scubapanama.com\/es\/product\/scubapro-25-761-500-go-fin-sport-negro-x-grande\/","title":{"rendered":"SCUBAPRO GO FIN SPORT NEGRO X-GRANDE (25.761.500)"},"content":{"rendered":"<div class=\"container\">\n<div id=\"collapse-overview\" class=\"collapse show\" role=\"tabpanel\" data-parent=\"#content\" aria-labelledby=\"heading-overview\">\n<div class=\"card-body\">\n<p><span>La aleta GO Sport de SCUBAPRO presenta un dise\u00f1o de ajuste de bota, lo que permite a los buceadores que usan botas al dar grandes zancadas en aguas fr\u00edas o sortear zonas rocosas, beneficiarse del rendimiento de aleteo comprobado de la aleta GO original, galardonada con el premio Tester&#8217;s Choice. Ligera pero pr\u00e1cticamente indestructible, esta aleta ofrece un rendimiento r\u00e1pido y \u00e1gil en el agua. La pala se ha redise\u00f1ado ligeramente con respecto a la original; ahora ofrece puntos de montaje para fijar quillas que minimizan el deslizamiento lateral y maximizan la estabilidad. La correa el\u00e1stica autoajustable del tal\u00f3n permite un ajuste vers\u00e1til. Adem\u00e1s, la correa facilita su colocaci\u00f3n y extracci\u00f3n. La GO Sport est\u00e1 dise\u00f1ada para caber en equipaje de mano que cumple con las normas IATA, lo que la convierte en una aleta ideal tanto para viajes como para buceo local.<\/span><\/p>\n<\/div>\n<\/div>\n<\/div>\n<div class=\"card-body-desktop\">\n<div class=\"award-badges-wrapper\">\n<div class=\"award-badges\" data-once=\"pdp_tooltips pdp_awards_slick\">\n<div class=\"carousel__outer container\">\n<div class=\"carousel-items__inner clearfix\">\n<div class=\"award-badges-items keen-slider\">\n<div class=\"award-badges_slick-item keen-slider__slide \"><\/div>\n<\/div>\n<\/div>\n<\/div>\n<\/div>\n<\/div>\n<\/div>\n","protected":false},"excerpt":{"rendered":"<div class=\"container\">\n<div id=\"collapse-overview\" class=\"collapse show\" role=\"tabpanel\" data-parent=\"#content\" aria-labelledby=\"heading-overview\">\n<div class=\"card-body\">\n<p><span>La aleta GO Sport de SCUBAPRO presenta un dise\u00f1o de ajuste de bota, lo que permite a los buceadores que usan botas al dar grandes zancadas en aguas fr\u00edas o sortear zonas rocosas, beneficiarse del rendimiento de aleteo comprobado de la aleta GO original, galardonada con el premio Tester&#8217;s Choice. <\/span><\/p>\n<\/div>\n<\/div>\n<\/div>\n","protected":false},"featured_media":22402,"comment_status":"open","ping_status":"closed","template":"","meta":{"iawp_total_views":1,"_joinchat":[]},"product_brand":[],"product_cat":[111],"product_tag":[153],"class_list":{"0":"post-20622","1":"product","2":"type-product","3":"status-publish","4":"has-post-thumbnail","6":"product_cat-tienda-online","7":"product_tag-scubapro-es","9":"first","10":"instock","11":"taxable","12":"shipping-taxable","13":"purchasable","14":"product-type-simple"},"booking_location":null,"booking_location_type":null,"booking_duration":null,"booking_duration_unit":null,"booking_buffer":null,"booking_cost":null,"booking_resources":null,"_links":{"self":[{"href":"https:\/\/scubapanama.com\/es\/wp-json\/wp\/v2\/product\/20622","targetHints":{"allow":["GET"]}}],"collection":[{"href":"https:\/\/scubapanama.com\/es\/wp-json\/wp\/v2\/product"}],"about":[{"href":"https:\/\/scubapanama.com\/es\/wp-json\/wp\/v2\/types\/product"}],"replies":[{"embeddable":true,"href":"https:\/\/scubapanama.com\/es\/wp-json\/wp\/v2\/comments?post=20622"}],"version-history":[{"count":2,"href":"https:\/\/scubapanama.com\/es\/wp-json\/wp\/v2\/product\/20622\/revisions"}],"predecessor-version":[{"id":23068,"href":"https:\/\/scubapanama.com\/es\/wp-json\/wp\/v2\/product\/20622\/revisions\/23068"}],"wp:featuredmedia":[{"embeddable":true,"href":"https:\/\/scubapanama.com\/es\/wp-json\/wp\/v2\/media\/22402"}],"wp:attachment":[{"href":"https:\/\/scubapanama.com\/es\/wp-json\/wp\/v2\/media?parent=20622"}],"wp:term":[{"taxonomy":"product_brand","embeddable":true,"href":"https:\/\/scubapanama.com\/es\/wp-json\/wp\/v2\/product_brand?post=20622"},{"taxonomy":"product_cat","embeddable":true,"href":"https:\/\/scubapanama.com\/es\/wp-json\/wp\/v2\/product_cat?post=20622"},{"taxonomy":"product_tag","embeddable":true,"href":"https:\/\/scubapanama.com\/es\/wp-json\/wp\/v2\/product_tag?post=20622"}],"curies":[{"name":"wp","href":"https:\/\/api.w.org\/{rel}","templated":true}]}}