{"id":20608,"date":"2025-01-23T01:51:00","date_gmt":"2025-01-23T06:51:00","guid":{"rendered":"https:\/\/scubapanama.com\/product\/scubapro-25-880-300-aleta-jet-sport-oh-amarillo-medio\/"},"modified":"2025-04-22T16:48:15","modified_gmt":"2025-04-22T21:48:15","slug":"scubapro-25-880-300-aleta-jet-sport-oh-amarillo-medio","status":"publish","type":"product","link":"https:\/\/scubapanama.com\/es\/product\/scubapro-25-880-300-aleta-jet-sport-oh-amarillo-medio\/","title":{"rendered":"SCUBAPRO ALETA JET SPORT OH AMARILLO MEDIO (25.880.300)"},"content":{"rendered":"<p>Si te gustan las aletas de pala tradicional, la JET SPORT ADJUSTABLE te impresionar\u00e1 por su potencia, aceleraci\u00f3n y maniobrabilidad. Ligera y c\u00f3moda, con una pala grande y ligeramente r\u00edgida y un calzante de goma suave, esta aleta genera una gran potencia de aleteo, proporciona buena estabilidad y facilita las patadas de rana y de delf\u00edn. Adem\u00e1s, es f\u00e1cil de maniobrar; responde bien en los giros y te permite salir de apuros con facilidad. El calzante de goma se adapta c\u00f3modamente al pie, y los ajustes de las correas y las hebillas de liberaci\u00f3n r\u00e1pida facilitan enormemente la colocaci\u00f3n y el desmontaje de la JET SPORT ADJUSTABLE.<\/p>\n","protected":false},"excerpt":{"rendered":"<p>Si te gustan las aletas de pala tradicional, la JET SPORT ADJUSTABLE te impresionar\u00e1 por su potencia, aceleraci\u00f3n y maniobrabilidad.<\/p>\n","protected":false},"featured_media":22441,"comment_status":"open","ping_status":"closed","template":"","meta":{"iawp_total_views":2,"_joinchat":[]},"product_brand":[],"product_cat":[111],"product_tag":[153],"class_list":{"0":"post-20608","1":"product","2":"type-product","3":"status-publish","4":"has-post-thumbnail","6":"product_cat-tienda-online","7":"product_tag-scubapro-es","9":"first","10":"instock","11":"taxable","12":"shipping-taxable","13":"purchasable","14":"product-type-simple"},"booking_location":null,"booking_location_type":null,"booking_duration":null,"booking_duration_unit":null,"booking_buffer":null,"booking_cost":null,"booking_resources":null,"_links":{"self":[{"href":"https:\/\/scubapanama.com\/es\/wp-json\/wp\/v2\/product\/20608","targetHints":{"allow":["GET"]}}],"collection":[{"href":"https:\/\/scubapanama.com\/es\/wp-json\/wp\/v2\/product"}],"about":[{"href":"https:\/\/scubapanama.com\/es\/wp-json\/wp\/v2\/types\/product"}],"replies":[{"embeddable":true,"href":"https:\/\/scubapanama.com\/es\/wp-json\/wp\/v2\/comments?post=20608"}],"version-history":[{"count":3,"href":"https:\/\/scubapanama.com\/es\/wp-json\/wp\/v2\/product\/20608\/revisions"}],"predecessor-version":[{"id":23050,"href":"https:\/\/scubapanama.com\/es\/wp-json\/wp\/v2\/product\/20608\/revisions\/23050"}],"wp:featuredmedia":[{"embeddable":true,"href":"https:\/\/scubapanama.com\/es\/wp-json\/wp\/v2\/media\/22441"}],"wp:attachment":[{"href":"https:\/\/scubapanama.com\/es\/wp-json\/wp\/v2\/media?parent=20608"}],"wp:term":[{"taxonomy":"product_brand","embeddable":true,"href":"https:\/\/scubapanama.com\/es\/wp-json\/wp\/v2\/product_brand?post=20608"},{"taxonomy":"product_cat","embeddable":true,"href":"https:\/\/scubapanama.com\/es\/wp-json\/wp\/v2\/product_cat?post=20608"},{"taxonomy":"product_tag","embeddable":true,"href":"https:\/\/scubapanama.com\/es\/wp-json\/wp\/v2\/product_tag?post=20608"}],"curies":[{"name":"wp","href":"https:\/\/api.w.org\/{rel}","templated":true}]}}