{"id":20601,"date":"2025-01-23T01:51:01","date_gmt":"2025-01-23T06:51:01","guid":{"rendered":"https:\/\/scubapanama.com\/product\/scubapro-25-883-200-aleta-jet-sport-ff-pequena-blk-gry\/"},"modified":"2025-04-23T09:21:33","modified_gmt":"2025-04-23T14:21:33","slug":"scubapro-25-883-200-aleta-jet-sport-ff-pequena-blk-gry","status":"publish","type":"product","link":"https:\/\/scubapanama.com\/es\/product\/scubapro-25-883-200-aleta-jet-sport-ff-pequena-blk-gry\/","title":{"rendered":"SCUBAPRO ALETA JET SPORT FF PEQUE\u00d1A BLK\/GRY (25.883.200)"},"content":{"rendered":"<p>La JET SPORT CALZANTE es ligera pero ofrece una gran propulsi\u00f3n, una excelente maniobrabilidad y un tacto superagradable en los pies. Su pala ligeramente m\u00e1s r\u00edgida incorpora un dise\u00f1o de tres materiales, con un par de paneles de goma suave revestidos de pl\u00e1stico semirr\u00edgido y flanqueados por delgados nervios laterales, que aporta la cantidad justa de flexibilidad. Tambi\u00e9n incluye aberturas antiarrastre entre la pala y la parte calzante, lo que disminuye la resistencia tanto en las paladas ascendentes como en las descendentes. Esta combinaci\u00f3n genera una gran potencia de propulsi\u00f3n en el aleteo, proporciona una buena estabilidad y permite un aleteo eficiente tanto en estilo rana como delf\u00edn. La parte calzante de goma se amolda c\u00f3modamente al pie, y la suela incluye un patr\u00f3n antideslizante muy eficaz en cubiertas mojadas. Es una opci\u00f3n estupenda para bucear en aguas tropicales.<\/p>\n","protected":false},"excerpt":{"rendered":"<p>La JET SPORT CALZANTE es ligera pero ofrece una gran propulsi\u00f3n, una excelente maniobrabilidad y un tacto superagradable en los pies.<\/p>\n","protected":false},"featured_media":22390,"comment_status":"open","ping_status":"closed","template":"","meta":{"iawp_total_views":0,"_joinchat":[]},"product_brand":[],"product_cat":[111],"product_tag":[153],"class_list":{"0":"post-20601","1":"product","2":"type-product","3":"status-publish","4":"has-post-thumbnail","6":"product_cat-tienda-online","7":"product_tag-scubapro-es","9":"first","10":"instock","11":"taxable","12":"shipping-taxable","13":"purchasable","14":"product-type-simple"},"booking_location":null,"booking_location_type":null,"booking_duration":null,"booking_duration_unit":null,"booking_buffer":null,"booking_cost":null,"booking_resources":null,"_links":{"self":[{"href":"https:\/\/scubapanama.com\/es\/wp-json\/wp\/v2\/product\/20601","targetHints":{"allow":["GET"]}}],"collection":[{"href":"https:\/\/scubapanama.com\/es\/wp-json\/wp\/v2\/product"}],"about":[{"href":"https:\/\/scubapanama.com\/es\/wp-json\/wp\/v2\/types\/product"}],"replies":[{"embeddable":true,"href":"https:\/\/scubapanama.com\/es\/wp-json\/wp\/v2\/comments?post=20601"}],"version-history":[{"count":1,"href":"https:\/\/scubapanama.com\/es\/wp-json\/wp\/v2\/product\/20601\/revisions"}],"predecessor-version":[{"id":23073,"href":"https:\/\/scubapanama.com\/es\/wp-json\/wp\/v2\/product\/20601\/revisions\/23073"}],"wp:featuredmedia":[{"embeddable":true,"href":"https:\/\/scubapanama.com\/es\/wp-json\/wp\/v2\/media\/22390"}],"wp:attachment":[{"href":"https:\/\/scubapanama.com\/es\/wp-json\/wp\/v2\/media?parent=20601"}],"wp:term":[{"taxonomy":"product_brand","embeddable":true,"href":"https:\/\/scubapanama.com\/es\/wp-json\/wp\/v2\/product_brand?post=20601"},{"taxonomy":"product_cat","embeddable":true,"href":"https:\/\/scubapanama.com\/es\/wp-json\/wp\/v2\/product_cat?post=20601"},{"taxonomy":"product_tag","embeddable":true,"href":"https:\/\/scubapanama.com\/es\/wp-json\/wp\/v2\/product_tag?post=20601"}],"curies":[{"name":"wp","href":"https:\/\/api.w.org\/{rel}","templated":true}]}}