{"id":20598,"date":"2025-01-23T01:51:06","date_gmt":"2025-01-23T06:51:06","guid":{"rendered":"https:\/\/scubapanama.com\/product\/scubapro-63-704-400-traje-tropical-hombre-grande-negro\/"},"modified":"2025-04-22T09:10:10","modified_gmt":"2025-04-22T14:10:10","slug":"scubapro-63-704-400-traje-tropical-hombre-grande-negro","status":"publish","type":"product","link":"https:\/\/scubapanama.com\/es\/product\/scubapro-63-704-400-traje-tropical-hombre-grande-negro\/","title":{"rendered":"SCUBAPRO TRAJE TROPICAL HOMBRE GRANDE NEGRO (63.704.400)"},"content":{"rendered":"<p>Este traje de neopreno de 3 mm, ultrac\u00f3modo y de nueva generaci\u00f3n, se ha incorporado a la familia de trajes Sport. Dise\u00f1ado para nuevos buceadores, buceadores ocasionales y compradores de trajes por primera vez que disfrutan buceando en aguas c\u00e1lidas a profundidades de moderadas a poco profundas, el Sport de 3 mm est\u00e1 fabricado con neopreno extremadamente suave y flexible y presenta un corte de triatl\u00f3n. Esto permite una mayor amplitud de movimiento en las zonas de los hombros y los brazos, proporcionando la m\u00e1xima libertad de movimiento en el barco y en el agua. El traje presenta costuras planas, una cremallera trasera vertical y c\u00f3modos pu\u00f1os interiores de felpa. Es f\u00e1cil de poner y quitar, se ajusta como una segunda piel y tiene un aspecto estupendo.<\/p>\n","protected":false},"excerpt":{"rendered":"<p>Este traje de neopreno de 3 mm, ultrac\u00f3modo y de nueva generaci\u00f3n, se ha incorporado a la familia de trajes Sport.<\/p>\n","protected":false},"featured_media":22213,"comment_status":"open","ping_status":"closed","template":"","meta":{"iawp_total_views":11,"_joinchat":[]},"product_brand":[],"product_cat":[111],"product_tag":[153],"class_list":{"0":"post-20598","1":"product","2":"type-product","3":"status-publish","4":"has-post-thumbnail","6":"product_cat-tienda-online","7":"product_tag-scubapro-es","9":"first","10":"onbackorder","11":"taxable","12":"shipping-taxable","13":"purchasable","14":"product-type-simple"},"booking_location":null,"booking_location_type":null,"booking_duration":null,"booking_duration_unit":null,"booking_buffer":null,"booking_cost":null,"booking_resources":null,"_links":{"self":[{"href":"https:\/\/scubapanama.com\/es\/wp-json\/wp\/v2\/product\/20598","targetHints":{"allow":["GET"]}}],"collection":[{"href":"https:\/\/scubapanama.com\/es\/wp-json\/wp\/v2\/product"}],"about":[{"href":"https:\/\/scubapanama.com\/es\/wp-json\/wp\/v2\/types\/product"}],"replies":[{"embeddable":true,"href":"https:\/\/scubapanama.com\/es\/wp-json\/wp\/v2\/comments?post=20598"}],"version-history":[{"count":2,"href":"https:\/\/scubapanama.com\/es\/wp-json\/wp\/v2\/product\/20598\/revisions"}],"predecessor-version":[{"id":22901,"href":"https:\/\/scubapanama.com\/es\/wp-json\/wp\/v2\/product\/20598\/revisions\/22901"}],"wp:featuredmedia":[{"embeddable":true,"href":"https:\/\/scubapanama.com\/es\/wp-json\/wp\/v2\/media\/22213"}],"wp:attachment":[{"href":"https:\/\/scubapanama.com\/es\/wp-json\/wp\/v2\/media?parent=20598"}],"wp:term":[{"taxonomy":"product_brand","embeddable":true,"href":"https:\/\/scubapanama.com\/es\/wp-json\/wp\/v2\/product_brand?post=20598"},{"taxonomy":"product_cat","embeddable":true,"href":"https:\/\/scubapanama.com\/es\/wp-json\/wp\/v2\/product_cat?post=20598"},{"taxonomy":"product_tag","embeddable":true,"href":"https:\/\/scubapanama.com\/es\/wp-json\/wp\/v2\/product_tag?post=20598"}],"curies":[{"name":"wp","href":"https:\/\/api.w.org\/{rel}","templated":true}]}}