{"id":20592,"date":"2025-01-23T01:50:39","date_gmt":"2025-01-23T06:50:39","guid":{"rendered":"https:\/\/scubapanama.com\/product\/ist-wr-3-pizarra-multicapa-u-w\/"},"modified":"2025-05-06T09:19:14","modified_gmt":"2025-05-06T14:19:14","slug":"ist-wr-3-pizarra-multicapa-u-w","status":"publish","type":"product","link":"https:\/\/scubapanama.com\/es\/product\/ist-wr-3-pizarra-multicapa-u-w\/","title":{"rendered":"IST PIZARRA MULTICAPA U\/W (WR-3)"},"content":{"rendered":"<p><span>Pizarra impermeable de 3 capas y m\u00faltiples lados con bandas el\u00e1sticas con bisagras para mantener abierta la capa seleccionada y mantenerla cerrada cuando no est\u00e9 en uso.<\/span><\/p>\n<p><span>\uff0eOfrece cinco superficies de escritura con pesta\u00f1as laterales grandes para facilitar la apertura y el cierre, incluso con guantes.<\/span><\/p>\n<p><span>\uff0eEl l\u00e1piz incluido se fija con una bobina de pl\u00e1stico el\u00e1stica y se guarda en una funda integrada, todas las piezas en amarillo ne\u00f3n de alta visibilidad.<\/span><\/p>\n<p><span>\uff0eCorrea de velcro para una sujeci\u00f3n segura al brazo, cuatro bandas el\u00e1sticas de repuesto y l\u00e1piz de repuesto incluidos.<\/span><\/p>\n<p><span>Dimensiones: 10,5 cm x 12 cm<\/span><\/p>\n","protected":false},"excerpt":{"rendered":"<p><span>Pizarra impermeable de 3 capas y m\u00faltiples lados con bandas el\u00e1sticas con bisagras para mantener abierta la capa seleccionada y mantenerla cerrada cuando no est\u00e9 en uso.<\/span><\/p>\n","protected":false},"featured_media":23936,"comment_status":"open","ping_status":"closed","template":"","meta":{"iawp_total_views":9,"_joinchat":[]},"product_brand":[],"product_cat":[111],"product_tag":[218],"class_list":{"0":"post-20592","1":"product","2":"type-product","3":"status-publish","4":"has-post-thumbnail","6":"product_cat-tienda-online","7":"product_tag-ist-es","9":"first","10":"onbackorder","11":"taxable","12":"shipping-taxable","13":"purchasable","14":"product-type-simple"},"booking_location":null,"booking_location_type":null,"booking_duration":null,"booking_duration_unit":null,"booking_buffer":null,"booking_cost":null,"booking_resources":null,"_links":{"self":[{"href":"https:\/\/scubapanama.com\/es\/wp-json\/wp\/v2\/product\/20592","targetHints":{"allow":["GET"]}}],"collection":[{"href":"https:\/\/scubapanama.com\/es\/wp-json\/wp\/v2\/product"}],"about":[{"href":"https:\/\/scubapanama.com\/es\/wp-json\/wp\/v2\/types\/product"}],"replies":[{"embeddable":true,"href":"https:\/\/scubapanama.com\/es\/wp-json\/wp\/v2\/comments?post=20592"}],"version-history":[{"count":2,"href":"https:\/\/scubapanama.com\/es\/wp-json\/wp\/v2\/product\/20592\/revisions"}],"predecessor-version":[{"id":25175,"href":"https:\/\/scubapanama.com\/es\/wp-json\/wp\/v2\/product\/20592\/revisions\/25175"}],"wp:featuredmedia":[{"embeddable":true,"href":"https:\/\/scubapanama.com\/es\/wp-json\/wp\/v2\/media\/23936"}],"wp:attachment":[{"href":"https:\/\/scubapanama.com\/es\/wp-json\/wp\/v2\/media?parent=20592"}],"wp:term":[{"taxonomy":"product_brand","embeddable":true,"href":"https:\/\/scubapanama.com\/es\/wp-json\/wp\/v2\/product_brand?post=20592"},{"taxonomy":"product_cat","embeddable":true,"href":"https:\/\/scubapanama.com\/es\/wp-json\/wp\/v2\/product_cat?post=20592"},{"taxonomy":"product_tag","embeddable":true,"href":"https:\/\/scubapanama.com\/es\/wp-json\/wp\/v2\/product_tag?post=20592"}],"curies":[{"name":"wp","href":"https:\/\/api.w.org\/{rel}","templated":true}]}}