{"id":20590,"date":"2025-01-23T01:50:39","date_gmt":"2025-01-23T06:50:39","guid":{"rendered":"https:\/\/scubapanama.com\/product\/ist-wrs50-11-w-s-wmns-3mm-reversible-11\/"},"modified":"2025-05-06T09:16:05","modified_gmt":"2025-05-06T14:16:05","slug":"ist-wrs50-11-w-s-wmns-3mm-reversible-11","status":"publish","type":"product","link":"https:\/\/scubapanama.com\/es\/product\/ist-wrs50-11-w-s-wmns-3mm-reversible-11\/","title":{"rendered":"IST W.S. WMNS 3MM REVERSIBLE #11 (WRS50-11)"},"content":{"rendered":"<p>\u2022 Optimizado para su uso como equipo de alquiler.<br \/>\n\u2022 Dise\u00f1o reversible con grandes marcas de talla en ambos lados para facilitar la b\u00fasqueda y clasificaci\u00f3n de tallas en la tienda de buceo.<br \/>\n\u2022 Neopreno de alta calidad de 3 mm con costuras dobles ciegas.<br \/>\n\u2022 Tejido superel\u00e1stico en las axilas para mayor libertad de movimiento.<br \/>\n\u2022 Cremalleras YKK n.\u00b0 5 en los tobillos para facilitar la colocaci\u00f3n y retirada.<\/p>\n","protected":false},"excerpt":{"rendered":"<p>Optimizado para su uso como equipo de alquiler.<\/p>\n","protected":false},"featured_media":23940,"comment_status":"open","ping_status":"closed","template":"","meta":{"iawp_total_views":0,"_joinchat":[]},"product_brand":[],"product_cat":[111],"product_tag":[218],"class_list":{"0":"post-20590","1":"product","2":"type-product","3":"status-publish","4":"has-post-thumbnail","6":"product_cat-tienda-online","7":"product_tag-ist-es","9":"first","10":"onbackorder","11":"taxable","12":"shipping-taxable","13":"purchasable","14":"product-type-simple"},"booking_location":null,"booking_location_type":null,"booking_duration":null,"booking_duration_unit":null,"booking_buffer":null,"booking_cost":null,"booking_resources":null,"_links":{"self":[{"href":"https:\/\/scubapanama.com\/es\/wp-json\/wp\/v2\/product\/20590","targetHints":{"allow":["GET"]}}],"collection":[{"href":"https:\/\/scubapanama.com\/es\/wp-json\/wp\/v2\/product"}],"about":[{"href":"https:\/\/scubapanama.com\/es\/wp-json\/wp\/v2\/types\/product"}],"replies":[{"embeddable":true,"href":"https:\/\/scubapanama.com\/es\/wp-json\/wp\/v2\/comments?post=20590"}],"version-history":[{"count":1,"href":"https:\/\/scubapanama.com\/es\/wp-json\/wp\/v2\/product\/20590\/revisions"}],"predecessor-version":[{"id":25171,"href":"https:\/\/scubapanama.com\/es\/wp-json\/wp\/v2\/product\/20590\/revisions\/25171"}],"wp:featuredmedia":[{"embeddable":true,"href":"https:\/\/scubapanama.com\/es\/wp-json\/wp\/v2\/media\/23940"}],"wp:attachment":[{"href":"https:\/\/scubapanama.com\/es\/wp-json\/wp\/v2\/media?parent=20590"}],"wp:term":[{"taxonomy":"product_brand","embeddable":true,"href":"https:\/\/scubapanama.com\/es\/wp-json\/wp\/v2\/product_brand?post=20590"},{"taxonomy":"product_cat","embeddable":true,"href":"https:\/\/scubapanama.com\/es\/wp-json\/wp\/v2\/product_cat?post=20590"},{"taxonomy":"product_tag","embeddable":true,"href":"https:\/\/scubapanama.com\/es\/wp-json\/wp\/v2\/product_tag?post=20590"}],"curies":[{"name":"wp","href":"https:\/\/api.w.org\/{rel}","templated":true}]}}