{"id":20589,"date":"2025-01-23T01:50:38","date_gmt":"2025-01-23T06:50:38","guid":{"rendered":"https:\/\/scubapanama.com\/product\/ist-wk-ny-weight-keeper-amarillo-neon\/"},"modified":"2025-05-06T09:41:03","modified_gmt":"2025-05-06T14:41:03","slug":"ist-wk-ny-weight-keeper-amarillo-neon","status":"publish","type":"product","link":"https:\/\/scubapanama.com\/es\/product\/ist-wk-ny-weight-keeper-amarillo-neon\/","title":{"rendered":"IST WEIGHT KEEPER  MARILLO NE\u00d3N (WK-NY)"},"content":{"rendered":"<p><span>Dise\u00f1ado para usar con cintur\u00f3n de peso de buceo de cinta de nailon est\u00e1ndar de 2\u201d (5,08 cm)<\/span><br \/>\n<span>Fabricado con pl\u00e1stico liviano y resistente a los impactos<\/span><br \/>\n<span>\u00daselo como sujetador de cinta para mantener el exceso de longitud del cintur\u00f3n cerca del cuerpo<\/span><br \/>\n<span>\u00daselo como sujetador de peso para mantener los pesos de buceo deslizables firmemente en su lugar<\/span><br \/>\n<span>Mantenga varios en su kit de ahorro de buceo para ajustar el ajuste<\/span><\/p>\n","protected":false},"excerpt":{"rendered":"<p>Dise\u00f1ado para usar con cintur\u00f3n de peso de buceo de cinta de nailon est\u00e1ndar de 2\u201d (5,08 cm).<\/p>\n","protected":false},"featured_media":25180,"comment_status":"open","ping_status":"closed","template":"","meta":{"iawp_total_views":2,"_joinchat":[]},"product_brand":[],"product_cat":[111],"product_tag":[218],"class_list":{"0":"post-20589","1":"product","2":"type-product","3":"status-publish","4":"has-post-thumbnail","6":"product_cat-tienda-online","7":"product_tag-ist-es","9":"first","10":"instock","11":"taxable","12":"shipping-taxable","13":"purchasable","14":"product-type-simple"},"booking_location":null,"booking_location_type":null,"booking_duration":null,"booking_duration_unit":null,"booking_buffer":null,"booking_cost":null,"booking_resources":null,"_links":{"self":[{"href":"https:\/\/scubapanama.com\/es\/wp-json\/wp\/v2\/product\/20589","targetHints":{"allow":["GET"]}}],"collection":[{"href":"https:\/\/scubapanama.com\/es\/wp-json\/wp\/v2\/product"}],"about":[{"href":"https:\/\/scubapanama.com\/es\/wp-json\/wp\/v2\/types\/product"}],"replies":[{"embeddable":true,"href":"https:\/\/scubapanama.com\/es\/wp-json\/wp\/v2\/comments?post=20589"}],"version-history":[{"count":1,"href":"https:\/\/scubapanama.com\/es\/wp-json\/wp\/v2\/product\/20589\/revisions"}],"predecessor-version":[{"id":25184,"href":"https:\/\/scubapanama.com\/es\/wp-json\/wp\/v2\/product\/20589\/revisions\/25184"}],"wp:featuredmedia":[{"embeddable":true,"href":"https:\/\/scubapanama.com\/es\/wp-json\/wp\/v2\/media\/25180"}],"wp:attachment":[{"href":"https:\/\/scubapanama.com\/es\/wp-json\/wp\/v2\/media?parent=20589"}],"wp:term":[{"taxonomy":"product_brand","embeddable":true,"href":"https:\/\/scubapanama.com\/es\/wp-json\/wp\/v2\/product_brand?post=20589"},{"taxonomy":"product_cat","embeddable":true,"href":"https:\/\/scubapanama.com\/es\/wp-json\/wp\/v2\/product_cat?post=20589"},{"taxonomy":"product_tag","embeddable":true,"href":"https:\/\/scubapanama.com\/es\/wp-json\/wp\/v2\/product_tag?post=20589"}],"curies":[{"name":"wp","href":"https:\/\/api.w.org\/{rel}","templated":true}]}}