{"id":20583,"date":"2025-01-23T01:50:39","date_gmt":"2025-01-23T06:50:39","guid":{"rendered":"https:\/\/scubapanama.com\/product\/ist-ws-702-s-ist-w-suit-mns-2-00-mm-jump-suit-small\/"},"modified":"2025-05-06T08:44:19","modified_gmt":"2025-05-06T13:44:19","slug":"ist-ws-702-s-ist-w-suit-mns-2-00-mm-jump-suit-small","status":"publish","type":"product","link":"https:\/\/scubapanama.com\/es\/product\/ist-ws-702-s-ist-w-suit-mns-2-00-mm-jump-suit-small\/","title":{"rendered":"IST  W.SUIT MNS 2.00 MM JUMP SUIT SMALL (WS-702-S)"},"content":{"rendered":"<p><span>\u2022 Dise\u00f1o reversible con grandes marcas de talla en ambos lados para facilitar la b\u00fasqueda y clasificaci\u00f3n de tallas en la tienda de buceo.<\/span><br \/>\n<span>\u2022 Neopreno de alta calidad de 3 mm con costuras dobles ciegas.<\/span><br \/>\n<span>\u2022 Tejido superel\u00e1stico en las axilas para mayor libertad de movimiento.<\/span><br \/>\n<span>\u2022 Cremalleras YKK n.\u00b0 5 en los tobillos para facilitar la colocaci\u00f3n y retirada.<\/span><\/p>\n","protected":false},"excerpt":{"rendered":"<p>Dise\u00f1o reversible con grandes marcas de talla en ambos lados para facilitar la b\u00fasqueda y clasificaci\u00f3n de tallas en la tienda de buceo.<\/p>\n","protected":false},"featured_media":23942,"comment_status":"open","ping_status":"closed","template":"","meta":{"iawp_total_views":2,"_joinchat":[]},"product_brand":[],"product_cat":[111],"product_tag":[218],"class_list":{"0":"post-20583","1":"product","2":"type-product","3":"status-publish","4":"has-post-thumbnail","6":"product_cat-tienda-online","7":"product_tag-ist-es","9":"first","10":"onbackorder","11":"taxable","12":"shipping-taxable","13":"purchasable","14":"product-type-simple"},"booking_location":null,"booking_location_type":null,"booking_duration":null,"booking_duration_unit":null,"booking_buffer":null,"booking_cost":null,"booking_resources":null,"_links":{"self":[{"href":"https:\/\/scubapanama.com\/es\/wp-json\/wp\/v2\/product\/20583","targetHints":{"allow":["GET"]}}],"collection":[{"href":"https:\/\/scubapanama.com\/es\/wp-json\/wp\/v2\/product"}],"about":[{"href":"https:\/\/scubapanama.com\/es\/wp-json\/wp\/v2\/types\/product"}],"replies":[{"embeddable":true,"href":"https:\/\/scubapanama.com\/es\/wp-json\/wp\/v2\/comments?post=20583"}],"version-history":[{"count":2,"href":"https:\/\/scubapanama.com\/es\/wp-json\/wp\/v2\/product\/20583\/revisions"}],"predecessor-version":[{"id":25160,"href":"https:\/\/scubapanama.com\/es\/wp-json\/wp\/v2\/product\/20583\/revisions\/25160"}],"wp:featuredmedia":[{"embeddable":true,"href":"https:\/\/scubapanama.com\/es\/wp-json\/wp\/v2\/media\/23942"}],"wp:attachment":[{"href":"https:\/\/scubapanama.com\/es\/wp-json\/wp\/v2\/media?parent=20583"}],"wp:term":[{"taxonomy":"product_brand","embeddable":true,"href":"https:\/\/scubapanama.com\/es\/wp-json\/wp\/v2\/product_brand?post=20583"},{"taxonomy":"product_cat","embeddable":true,"href":"https:\/\/scubapanama.com\/es\/wp-json\/wp\/v2\/product_cat?post=20583"},{"taxonomy":"product_tag","embeddable":true,"href":"https:\/\/scubapanama.com\/es\/wp-json\/wp\/v2\/product_tag?post=20583"}],"curies":[{"name":"wp","href":"https:\/\/api.w.org\/{rel}","templated":true}]}}