{"id":20575,"date":"2025-01-23T01:50:39","date_gmt":"2025-01-23T06:50:39","guid":{"rendered":"https:\/\/scubapanama.com\/product\/ist-ws35-9-traje-de-neopreno-3mm-shorty-9\/"},"modified":"2025-05-06T08:22:35","modified_gmt":"2025-05-06T13:22:35","slug":"ist-ws35-9-traje-de-neopreno-3mm-shorty-9","status":"publish","type":"product","link":"https:\/\/scubapanama.com\/es\/product\/ist-ws35-9-traje-de-neopreno-3mm-shorty-9\/","title":{"rendered":"IST TRAJE DE NEOPRENO 3MM SHORTY #9 (WS35-9)"},"content":{"rendered":"<ul>\n<li><strong><span>Fabricado con tejido antibacteriano PURiGUARD.<\/span><\/strong><\/li>\n<li><span>Construcci\u00f3n de neopreno Nylon II de 3 mm para elasticidad, flexibilidad y aislamiento. Los paneles s\u00faper el\u00e1sticos en las axilas y la espalda baja aumentan el rango de movimiento.<\/span><\/li>\n<li><span>Elegante costura plana doble en azul y negro<\/span><\/li>\n<li><span>La t\u00e9cnica de impresi\u00f3n especial en las \u00e1reas de los hombros y el pecho ofrece mayor durabilidad en \u00e1reas propensas a un alto desgaste cuando se usa con un BCD.<\/span><\/li>\n<li><span>Construcci\u00f3n de m\u00faltiples paneles y ajustada para mayor comodidad y movilidad.<\/span><\/li>\n<\/ul>\n<p>&nbsp;<\/p>\n","protected":false},"excerpt":{"rendered":"<p><strong>Fabricado con tejido antibacteriano PURiGUARD.<\/strong><\/p>\n","protected":false},"featured_media":23959,"comment_status":"open","ping_status":"closed","template":"","meta":{"iawp_total_views":1,"_joinchat":[]},"product_brand":[],"product_cat":[111],"product_tag":[218],"class_list":{"0":"post-20575","1":"product","2":"type-product","3":"status-publish","4":"has-post-thumbnail","6":"product_cat-tienda-online","7":"product_tag-ist-es","9":"first","10":"onbackorder","11":"taxable","12":"shipping-taxable","13":"purchasable","14":"product-type-simple"},"booking_location":null,"booking_location_type":null,"booking_duration":null,"booking_duration_unit":null,"booking_buffer":null,"booking_cost":null,"booking_resources":null,"_links":{"self":[{"href":"https:\/\/scubapanama.com\/es\/wp-json\/wp\/v2\/product\/20575","targetHints":{"allow":["GET"]}}],"collection":[{"href":"https:\/\/scubapanama.com\/es\/wp-json\/wp\/v2\/product"}],"about":[{"href":"https:\/\/scubapanama.com\/es\/wp-json\/wp\/v2\/types\/product"}],"replies":[{"embeddable":true,"href":"https:\/\/scubapanama.com\/es\/wp-json\/wp\/v2\/comments?post=20575"}],"version-history":[{"count":2,"href":"https:\/\/scubapanama.com\/es\/wp-json\/wp\/v2\/product\/20575\/revisions"}],"predecessor-version":[{"id":25152,"href":"https:\/\/scubapanama.com\/es\/wp-json\/wp\/v2\/product\/20575\/revisions\/25152"}],"wp:featuredmedia":[{"embeddable":true,"href":"https:\/\/scubapanama.com\/es\/wp-json\/wp\/v2\/media\/23959"}],"wp:attachment":[{"href":"https:\/\/scubapanama.com\/es\/wp-json\/wp\/v2\/media?parent=20575"}],"wp:term":[{"taxonomy":"product_brand","embeddable":true,"href":"https:\/\/scubapanama.com\/es\/wp-json\/wp\/v2\/product_brand?post=20575"},{"taxonomy":"product_cat","embeddable":true,"href":"https:\/\/scubapanama.com\/es\/wp-json\/wp\/v2\/product_cat?post=20575"},{"taxonomy":"product_tag","embeddable":true,"href":"https:\/\/scubapanama.com\/es\/wp-json\/wp\/v2\/product_tag?post=20575"}],"curies":[{"name":"wp","href":"https:\/\/api.w.org\/{rel}","templated":true}]}}