{"id":20572,"date":"2025-01-23T01:50:41","date_gmt":"2025-01-23T06:50:41","guid":{"rendered":"https:\/\/scubapanama.com\/product\/ist-ws80m-w-s-3mm-hombres-medio\/"},"modified":"2025-05-05T16:40:51","modified_gmt":"2025-05-05T21:40:51","slug":"ist-ws80m-w-s-3mm-hombres-medio","status":"publish","type":"product","link":"https:\/\/scubapanama.com\/es\/product\/ist-ws80m-w-s-3mm-hombres-medio\/","title":{"rendered":"IST  W.S. 3MM HOMBRES MEDIO (WS80M)"},"content":{"rendered":"<p><span>NUEVA tela Puriguard Construcci\u00f3n de neopreno Nylon II de 3 mm con paneles s\u00faper el\u00e1sticos en axilas, rodillas y espalda baja para mayor elasticidad, flexibilidad y aislamiento<\/span><br \/>\n<span>\u2022 Las costuras planas dobles en azul y negro minimizan el roce<\/span><br \/>\n<span>\u2022 Las mangas de compresi\u00f3n de pantorrilla integradas reducen la fatiga y previenen los calambres<\/span><br \/>\n<span>\u2022 Las rodilleras y las superficies de cincha especiales en las \u00e1reas de hombros y pecho ofrecen mayor durabilidad en \u00e1reas de alto desgaste<\/span><br \/>\n<span>\u2022 Las cremalleras YKK #5 en mu\u00f1ecas y tobillos garantizan un ajuste perfecto, previenen el enrojecimiento<\/span><\/p>\n","protected":false},"excerpt":{"rendered":"<p><span>NUEVA tela Puriguard Construcci\u00f3n de neopreno Nylon II de 3 mm con paneles s\u00faper el\u00e1sticos en axilas, rodillas y espalda baja para mayor elasticidad, flexibilidad y aislamiento.<\/span><\/p>\n","protected":false},"featured_media":23784,"comment_status":"open","ping_status":"closed","template":"","meta":{"iawp_total_views":3,"_joinchat":[]},"product_brand":[],"product_cat":[111],"product_tag":[218],"class_list":{"0":"post-20572","1":"product","2":"type-product","3":"status-publish","4":"has-post-thumbnail","6":"product_cat-tienda-online","7":"product_tag-ist-es","9":"first","10":"onbackorder","11":"taxable","12":"shipping-taxable","13":"purchasable","14":"product-type-simple"},"booking_location":null,"booking_location_type":null,"booking_duration":null,"booking_duration_unit":null,"booking_buffer":null,"booking_cost":null,"booking_resources":null,"_links":{"self":[{"href":"https:\/\/scubapanama.com\/es\/wp-json\/wp\/v2\/product\/20572","targetHints":{"allow":["GET"]}}],"collection":[{"href":"https:\/\/scubapanama.com\/es\/wp-json\/wp\/v2\/product"}],"about":[{"href":"https:\/\/scubapanama.com\/es\/wp-json\/wp\/v2\/types\/product"}],"replies":[{"embeddable":true,"href":"https:\/\/scubapanama.com\/es\/wp-json\/wp\/v2\/comments?post=20572"}],"version-history":[{"count":2,"href":"https:\/\/scubapanama.com\/es\/wp-json\/wp\/v2\/product\/20572\/revisions"}],"predecessor-version":[{"id":25127,"href":"https:\/\/scubapanama.com\/es\/wp-json\/wp\/v2\/product\/20572\/revisions\/25127"}],"wp:featuredmedia":[{"embeddable":true,"href":"https:\/\/scubapanama.com\/es\/wp-json\/wp\/v2\/media\/23784"}],"wp:attachment":[{"href":"https:\/\/scubapanama.com\/es\/wp-json\/wp\/v2\/media?parent=20572"}],"wp:term":[{"taxonomy":"product_brand","embeddable":true,"href":"https:\/\/scubapanama.com\/es\/wp-json\/wp\/v2\/product_brand?post=20572"},{"taxonomy":"product_cat","embeddable":true,"href":"https:\/\/scubapanama.com\/es\/wp-json\/wp\/v2\/product_cat?post=20572"},{"taxonomy":"product_tag","embeddable":true,"href":"https:\/\/scubapanama.com\/es\/wp-json\/wp\/v2\/product_tag?post=20572"}],"curies":[{"name":"wp","href":"https:\/\/api.w.org\/{rel}","templated":true}]}}