{"id":20566,"date":"2025-01-23T01:50:41","date_gmt":"2025-01-23T06:50:41","guid":{"rendered":"https:\/\/scubapanama.com\/product\/ist-ws815-7-wetsuit-15mm-negro\/"},"modified":"2025-05-05T16:29:28","modified_gmt":"2025-05-05T21:29:28","slug":"ist-ws815-7-wetsuit-15mm-negro","status":"publish","type":"product","link":"https:\/\/scubapanama.com\/es\/product\/ist-ws815-7-wetsuit-15mm-negro\/","title":{"rendered":"IST WETSUIT 1,5mm NEGRO (WS815-7)"},"content":{"rendered":"<ul class=\"a-unordered-list a-vertical a-spacing-mini\">\n<li class=\"a-spacing-mini\"><span class=\"a-list-item\"><span>Construcci\u00f3n de neopreno de nailon II de 7 mm con paneles s\u00faper el\u00e1sticos en axilas, rodillas y espalda baja para mayor elasticidad, flexibilidad y aislamiento.<\/span><\/span><\/li>\n<li class=\"a-spacing-mini\"><span class=\"a-list-item\"><span>Las costuras planas dobles de color azul y negro minimizan las rozaduras.<\/span><\/span><\/li>\n<li class=\"a-spacing-mini\"><span class=\"a-list-item\"><span>Las mangas de compresi\u00f3n de pantorrilla integradas reducen la fatiga y previenen los calambres.<\/span><\/span><\/li>\n<li class=\"a-spacing-mini\"><span class=\"a-list-item\"><span>Las rodilleras y las superficies de correas especiales en las \u00e1reas de los hombros y el pecho ofrecen mayor durabilidad en \u00e1reas de alto desgaste.<\/span><\/span><\/li>\n<li class=\"a-spacing-mini\"><span class=\"a-list-item\"><span>Las cremalleras YKK n.\u00b0 5 en las mu\u00f1ecas y los tobillos garantizan un ajuste perfecto y evitan el enrojecimiento.<\/span><\/span><\/li>\n<\/ul>\n","protected":false},"excerpt":{"rendered":"<p><span class=\"a-list-item\">Construcci\u00f3n de neopreno de nailon II de 7 mm con paneles s\u00faper el\u00e1sticos en axilas, rodillas y espalda baja para mayor elasticidad, flexibilidad y aislamiento.<\/span><\/p>\n","protected":false},"featured_media":23790,"comment_status":"open","ping_status":"closed","template":"","meta":{"iawp_total_views":3,"_joinchat":[]},"product_brand":[],"product_cat":[111],"product_tag":[218],"class_list":{"0":"post-20566","1":"product","2":"type-product","3":"status-publish","4":"has-post-thumbnail","6":"product_cat-tienda-online","7":"product_tag-ist-es","9":"first","10":"onbackorder","11":"taxable","12":"shipping-taxable","13":"purchasable","14":"product-type-simple"},"booking_location":null,"booking_location_type":null,"booking_duration":null,"booking_duration_unit":null,"booking_buffer":null,"booking_cost":null,"booking_resources":null,"_links":{"self":[{"href":"https:\/\/scubapanama.com\/es\/wp-json\/wp\/v2\/product\/20566","targetHints":{"allow":["GET"]}}],"collection":[{"href":"https:\/\/scubapanama.com\/es\/wp-json\/wp\/v2\/product"}],"about":[{"href":"https:\/\/scubapanama.com\/es\/wp-json\/wp\/v2\/types\/product"}],"replies":[{"embeddable":true,"href":"https:\/\/scubapanama.com\/es\/wp-json\/wp\/v2\/comments?post=20566"}],"version-history":[{"count":2,"href":"https:\/\/scubapanama.com\/es\/wp-json\/wp\/v2\/product\/20566\/revisions"}],"predecessor-version":[{"id":25116,"href":"https:\/\/scubapanama.com\/es\/wp-json\/wp\/v2\/product\/20566\/revisions\/25116"}],"wp:featuredmedia":[{"embeddable":true,"href":"https:\/\/scubapanama.com\/es\/wp-json\/wp\/v2\/media\/23790"}],"wp:attachment":[{"href":"https:\/\/scubapanama.com\/es\/wp-json\/wp\/v2\/media?parent=20566"}],"wp:term":[{"taxonomy":"product_brand","embeddable":true,"href":"https:\/\/scubapanama.com\/es\/wp-json\/wp\/v2\/product_brand?post=20566"},{"taxonomy":"product_cat","embeddable":true,"href":"https:\/\/scubapanama.com\/es\/wp-json\/wp\/v2\/product_cat?post=20566"},{"taxonomy":"product_tag","embeddable":true,"href":"https:\/\/scubapanama.com\/es\/wp-json\/wp\/v2\/product_tag?post=20566"}],"curies":[{"name":"wp","href":"https:\/\/api.w.org\/{rel}","templated":true}]}}