{"id":20565,"date":"2025-01-23T01:50:40","date_gmt":"2025-01-23T06:50:40","guid":{"rendered":"https:\/\/scubapanama.com\/product\/ist-ws805-xl-traje-de-neopreno-5mm-mns-negro-x-grande\/"},"modified":"2025-05-05T16:47:42","modified_gmt":"2025-05-05T21:47:42","slug":"ist-ws805-xl-traje-de-neopreno-5mm-mns-negro-x-grande","status":"publish","type":"product","link":"https:\/\/scubapanama.com\/es\/product\/ist-ws805-xl-traje-de-neopreno-5mm-mns-negro-x-grande\/","title":{"rendered":"IST TRAJE DE NEOPRENO 5MM MNS NEGRO X-GRANDE (WS805-XL)"},"content":{"rendered":"<p><span>\u2022 Construcci\u00f3n de MATERIAL PURIGUARD de neopreno de nailon II de 5 mm con paneles s\u00faper el\u00e1sticos en axilas, rodillas y espalda baja para mayor elasticidad, flexibilidad y aislamiento<\/span><br \/>\n<span>\u2022 Las costuras dobles ciegas azul y negro minimizan la filtraci\u00f3n de agua y la irritaci\u00f3n de la piel<\/span><br \/>\n<span>\u2022 Las mangas de compresi\u00f3n de pantorrilla integradas reducen la fatiga y previenen calambres<\/span><br \/>\n<span>\u2022 Las rodilleras y las superficies de cincha especiales en las \u00e1reas de hombros y pecho ofrecen mayor durabilidad en \u00e1reas de alto desgaste<\/span><br \/>\n<span>\u2022 Las cremalleras YKK n.\u00b0 5 en mu\u00f1ecas y tobillos garantizan un ajuste perfecto, evitan el enrojecimiento<\/span><\/p>\n","protected":false},"excerpt":{"rendered":"<p>Construcci\u00f3n de MATERIAL PURIGUARD de neopreno de nailon II de 5 mm con paneles s\u00faper el\u00e1sticos en axilas, rodillas y espalda baja para mayor elasticidad, flexibilidad y aislamiento.<\/p>\n","protected":false},"featured_media":23844,"comment_status":"open","ping_status":"closed","template":"","meta":{"iawp_total_views":8,"_joinchat":[]},"product_brand":[],"product_cat":[111],"product_tag":[218],"class_list":{"0":"post-20565","1":"product","2":"type-product","3":"status-publish","4":"has-post-thumbnail","6":"product_cat-tienda-online","7":"product_tag-ist-es","9":"first","10":"onbackorder","11":"taxable","12":"shipping-taxable","13":"purchasable","14":"product-type-simple"},"booking_location":null,"booking_location_type":null,"booking_duration":null,"booking_duration_unit":null,"booking_buffer":null,"booking_cost":null,"booking_resources":null,"_links":{"self":[{"href":"https:\/\/scubapanama.com\/es\/wp-json\/wp\/v2\/product\/20565","targetHints":{"allow":["GET"]}}],"collection":[{"href":"https:\/\/scubapanama.com\/es\/wp-json\/wp\/v2\/product"}],"about":[{"href":"https:\/\/scubapanama.com\/es\/wp-json\/wp\/v2\/types\/product"}],"replies":[{"embeddable":true,"href":"https:\/\/scubapanama.com\/es\/wp-json\/wp\/v2\/comments?post=20565"}],"version-history":[{"count":2,"href":"https:\/\/scubapanama.com\/es\/wp-json\/wp\/v2\/product\/20565\/revisions"}],"predecessor-version":[{"id":25132,"href":"https:\/\/scubapanama.com\/es\/wp-json\/wp\/v2\/product\/20565\/revisions\/25132"}],"wp:featuredmedia":[{"embeddable":true,"href":"https:\/\/scubapanama.com\/es\/wp-json\/wp\/v2\/media\/23844"}],"wp:attachment":[{"href":"https:\/\/scubapanama.com\/es\/wp-json\/wp\/v2\/media?parent=20565"}],"wp:term":[{"taxonomy":"product_brand","embeddable":true,"href":"https:\/\/scubapanama.com\/es\/wp-json\/wp\/v2\/product_brand?post=20565"},{"taxonomy":"product_cat","embeddable":true,"href":"https:\/\/scubapanama.com\/es\/wp-json\/wp\/v2\/product_cat?post=20565"},{"taxonomy":"product_tag","embeddable":true,"href":"https:\/\/scubapanama.com\/es\/wp-json\/wp\/v2\/product_tag?post=20565"}],"curies":[{"name":"wp","href":"https:\/\/api.w.org\/{rel}","templated":true}]}}