{"id":20555,"date":"2025-01-23T01:50:42","date_gmt":"2025-01-23T06:50:42","guid":{"rendered":"https:\/\/scubapanama.com\/product\/ist-wsk03b-xl-jr-shorty-xl\/"},"modified":"2025-05-05T16:09:44","modified_gmt":"2025-05-05T21:09:44","slug":"ist-wsk03b-xl-jr-shorty-xl","status":"publish","type":"product","link":"https:\/\/scubapanama.com\/es\/product\/ist-wsk03b-xl-jr-shorty-xl\/","title":{"rendered":"IST JR SHORTY XL (WSK03B-XL)"},"content":{"rendered":"<ul>\n<li><span>Neopreno de nailon II de 3 mm con paneles s\u00faper el\u00e1sticos en las axilas y la entrepierna para m\u00e1xima elasticidad y flexibilidad.<\/span><\/li>\n<li><strong><span>Fabricado con tejido antibacteriano PURiGUARD.<\/span><\/strong><\/li>\n<li><span>Construcci\u00f3n de m\u00faltiples paneles para un ajuste ce\u00f1ido, costuras planas en toda la prenda para reducir la irritaci\u00f3n de las costuras.<\/span><\/li>\n<li><span>Sellos de piel suave en brazos, piernas y cuello para evitar que entre exceso de agua en el traje.<\/span><\/li>\n<li><span>Cremallera frontal para ponerlo y quitarlo f\u00e1cilmente.<\/span><\/li>\n<\/ul>\n","protected":false},"excerpt":{"rendered":"<p>Neopreno de nailon II de 3 mm con paneles s\u00faper el\u00e1sticos en las axilas y la entrepierna para m\u00e1xima elasticidad y flexibilidad.<\/p>\n","protected":false},"featured_media":23749,"comment_status":"open","ping_status":"closed","template":"","meta":{"iawp_total_views":2,"_joinchat":[]},"product_brand":[],"product_cat":[111],"product_tag":[218],"class_list":{"0":"post-20555","1":"product","2":"type-product","3":"status-publish","4":"has-post-thumbnail","6":"product_cat-tienda-online","7":"product_tag-ist-es","9":"first","10":"onbackorder","11":"taxable","12":"shipping-taxable","13":"purchasable","14":"product-type-simple"},"booking_location":null,"booking_location_type":null,"booking_duration":null,"booking_duration_unit":null,"booking_buffer":null,"booking_cost":null,"booking_resources":null,"_links":{"self":[{"href":"https:\/\/scubapanama.com\/es\/wp-json\/wp\/v2\/product\/20555","targetHints":{"allow":["GET"]}}],"collection":[{"href":"https:\/\/scubapanama.com\/es\/wp-json\/wp\/v2\/product"}],"about":[{"href":"https:\/\/scubapanama.com\/es\/wp-json\/wp\/v2\/types\/product"}],"replies":[{"embeddable":true,"href":"https:\/\/scubapanama.com\/es\/wp-json\/wp\/v2\/comments?post=20555"}],"version-history":[{"count":2,"href":"https:\/\/scubapanama.com\/es\/wp-json\/wp\/v2\/product\/20555\/revisions"}],"predecessor-version":[{"id":25103,"href":"https:\/\/scubapanama.com\/es\/wp-json\/wp\/v2\/product\/20555\/revisions\/25103"}],"wp:featuredmedia":[{"embeddable":true,"href":"https:\/\/scubapanama.com\/es\/wp-json\/wp\/v2\/media\/23749"}],"wp:attachment":[{"href":"https:\/\/scubapanama.com\/es\/wp-json\/wp\/v2\/media?parent=20555"}],"wp:term":[{"taxonomy":"product_brand","embeddable":true,"href":"https:\/\/scubapanama.com\/es\/wp-json\/wp\/v2\/product_brand?post=20555"},{"taxonomy":"product_cat","embeddable":true,"href":"https:\/\/scubapanama.com\/es\/wp-json\/wp\/v2\/product_cat?post=20555"},{"taxonomy":"product_tag","embeddable":true,"href":"https:\/\/scubapanama.com\/es\/wp-json\/wp\/v2\/product_tag?post=20555"}],"curies":[{"name":"wp","href":"https:\/\/api.w.org\/{rel}","templated":true}]}}