{"id":20549,"date":"2025-01-23T01:50:42","date_gmt":"2025-01-23T06:50:42","guid":{"rendered":"https:\/\/scubapanama.com\/product\/ist-wsr10-xl-traje-de-neopreno-3mm-shorty-x-grande\/"},"modified":"2025-05-05T15:52:59","modified_gmt":"2025-05-05T20:52:59","slug":"ist-wsr10-xl-traje-de-neopreno-3mm-shorty-x-grande","status":"publish","type":"product","link":"https:\/\/scubapanama.com\/es\/product\/ist-wsr10-xl-traje-de-neopreno-3mm-shorty-x-grande\/","title":{"rendered":"IST TRAJE DE NEOPRENO 3MM SHORTY X-GRANDE (WSR10-XL)"},"content":{"rendered":"<ul>\n<li>Pantal\u00f3n corto con cremallera frontal de neopreno de nailon II de 3 mm Paneles en las axilas s\u00faper el\u00e1sticos para un movimiento sin restricciones<\/li>\n<li><strong>Fabricado con tejido antibacteriano PURiGUARD.<\/strong><\/li>\n<li>Cremallera YKK n.\u00b0 10 resistente y anticorrosiva en la parte delantera para ponerla y quitarla con m\u00e1xima facilidad.<\/li>\n<li>Tejido Rotex resistente en las caderas y puntos de tracci\u00f3n en los hombros para mayor durabilidad.<\/li>\n<li>Tallas claramente impresas en el pu\u00f1o de la pierna para facilitar su clasificaci\u00f3n en la tienda.<\/li>\n<\/ul>\n","protected":false},"excerpt":{"rendered":"<p>Pantal\u00f3n corto con cremallera frontal de neopreno de nailon II de 3 mm Paneles en las axilas s\u00faper el\u00e1sticos para un movimiento sin restricciones.<\/p>\n","protected":false},"featured_media":23709,"comment_status":"open","ping_status":"closed","template":"","meta":{"iawp_total_views":1,"_joinchat":[]},"product_brand":[],"product_cat":[111],"product_tag":[218],"class_list":{"0":"post-20549","1":"product","2":"type-product","3":"status-publish","4":"has-post-thumbnail","6":"product_cat-tienda-online","7":"product_tag-ist-es","9":"first","10":"onbackorder","11":"taxable","12":"shipping-taxable","13":"purchasable","14":"product-type-simple"},"booking_location":null,"booking_location_type":null,"booking_duration":null,"booking_duration_unit":null,"booking_buffer":null,"booking_cost":null,"booking_resources":null,"_links":{"self":[{"href":"https:\/\/scubapanama.com\/es\/wp-json\/wp\/v2\/product\/20549","targetHints":{"allow":["GET"]}}],"collection":[{"href":"https:\/\/scubapanama.com\/es\/wp-json\/wp\/v2\/product"}],"about":[{"href":"https:\/\/scubapanama.com\/es\/wp-json\/wp\/v2\/types\/product"}],"replies":[{"embeddable":true,"href":"https:\/\/scubapanama.com\/es\/wp-json\/wp\/v2\/comments?post=20549"}],"version-history":[{"count":1,"href":"https:\/\/scubapanama.com\/es\/wp-json\/wp\/v2\/product\/20549\/revisions"}],"predecessor-version":[{"id":25088,"href":"https:\/\/scubapanama.com\/es\/wp-json\/wp\/v2\/product\/20549\/revisions\/25088"}],"wp:featuredmedia":[{"embeddable":true,"href":"https:\/\/scubapanama.com\/es\/wp-json\/wp\/v2\/media\/23709"}],"wp:attachment":[{"href":"https:\/\/scubapanama.com\/es\/wp-json\/wp\/v2\/media?parent=20549"}],"wp:term":[{"taxonomy":"product_brand","embeddable":true,"href":"https:\/\/scubapanama.com\/es\/wp-json\/wp\/v2\/product_brand?post=20549"},{"taxonomy":"product_cat","embeddable":true,"href":"https:\/\/scubapanama.com\/es\/wp-json\/wp\/v2\/product_cat?post=20549"},{"taxonomy":"product_tag","embeddable":true,"href":"https:\/\/scubapanama.com\/es\/wp-json\/wp\/v2\/product_tag?post=20549"}],"curies":[{"name":"wp","href":"https:\/\/api.w.org\/{rel}","templated":true}]}}