{"id":20548,"date":"2025-01-23T01:50:42","date_gmt":"2025-01-23T06:50:42","guid":{"rendered":"https:\/\/scubapanama.com\/product\/ist-wsk80b-s-mono-jr-s\/"},"modified":"2025-05-09T09:43:44","modified_gmt":"2025-05-09T14:43:44","slug":"ist-wsk80b-s-mono-jr-s","status":"publish","type":"product","link":"https:\/\/scubapanama.com\/es\/product\/ist-wsk80b-s-mono-jr-s\/","title":{"rendered":"IST MONO JR S (WSK80B-S)"},"content":{"rendered":"<ul>\n<li><span style=\"vertical-align: inherit;\"><span style=\"vertical-align: inherit;\">Neopreno de nailon II de 3 mm con paneles s\u00faper el\u00e1sticos en axilas, entrepierna y parte posterior de la rodilla para m\u00e1xima elasticidad y flexibilidad.<\/span><\/span><\/li>\n<li><strong><span style=\"vertical-align: inherit;\"><span style=\"vertical-align: inherit;\">Fabricado con tejido antibacteriano PURiGUARD.<\/span><\/span><\/strong><\/li>\n<li><span style=\"vertical-align: inherit;\"><span style=\"vertical-align: inherit;\">Construcci\u00f3n de m\u00faltiples paneles para un ajuste ce\u00f1ido, costuras planas en toda la prenda para reducir la irritaci\u00f3n de las costuras.<\/span><\/span><\/li>\n<li><span style=\"vertical-align: inherit;\"><span style=\"vertical-align: inherit;\">Cremallera en el pecho delantero, adem\u00e1s de cremalleras en las mu\u00f1ecas y los tobillos para evitar el enrojecimiento.<\/span><\/span><\/li>\n<li><span style=\"vertical-align: inherit;\"><span style=\"vertical-align: inherit;\">Las rodilleras evitan rozaduras y desgarros.<\/span><\/span><\/li>\n<li><span style=\"vertical-align: inherit;\"><span style=\"vertical-align: inherit;\">Cremallera frontal para pon\u00e9rselo y quit\u00e1rselo f\u00e1cilmente.<\/span><\/span><\/li>\n<\/ul>\n","protected":false},"excerpt":{"rendered":"<p><span style=\"vertical-align: inherit;\"><span style=\"vertical-align: inherit;\">Neopreno de nailon II de 3 mm con paneles s\u00faper el\u00e1sticos en axilas, entrepierna y parte posterior de la rodilla para m\u00e1xima elasticidad y flexibilidad.<\/span><\/span><\/p>\n","protected":false},"featured_media":23770,"comment_status":"open","ping_status":"closed","template":"","meta":{"iawp_total_views":3,"_joinchat":[]},"product_brand":[],"product_cat":[111],"product_tag":[218],"class_list":{"0":"post-20548","1":"product","2":"type-product","3":"status-publish","4":"has-post-thumbnail","6":"product_cat-tienda-online","7":"product_tag-ist-es","9":"first","10":"onbackorder","11":"taxable","12":"shipping-taxable","13":"purchasable","14":"product-type-simple"},"booking_location":null,"booking_location_type":null,"booking_duration":null,"booking_duration_unit":null,"booking_buffer":null,"booking_cost":null,"booking_resources":null,"_links":{"self":[{"href":"https:\/\/scubapanama.com\/es\/wp-json\/wp\/v2\/product\/20548","targetHints":{"allow":["GET"]}}],"collection":[{"href":"https:\/\/scubapanama.com\/es\/wp-json\/wp\/v2\/product"}],"about":[{"href":"https:\/\/scubapanama.com\/es\/wp-json\/wp\/v2\/types\/product"}],"replies":[{"embeddable":true,"href":"https:\/\/scubapanama.com\/es\/wp-json\/wp\/v2\/comments?post=20548"}],"version-history":[{"count":2,"href":"https:\/\/scubapanama.com\/es\/wp-json\/wp\/v2\/product\/20548\/revisions"}],"predecessor-version":[{"id":25987,"href":"https:\/\/scubapanama.com\/es\/wp-json\/wp\/v2\/product\/20548\/revisions\/25987"}],"wp:featuredmedia":[{"embeddable":true,"href":"https:\/\/scubapanama.com\/es\/wp-json\/wp\/v2\/media\/23770"}],"wp:attachment":[{"href":"https:\/\/scubapanama.com\/es\/wp-json\/wp\/v2\/media?parent=20548"}],"wp:term":[{"taxonomy":"product_brand","embeddable":true,"href":"https:\/\/scubapanama.com\/es\/wp-json\/wp\/v2\/product_brand?post=20548"},{"taxonomy":"product_cat","embeddable":true,"href":"https:\/\/scubapanama.com\/es\/wp-json\/wp\/v2\/product_cat?post=20548"},{"taxonomy":"product_tag","embeddable":true,"href":"https:\/\/scubapanama.com\/es\/wp-json\/wp\/v2\/product_tag?post=20548"}],"curies":[{"name":"wp","href":"https:\/\/api.w.org\/{rel}","templated":true}]}}