{"id":20546,"date":"2025-01-23T01:50:43","date_gmt":"2025-01-23T06:50:43","guid":{"rendered":"https:\/\/scubapanama.com\/product\/ist-wst-005-b-m-ist-traje-de-neopreno-de-salto-de-05-mm-para-hombre-mediano\/"},"modified":"2025-05-05T15:43:50","modified_gmt":"2025-05-05T20:43:50","slug":"ist-wst-005-b-m-ist-traje-de-neopreno-de-salto-de-05-mm-para-hombre-mediano","status":"publish","type":"product","link":"https:\/\/scubapanama.com\/es\/product\/ist-wst-005-b-m-ist-traje-de-neopreno-de-salto-de-05-mm-para-hombre-mediano\/","title":{"rendered":"IST TRAJE DE NEOPRENO DE SALTO DE 0,5 MM PARA HOMBRE MEDIANO (WST-005\/B-M)"},"content":{"rendered":"<ul>\n<li><span>Monos exclusivos de IST, confeccionados en neopreno de alta calidad con opciones de grosor de 1,5 mm, 3 mm, 5 mm y 7 mm.<\/span><\/li>\n<li><span>Trajes de 1,5 mm y 3 mm: costura plana \/ Trajes de 5 mm y 7 mm: costura doble ciega.<\/span><\/li>\n<li><span>La t\u00e9cnica de impresi\u00f3n especial en los hombros y el pecho ofrece mayor durabilidad en \u00e1reas propensas a un alto desgaste al bucear con BCD.<\/span><\/li>\n<li><span>Cremallera YKK #5 en mu\u00f1ecas y tobillos.<\/span><\/li>\n<li><span>Trajes de 3 mm, 5 mm y 7 mm: material s\u00faper el\u00e1stico en las axilas y la espalda baja para maximizar el rango de movimiento.<\/span><\/li>\n<li><span>Traje de 7 mm: Tecnolog\u00eda semiseca en mu\u00f1ecas y tobillos.<\/span><\/li>\n<li><span>Tejido Puriguard.<\/span><\/li>\n<\/ul>\n","protected":false},"excerpt":{"rendered":"<p><span>Monos exclusivos de IST, confeccionados en neopreno de alta calidad con opciones de grosor de 1,5 mm, 3 mm, 5 mm y 7 mm.<\/span><\/p>\n","protected":false},"featured_media":23713,"comment_status":"open","ping_status":"closed","template":"","meta":{"iawp_total_views":11,"_joinchat":[]},"product_brand":[],"product_cat":[111],"product_tag":[218],"class_list":{"0":"post-20546","1":"product","2":"type-product","3":"status-publish","4":"has-post-thumbnail","6":"product_cat-tienda-online","7":"product_tag-ist-es","9":"first","10":"onbackorder","11":"taxable","12":"shipping-taxable","13":"purchasable","14":"product-type-simple"},"booking_location":null,"booking_location_type":null,"booking_duration":null,"booking_duration_unit":null,"booking_buffer":null,"booking_cost":null,"booking_resources":null,"_links":{"self":[{"href":"https:\/\/scubapanama.com\/es\/wp-json\/wp\/v2\/product\/20546","targetHints":{"allow":["GET"]}}],"collection":[{"href":"https:\/\/scubapanama.com\/es\/wp-json\/wp\/v2\/product"}],"about":[{"href":"https:\/\/scubapanama.com\/es\/wp-json\/wp\/v2\/types\/product"}],"replies":[{"embeddable":true,"href":"https:\/\/scubapanama.com\/es\/wp-json\/wp\/v2\/comments?post=20546"}],"version-history":[{"count":1,"href":"https:\/\/scubapanama.com\/es\/wp-json\/wp\/v2\/product\/20546\/revisions"}],"predecessor-version":[{"id":25082,"href":"https:\/\/scubapanama.com\/es\/wp-json\/wp\/v2\/product\/20546\/revisions\/25082"}],"wp:featuredmedia":[{"embeddable":true,"href":"https:\/\/scubapanama.com\/es\/wp-json\/wp\/v2\/media\/23713"}],"wp:attachment":[{"href":"https:\/\/scubapanama.com\/es\/wp-json\/wp\/v2\/media?parent=20546"}],"wp:term":[{"taxonomy":"product_brand","embeddable":true,"href":"https:\/\/scubapanama.com\/es\/wp-json\/wp\/v2\/product_brand?post=20546"},{"taxonomy":"product_cat","embeddable":true,"href":"https:\/\/scubapanama.com\/es\/wp-json\/wp\/v2\/product_cat?post=20546"},{"taxonomy":"product_tag","embeddable":true,"href":"https:\/\/scubapanama.com\/es\/wp-json\/wp\/v2\/product_tag?post=20546"}],"curies":[{"name":"wp","href":"https:\/\/api.w.org\/{rel}","templated":true}]}}